{"id":1938,"date":"2020-11-18T20:15:32","date_gmt":"2020-11-18T20:15:32","guid":{"rendered":"http:\/\/kristinka-blazeka-blog.from.hr\/?page_id=1938"},"modified":"2025-09-10T13:44:20","modified_gmt":"2025-09-10T13:44:20","slug":"4d-seminarski-radovi","status":"publish","type":"page","link":"http:\/\/kristinka-blazeka-blog.from.hr\/?page_id=1938","title":{"rendered":"4D 4E seminarski radovi"},"content":{"rendered":"<h2>Uvod u ra\u010dunalne mre\u017ee (4D 4E)<\/h2>\n<blockquote><p><strong>Obja\u0161njenje<\/strong>:&nbsp;<\/p>\n<p>Potrebno je izraditi <strong>sklop<\/strong>, <strong>web stranicu<\/strong> (mora sadr\u017eavati objavu, esej, video, strip) ili <strong>aplikaciju<\/strong>. Tekstualni ili multimedijski radovi se objavljuju na mre\u017enom sjedi\u0161tu u\u010denika (otvaranje besplatnog i funkcionalnog web sjedi\u0161ta mogu\u0107e je na <strong><a href=\"http:\/\/from.hr\/usluga-3u1\/\" target=\"_blank\" rel=\"noopener\">from.hr<\/a><\/strong> ili se alternativno mogu koristiti servisi poput <strong>wixsite<\/strong>, <strong>wordpress<\/strong>, <strong>google sites<\/strong> i sl.). U slu\u010daju softverskog ili prakti\u010dnog rada, demonstrira se i prezentira u\u017eivo, a osnovne upute i dokumentacija se objavljuju na mre\u017enom sjedi\u0161tu.<\/p>\n<p>Sadr\u017eaje treba raditi isklju\u010divo na hrvatskom jeziku i pismu (u slu\u010daju nepostojanja ili nepoznavanja odgovaraju\u0107eg prijevoda stru\u010dni izrazi mogu ostati u izvorniku), a potrebno je i obavezno <strong>na kraju rada navesti i poveznice na sve bitne izvore pomo\u0107i i\/ili informacija<\/strong>.<\/p>\n<p>Tekst treba sadr\u017eavati naslov, kratak uvod i <strong>sadr\u017eaj<\/strong> rada. Tekst treba sadr\u017eavati <strong>najmanje tri poveznice sa odabranih pojmova na relevantne stranice<\/strong>, a mo\u017ee sadr\u017eavati i slike i druge multimedijske elemente.&nbsp;<\/p>\n<p>Potrebno je izraditi <strong>najmanje jedan rad, a mo\u017ee ih biti ocijenjeno najvi\u0161e \u010detiri (4) <\/strong>&nbsp;tijekom godine. Izra\u0111eni zadatak koji je <strong>originalno autorsko djelo<\/strong> mo\u017ee biti ocijenjen ocjenama dobar, vrlo dobar ili odli\u010dan prema kriterijima vezanim uz cjelovitost, kvalitetu, upotrebljivost i originalnost. Du\u017eina teksta treba biti oko <strong>500 rije\u010di<\/strong>. Mogu\u0107e je predlagati i <strong>vlastite teme<\/strong>, te ukoliko odgovaraju nastavnim sadr\u017eajima bit \u0107e evaluirane kao i ovdje navedene.<\/p>\n<p>&nbsp;<\/p>\n<h3>Prijedlozi zadataka &#8211; tema:<\/h3>\n<pre><a href=\"http:\/\/kristinka-blazeka-blog.from.hr\/?page_id=785\" target=\"_blank\" rel=\"noopener\">teme_1<\/a>\r\n\r\n<a href=\"http:\/\/kristinka-blazeka-blog.from.hr\/?page_id=763\" target=\"_blank\" rel=\"noopener\">teme_2<\/a><\/pre>\n<\/blockquote>\n","protected":false},"excerpt":{"rendered":"<p>Uvod u ra\u010dunalne mre\u017ee (4D 4E) Obja\u0161njenje:&nbsp; Potrebno je izraditi sklop, web stranicu (mora sadr\u017eavati objavu, esej, video, strip) ili aplikaciju. Tekstualni ili multimedijski radovi se objavljuju na mre\u017enom sjedi\u0161tu u\u010denika (otvaranje besplatnog i funkcionalnog web sjedi\u0161ta mogu\u0107e je na from.hr ili se alternativno mogu koristiti servisi poput wixsite, wordpress, google sites i sl.). U &hellip; <a href=\"http:\/\/kristinka-blazeka-blog.from.hr\/?page_id=1938\" class=\"more-link\">Nastavi \u010ditati <span class=\"screen-reader-text\">4D 4E seminarski radovi<\/span> <span class=\"meta-nav\">&rarr;<\/span><\/a><\/p>\n","protected":false},"author":1263,"featured_media":0,"parent":0,"menu_order":0,"comment_status":"closed","ping_status":"closed","template":"","meta":{"ngg_post_thumbnail":0},"yoast_head":"<!-- This site is optimized with the Yoast SEO plugin v17.5 - https:\/\/yoast.com\/wordpress\/plugins\/seo\/ -->\n<meta name=\"robots\" content=\"index, follow, max-snippet:-1, max-image-preview:large, max-video-preview:-1\" \/>\n<link rel=\"canonical\" href=\"http:\/\/kristinka-blazeka-blog.from.hr\/?page_id=1938\" \/>\n<meta property=\"og:locale\" content=\"hr_HR\" \/>\n<meta property=\"og:type\" content=\"article\" \/>\n<meta property=\"og:title\" content=\"4D 4E seminarski radovi - learning creative&amp;openminded\" \/>\n<meta property=\"og:description\" content=\"Uvod u ra\u010dunalne mre\u017ee (4D 4E) Obja\u0161njenje:&nbsp; Potrebno je izraditi sklop, web stranicu (mora sadr\u017eavati objavu, esej, video, strip) ili aplikaciju. Tekstualni ili multimedijski radovi se objavljuju na mre\u017enom sjedi\u0161tu u\u010denika (otvaranje besplatnog i funkcionalnog web sjedi\u0161ta mogu\u0107e je na from.hr ili se alternativno mogu koristiti servisi poput wixsite, wordpress, google sites i sl.). U &hellip; Nastavi \u010ditati 4D 4E seminarski radovi &rarr;\" \/>\n<meta property=\"og:url\" content=\"http:\/\/kristinka-blazeka-blog.from.hr\/?page_id=1938\" \/>\n<meta property=\"og:site_name\" content=\"learning creative&amp;openminded\" \/>\n<meta property=\"article:modified_time\" content=\"2025-09-10T13:44:20+00:00\" \/>\n<meta name=\"twitter:card\" content=\"summary\" \/>\n<meta name=\"twitter:label1\" content=\"Procijenjeno vrijeme \u010ditanja\" \/>\n\t<meta name=\"twitter:data1\" content=\"1 minuta\" \/>\n<script type=\"application\/ld+json\" class=\"yoast-schema-graph\">{\"@context\":\"https:\/\/schema.org\",\"@graph\":[{\"@type\":\"WebSite\",\"@id\":\"http:\/\/kristinka-blazeka-blog.from.hr\/#website\",\"url\":\"http:\/\/kristinka-blazeka-blog.from.hr\/\",\"name\":\"learning creative&amp;openminded\",\"description\":\"\\u201cFirst learn computer science and all the theory. Next develop a programming style. Then forget all that and just hack.\\u201d - George Carrette\",\"potentialAction\":[{\"@type\":\"SearchAction\",\"target\":{\"@type\":\"EntryPoint\",\"urlTemplate\":\"http:\/\/kristinka-blazeka-blog.from.hr\/?s={search_term_string}\"},\"query-input\":\"required name=search_term_string\"}],\"inLanguage\":\"hr\"},{\"@type\":\"WebPage\",\"@id\":\"http:\/\/kristinka-blazeka-blog.from.hr\/?page_id=1938#webpage\",\"url\":\"http:\/\/kristinka-blazeka-blog.from.hr\/?page_id=1938\",\"name\":\"4D 4E seminarski radovi - learning creative&amp;openminded\",\"isPartOf\":{\"@id\":\"http:\/\/kristinka-blazeka-blog.from.hr\/#website\"},\"datePublished\":\"2020-11-18T20:15:32+00:00\",\"dateModified\":\"2025-09-10T13:44:20+00:00\",\"breadcrumb\":{\"@id\":\"http:\/\/kristinka-blazeka-blog.from.hr\/?page_id=1938#breadcrumb\"},\"inLanguage\":\"hr\",\"potentialAction\":[{\"@type\":\"ReadAction\",\"target\":[\"http:\/\/kristinka-blazeka-blog.from.hr\/?page_id=1938\"]}]},{\"@type\":\"BreadcrumbList\",\"@id\":\"http:\/\/kristinka-blazeka-blog.from.hr\/?page_id=1938#breadcrumb\",\"itemListElement\":[{\"@type\":\"ListItem\",\"position\":1,\"name\":\"Home\",\"item\":\"http:\/\/kristinka-blazeka-blog.from.hr\/\"},{\"@type\":\"ListItem\",\"position\":2,\"name\":\"4D 4E seminarski radovi\"}]}]}<\/script>\n<!-- \/ Yoast SEO plugin. -->","yoast_head_json":{"robots":{"index":"index","follow":"follow","max-snippet":"max-snippet:-1","max-image-preview":"max-image-preview:large","max-video-preview":"max-video-preview:-1"},"canonical":"http:\/\/kristinka-blazeka-blog.from.hr\/?page_id=1938","og_locale":"hr_HR","og_type":"article","og_title":"4D 4E seminarski radovi - learning creative&amp;openminded","og_description":"Uvod u ra\u010dunalne mre\u017ee (4D 4E) Obja\u0161njenje:&nbsp; Potrebno je izraditi sklop, web stranicu (mora sadr\u017eavati objavu, esej, video, strip) ili aplikaciju. Tekstualni ili multimedijski radovi se objavljuju na mre\u017enom sjedi\u0161tu u\u010denika (otvaranje besplatnog i funkcionalnog web sjedi\u0161ta mogu\u0107e je na from.hr ili se alternativno mogu koristiti servisi poput wixsite, wordpress, google sites i sl.). U &hellip; Nastavi \u010ditati 4D 4E seminarski radovi &rarr;","og_url":"http:\/\/kristinka-blazeka-blog.from.hr\/?page_id=1938","og_site_name":"learning creative&amp;openminded","article_modified_time":"2025-09-10T13:44:20+00:00","twitter_card":"summary","twitter_misc":{"Procijenjeno vrijeme \u010ditanja":"1 minuta"},"schema":{"@context":"https:\/\/schema.org","@graph":[{"@type":"WebSite","@id":"http:\/\/kristinka-blazeka-blog.from.hr\/#website","url":"http:\/\/kristinka-blazeka-blog.from.hr\/","name":"learning creative&amp;openminded","description":"\u201cFirst learn computer science and all the theory. Next develop a programming style. Then forget all that and just hack.\u201d - George Carrette","potentialAction":[{"@type":"SearchAction","target":{"@type":"EntryPoint","urlTemplate":"http:\/\/kristinka-blazeka-blog.from.hr\/?s={search_term_string}"},"query-input":"required name=search_term_string"}],"inLanguage":"hr"},{"@type":"WebPage","@id":"http:\/\/kristinka-blazeka-blog.from.hr\/?page_id=1938#webpage","url":"http:\/\/kristinka-blazeka-blog.from.hr\/?page_id=1938","name":"4D 4E seminarski radovi - learning creative&amp;openminded","isPartOf":{"@id":"http:\/\/kristinka-blazeka-blog.from.hr\/#website"},"datePublished":"2020-11-18T20:15:32+00:00","dateModified":"2025-09-10T13:44:20+00:00","breadcrumb":{"@id":"http:\/\/kristinka-blazeka-blog.from.hr\/?page_id=1938#breadcrumb"},"inLanguage":"hr","potentialAction":[{"@type":"ReadAction","target":["http:\/\/kristinka-blazeka-blog.from.hr\/?page_id=1938"]}]},{"@type":"BreadcrumbList","@id":"http:\/\/kristinka-blazeka-blog.from.hr\/?page_id=1938#breadcrumb","itemListElement":[{"@type":"ListItem","position":1,"name":"Home","item":"http:\/\/kristinka-blazeka-blog.from.hr\/"},{"@type":"ListItem","position":2,"name":"4D 4E seminarski radovi"}]}]}},"_links":{"self":[{"href":"http:\/\/kristinka-blazeka-blog.from.hr\/index.php?rest_route=\/wp\/v2\/pages\/1938"}],"collection":[{"href":"http:\/\/kristinka-blazeka-blog.from.hr\/index.php?rest_route=\/wp\/v2\/pages"}],"about":[{"href":"http:\/\/kristinka-blazeka-blog.from.hr\/index.php?rest_route=\/wp\/v2\/types\/page"}],"author":[{"embeddable":true,"href":"http:\/\/kristinka-blazeka-blog.from.hr\/index.php?rest_route=\/wp\/v2\/users\/1263"}],"replies":[{"embeddable":true,"href":"http:\/\/kristinka-blazeka-blog.from.hr\/index.php?rest_route=%2Fwp%2Fv2%2Fcomments&post=1938"}],"version-history":[{"count":18,"href":"http:\/\/kristinka-blazeka-blog.from.hr\/index.php?rest_route=\/wp\/v2\/pages\/1938\/revisions"}],"predecessor-version":[{"id":4097,"href":"http:\/\/kristinka-blazeka-blog.from.hr\/index.php?rest_route=\/wp\/v2\/pages\/1938\/revisions\/4097"}],"wp:attachment":[{"href":"http:\/\/kristinka-blazeka-blog.from.hr\/index.php?rest_route=%2Fwp%2Fv2%2Fmedia&parent=1938"}],"curies":[{"name":"wp","href":"https:\/\/api.w.org\/{rel}","templated":true}]}}