{"id":2223,"date":"2021-01-16T18:40:10","date_gmt":"2021-01-16T18:40:10","guid":{"rendered":"http:\/\/kristinka-blazeka-blog.from.hr\/?page_id=2223"},"modified":"2025-09-04T17:18:09","modified_gmt":"2025-09-04T17:18:09","slug":"poveznice-za-vjezbe-web","status":"publish","type":"page","link":"http:\/\/kristinka-blazeka-blog.from.hr\/?page_id=2223","title":{"rendered":"Poveznice ostalo"},"content":{"rendered":"<p>Korisne poveznice<\/p>\n<p>MODULARNA NASTAVA, 4.9.<\/p>\n<p><a href=\"https:\/\/docs.google.com\/presentation\/d\/1W4GY0_yBr1v8D2YYzCHJGVXGRdtR22zpHDGT7KOEW-Q\/edit?usp=sharing\" target=\"_blank\" rel=\"noopener\">MONA<\/a> &#8211; prezentacija<\/p>\n<p>https:\/\/etherpad.wikimedia.org\/p\/radionica-2025-09-02, https:\/\/pad.riseup.net\/p\/radionica-test-2025<\/p>\n<p>Probe:<\/p>\n<p>copilot predla\u017ee&#8230;<\/p>\n<p>Marko planira put automobilom i \u017eeli unaprijed izra\u010dunati tro\u0161ak goriva.<\/p>\n<p>Napi\u0161ite program koji, na temelju:<\/p>\n<ul>\n<li>udaljenosti puta u kilometrima,<\/li>\n<\/ul>\n<ul>\n<li>prosje\u010dne potro\u0161nje automobila (u l\/100 km),<\/li>\n<\/ul>\n<ul>\n<li>cijene goriva po litri (u eurima),<\/li>\n<\/ul>\n<p>izra\u010dunava i ispisuje:<\/p>\n<ol>\n<li>ukupnu koli\u010dinu goriva potrebnu za put (u litrima),<\/li>\n<\/ol>\n<ol>\n<li>ukupan tro\u0161ak goriva (u eurima),<\/li>\n<\/ol>\n<ol>\n<li>cijenu po 100 km (u eurima) \u2013 informativno.<\/li>\n<\/ol>\n<p>&nbsp;<\/p>\n<p>&nbsp;<\/p>\n<p>Ivo treba pro\u010ditati knjigu od 327 stranica za lektiru, mo\u017ee pro\u010ditati 23 stranice po danu.&nbsp;<\/p>\n<p>Ivo \u017eeli izra\u010dunati koliko mu treba dana da pro\u010dita cijelu knjigu.<\/p>\n<p>&nbsp;<\/p>\n<p>molim problemski zadatak iz uvoda u ra\u010dunalne mre\u017ee, procijeni vrijeme rada u\u010denika i metode vrednovanja<\/p>\n<p>&nbsp;<\/p>\n<p>ChatGPT je rekao:<\/p>\n<p>Evo jedan problemski zadatak iz&nbsp;<strong>uvoda u ra\u010dunalne mre\u017ee<\/strong>, zajedno s procjenom vremena i prijedlogom metoda vrednovanja:<\/p>\n<p>Problemski zadatak<\/p>\n<p>Zami\u0161ljate da ste zadu\u017eeni za postavljanje&nbsp;<strong>mre\u017ee u informati\u010dkom kabinetu \u0161kole<\/strong>. Kabinet ima&nbsp;<strong>20 ra\u010dunala<\/strong>&nbsp;koja trebaju biti povezana u mre\u017eu i imati pristup internetu.<\/p>\n<p>U\u010denici trebaju:<\/p>\n<ol>\n<li>Odabrati&nbsp;<strong>topologiju mre\u017ee<\/strong>&nbsp;i obrazlo\u017eiti za\u0161to je odabrana.<\/li>\n<\/ol>\n<ol>\n<li>Nacrtati&nbsp;<strong>shemu povezivanja ra\u010dunala, switcha, rutera i interneta<\/strong>.<\/li>\n<\/ol>\n<ol>\n<li>Odrediti koja se&nbsp;<strong>IP adresa<\/strong>&nbsp;mo\u017ee dodijeliti svakom ra\u010dunalu (npr. u privatnom rasponu 192.168.x.x).<\/li>\n<\/ol>\n<ol>\n<li>Predlo\u017eiti barem&nbsp;<strong>dvije prednosti i dva nedostatka<\/strong>&nbsp;svog rje\u0161enja.<\/li>\n<\/ol>\n<ol>\n<li>Procjena vremena rada u\u010denika<\/li>\n<\/ol>\n<ul>\n<li><strong>Uvodno obja\u0161njenje i postavljanje zadatka<\/strong>: 5\u201310 minuta<\/li>\n<\/ul>\n<ul>\n<li><strong>Samostalan rad na rje\u0161enju<\/strong>&nbsp;(odabir topologije, IP adresiranje, prednosti\/nedostaci): 25\u201330 minuta<\/li>\n<\/ul>\n<ul>\n<li><strong>Prezentacija rje\u0161enja i rasprava u razredu<\/strong>: 10\u201315 minuta<\/li>\n<\/ul>\n<p>Ukupno:&nbsp;<strong>45\u201355 minuta<\/strong>&nbsp;(jedan \u0161kolski sat).<\/p>\n<p>Metode vrednovanja<\/p>\n<ul>\n<li><strong>Formativno vrednovanje<\/strong>:<\/li>\n<\/ul>\n<ul>\n<li>Tijekom rada nastavnik postavlja pitanja i daje smjernice.<\/li>\n<\/ul>\n<ul>\n<li>Pra\u0107enje suradnje i argumentiranja odluka u skupini.<\/li>\n<\/ul>\n<ul>\n<li><strong>Sumativno vrednovanje<\/strong>&nbsp;(po zavr\u0161etku zadatka):<\/li>\n<\/ul>\n<ul>\n<li>To\u010dnost sheme i logi\u010dnost odabrane topologije (0\u20135 bodova).<\/li>\n<\/ul>\n<ul>\n<li>Ispravnost i dosljednost IP adresiranja (0\u20135 bodova).<\/li>\n<\/ul>\n<ul>\n<li>Argumentirano navo\u0111enje prednosti i nedostataka (0\u20135 bodova).<\/li>\n<\/ul>\n<ul>\n<li>Jasno\u0107a i urednost prikaza (0\u20135 bodova).<\/li>\n<\/ul>\n<p>Ukupno:&nbsp;<strong>20 bodova<\/strong>, s mogu\u0107no\u0161\u0107u komentara nastavnika.<\/p>\n<p>\u017delite li da pripremim i&nbsp;<strong>rubriku za ocjenjivanje<\/strong>&nbsp;(tablicu kriterija po razinama uspje\u0161nosti)?<\/p>\n<p>&nbsp;<\/p>\n<p>WEB<\/p>\n<ul>\n<li><a href=\"https:\/\/www.educative.io\/blog\/beginner-guide-to-web-dev\" target=\"_blank\" rel=\"noopener\">Razvoj WEB-a za po\u010detnike<\/a><\/li>\n<li><a href=\"https:\/\/www.elegantthemes.com\/blog\/tips-tricks\/learn-web-development-online\" target=\"_blank\" rel=\"noopener\">Learn web development online<\/a><\/li>\n<li><a href=\"https:\/\/careerfoundry.com\/en\/blog\/ui-design\/what-is-ui-design-guide\/\" target=\"_blank\" rel=\"noopener\">UI dizajn<\/a><\/li>\n<li><a href=\"https:\/\/material.io\/design\/color\/the-color-system.html\" target=\"_blank\" rel=\"noopener\">Material Design<\/a><\/li>\n<li><a href=\"https:\/\/www.codecademy.com\/learn\/learn-html\" target=\"_blank\" rel=\"noopener\">HTML te\u010daj<\/a><\/li>\n<li><a href=\"https:\/\/www.youtube.com\/watch?v=dgKSqz3it50\">izrada portfolia<\/a><\/li>\n<\/ul>\n","protected":false},"excerpt":{"rendered":"<p>Korisne poveznice MODULARNA NASTAVA, 4.9. MONA &#8211; prezentacija https:\/\/etherpad.wikimedia.org\/p\/radionica-2025-09-02, https:\/\/pad.riseup.net\/p\/radionica-test-2025 Probe: copilot predla\u017ee&#8230; Marko planira put automobilom i \u017eeli unaprijed izra\u010dunati tro\u0161ak goriva. Napi\u0161ite program koji, na temelju: udaljenosti puta u kilometrima, prosje\u010dne potro\u0161nje automobila (u l\/100 km), cijene goriva po litri (u eurima), izra\u010dunava i ispisuje: ukupnu koli\u010dinu goriva potrebnu za put (u litrima), &hellip; <a href=\"http:\/\/kristinka-blazeka-blog.from.hr\/?page_id=2223\" class=\"more-link\">Nastavi \u010ditati <span class=\"screen-reader-text\">Poveznice ostalo<\/span> <span class=\"meta-nav\">&rarr;<\/span><\/a><\/p>\n","protected":false},"author":1263,"featured_media":0,"parent":0,"menu_order":0,"comment_status":"closed","ping_status":"closed","template":"","meta":{"ngg_post_thumbnail":0},"yoast_head":"<!-- This site is optimized with the Yoast SEO plugin v17.5 - https:\/\/yoast.com\/wordpress\/plugins\/seo\/ -->\n<meta name=\"robots\" content=\"index, follow, max-snippet:-1, max-image-preview:large, max-video-preview:-1\" \/>\n<link rel=\"canonical\" href=\"http:\/\/kristinka-blazeka-blog.from.hr\/?page_id=2223\" \/>\n<meta property=\"og:locale\" content=\"hr_HR\" \/>\n<meta property=\"og:type\" content=\"article\" \/>\n<meta property=\"og:title\" content=\"Poveznice ostalo - learning creative&amp;openminded\" \/>\n<meta property=\"og:description\" content=\"Korisne poveznice MODULARNA NASTAVA, 4.9. MONA &#8211; prezentacija https:\/\/etherpad.wikimedia.org\/p\/radionica-2025-09-02, https:\/\/pad.riseup.net\/p\/radionica-test-2025 Probe: copilot predla\u017ee&#8230; Marko planira put automobilom i \u017eeli unaprijed izra\u010dunati tro\u0161ak goriva. Napi\u0161ite program koji, na temelju: udaljenosti puta u kilometrima, prosje\u010dne potro\u0161nje automobila (u l\/100 km), cijene goriva po litri (u eurima), izra\u010dunava i ispisuje: ukupnu koli\u010dinu goriva potrebnu za put (u litrima), &hellip; Nastavi \u010ditati Poveznice ostalo &rarr;\" \/>\n<meta property=\"og:url\" content=\"http:\/\/kristinka-blazeka-blog.from.hr\/?page_id=2223\" \/>\n<meta property=\"og:site_name\" content=\"learning creative&amp;openminded\" \/>\n<meta property=\"article:modified_time\" content=\"2025-09-04T17:18:09+00:00\" \/>\n<meta name=\"twitter:card\" content=\"summary\" \/>\n<meta name=\"twitter:label1\" content=\"Procijenjeno vrijeme \u010ditanja\" \/>\n\t<meta name=\"twitter:data1\" content=\"1 minuta\" \/>\n<script type=\"application\/ld+json\" class=\"yoast-schema-graph\">{\"@context\":\"https:\/\/schema.org\",\"@graph\":[{\"@type\":\"WebSite\",\"@id\":\"http:\/\/kristinka-blazeka-blog.from.hr\/#website\",\"url\":\"http:\/\/kristinka-blazeka-blog.from.hr\/\",\"name\":\"learning creative&amp;openminded\",\"description\":\"\\u201cFirst learn computer science and all the theory. Next develop a programming style. Then forget all that and just hack.\\u201d - George Carrette\",\"potentialAction\":[{\"@type\":\"SearchAction\",\"target\":{\"@type\":\"EntryPoint\",\"urlTemplate\":\"http:\/\/kristinka-blazeka-blog.from.hr\/?s={search_term_string}\"},\"query-input\":\"required name=search_term_string\"}],\"inLanguage\":\"hr\"},{\"@type\":\"WebPage\",\"@id\":\"http:\/\/kristinka-blazeka-blog.from.hr\/?page_id=2223#webpage\",\"url\":\"http:\/\/kristinka-blazeka-blog.from.hr\/?page_id=2223\",\"name\":\"Poveznice ostalo - learning creative&amp;openminded\",\"isPartOf\":{\"@id\":\"http:\/\/kristinka-blazeka-blog.from.hr\/#website\"},\"datePublished\":\"2021-01-16T18:40:10+00:00\",\"dateModified\":\"2025-09-04T17:18:09+00:00\",\"breadcrumb\":{\"@id\":\"http:\/\/kristinka-blazeka-blog.from.hr\/?page_id=2223#breadcrumb\"},\"inLanguage\":\"hr\",\"potentialAction\":[{\"@type\":\"ReadAction\",\"target\":[\"http:\/\/kristinka-blazeka-blog.from.hr\/?page_id=2223\"]}]},{\"@type\":\"BreadcrumbList\",\"@id\":\"http:\/\/kristinka-blazeka-blog.from.hr\/?page_id=2223#breadcrumb\",\"itemListElement\":[{\"@type\":\"ListItem\",\"position\":1,\"name\":\"Home\",\"item\":\"http:\/\/kristinka-blazeka-blog.from.hr\/\"},{\"@type\":\"ListItem\",\"position\":2,\"name\":\"Poveznice ostalo\"}]}]}<\/script>\n<!-- \/ Yoast SEO plugin. -->","yoast_head_json":{"robots":{"index":"index","follow":"follow","max-snippet":"max-snippet:-1","max-image-preview":"max-image-preview:large","max-video-preview":"max-video-preview:-1"},"canonical":"http:\/\/kristinka-blazeka-blog.from.hr\/?page_id=2223","og_locale":"hr_HR","og_type":"article","og_title":"Poveznice ostalo - learning creative&amp;openminded","og_description":"Korisne poveznice MODULARNA NASTAVA, 4.9. MONA &#8211; prezentacija https:\/\/etherpad.wikimedia.org\/p\/radionica-2025-09-02, https:\/\/pad.riseup.net\/p\/radionica-test-2025 Probe: copilot predla\u017ee&#8230; Marko planira put automobilom i \u017eeli unaprijed izra\u010dunati tro\u0161ak goriva. Napi\u0161ite program koji, na temelju: udaljenosti puta u kilometrima, prosje\u010dne potro\u0161nje automobila (u l\/100 km), cijene goriva po litri (u eurima), izra\u010dunava i ispisuje: ukupnu koli\u010dinu goriva potrebnu za put (u litrima), &hellip; Nastavi \u010ditati Poveznice ostalo &rarr;","og_url":"http:\/\/kristinka-blazeka-blog.from.hr\/?page_id=2223","og_site_name":"learning creative&amp;openminded","article_modified_time":"2025-09-04T17:18:09+00:00","twitter_card":"summary","twitter_misc":{"Procijenjeno vrijeme \u010ditanja":"1 minuta"},"schema":{"@context":"https:\/\/schema.org","@graph":[{"@type":"WebSite","@id":"http:\/\/kristinka-blazeka-blog.from.hr\/#website","url":"http:\/\/kristinka-blazeka-blog.from.hr\/","name":"learning creative&amp;openminded","description":"\u201cFirst learn computer science and all the theory. Next develop a programming style. Then forget all that and just hack.\u201d - George Carrette","potentialAction":[{"@type":"SearchAction","target":{"@type":"EntryPoint","urlTemplate":"http:\/\/kristinka-blazeka-blog.from.hr\/?s={search_term_string}"},"query-input":"required name=search_term_string"}],"inLanguage":"hr"},{"@type":"WebPage","@id":"http:\/\/kristinka-blazeka-blog.from.hr\/?page_id=2223#webpage","url":"http:\/\/kristinka-blazeka-blog.from.hr\/?page_id=2223","name":"Poveznice ostalo - learning creative&amp;openminded","isPartOf":{"@id":"http:\/\/kristinka-blazeka-blog.from.hr\/#website"},"datePublished":"2021-01-16T18:40:10+00:00","dateModified":"2025-09-04T17:18:09+00:00","breadcrumb":{"@id":"http:\/\/kristinka-blazeka-blog.from.hr\/?page_id=2223#breadcrumb"},"inLanguage":"hr","potentialAction":[{"@type":"ReadAction","target":["http:\/\/kristinka-blazeka-blog.from.hr\/?page_id=2223"]}]},{"@type":"BreadcrumbList","@id":"http:\/\/kristinka-blazeka-blog.from.hr\/?page_id=2223#breadcrumb","itemListElement":[{"@type":"ListItem","position":1,"name":"Home","item":"http:\/\/kristinka-blazeka-blog.from.hr\/"},{"@type":"ListItem","position":2,"name":"Poveznice ostalo"}]}]}},"_links":{"self":[{"href":"http:\/\/kristinka-blazeka-blog.from.hr\/index.php?rest_route=\/wp\/v2\/pages\/2223"}],"collection":[{"href":"http:\/\/kristinka-blazeka-blog.from.hr\/index.php?rest_route=\/wp\/v2\/pages"}],"about":[{"href":"http:\/\/kristinka-blazeka-blog.from.hr\/index.php?rest_route=\/wp\/v2\/types\/page"}],"author":[{"embeddable":true,"href":"http:\/\/kristinka-blazeka-blog.from.hr\/index.php?rest_route=\/wp\/v2\/users\/1263"}],"replies":[{"embeddable":true,"href":"http:\/\/kristinka-blazeka-blog.from.hr\/index.php?rest_route=%2Fwp%2Fv2%2Fcomments&post=2223"}],"version-history":[{"count":14,"href":"http:\/\/kristinka-blazeka-blog.from.hr\/index.php?rest_route=\/wp\/v2\/pages\/2223\/revisions"}],"predecessor-version":[{"id":4089,"href":"http:\/\/kristinka-blazeka-blog.from.hr\/index.php?rest_route=\/wp\/v2\/pages\/2223\/revisions\/4089"}],"wp:attachment":[{"href":"http:\/\/kristinka-blazeka-blog.from.hr\/index.php?rest_route=%2Fwp%2Fv2%2Fmedia&parent=2223"}],"curies":[{"name":"wp","href":"https:\/\/api.w.org\/{rel}","templated":true}]}}