{"id":33,"date":"2014-04-12T20:17:27","date_gmt":"2014-04-12T20:17:27","guid":{"rendered":"http:\/\/from.hr\/kristinka-blazeka-blog\/?page_id=33"},"modified":"2025-09-28T08:28:36","modified_gmt":"2025-09-28T08:28:36","slug":"index","status":"publish","type":"page","link":"http:\/\/kristinka-blazeka-blog.from.hr\/","title":{"rendered":"My learning space"},"content":{"rendered":"<h4 style=\"background-color: #C8C998;font-family: 'Helvetica Neue', Arial, Helvetica, 'Nimbus Sans L', sans-serif\">WEB sjedi\u0161te s obrazovnim sadr\u017eajima<\/h4>\n<ul style=\"font-family: 'Helvetica Neue', Arial, Helvetica, 'Nimbus Sans L', sans-serif\">\n<li>sadr\u017eaji za u\u010denje (AiP, SJiWP, NOP, URM, RM, GR, Uvod u programiranje)<\/li>\n<li>zadaci za vje\u017ebu, pitanja za u\u010denje i ponavljanje, seminarski radovi, korisne poveznice<\/li>\n<li>poveznice na sjedi\u0161ta u\u010denika<\/li>\n<\/ul>\n","protected":false},"excerpt":{"rendered":"<p>WEB sjedi\u0161te s obrazovnim sadr\u017eajima sadr\u017eaji za u\u010denje (AiP, SJiWP, NOP, URM, RM, GR, Uvod u programiranje) zadaci za vje\u017ebu, pitanja za u\u010denje i ponavljanje, seminarski radovi, korisne poveznice poveznice na sjedi\u0161ta u\u010denika<\/p>\n","protected":false},"author":1263,"featured_media":0,"parent":0,"menu_order":0,"comment_status":"closed","ping_status":"closed","template":"","meta":{"ngg_post_thumbnail":0},"yoast_head":"<!-- This site is optimized with the Yoast SEO plugin v17.5 - https:\/\/yoast.com\/wordpress\/plugins\/seo\/ -->\n<meta name=\"robots\" content=\"index, follow, max-snippet:-1, max-image-preview:large, max-video-preview:-1\" \/>\n<link rel=\"canonical\" href=\"http:\/\/kristinka-blazeka-blog.from.hr\/\" \/>\n<meta property=\"og:locale\" content=\"hr_HR\" \/>\n<meta property=\"og:type\" content=\"article\" \/>\n<meta property=\"og:title\" content=\"My learning space - learning creative&amp;openminded\" \/>\n<meta property=\"og:description\" content=\"WEB sjedi\u0161te s obrazovnim sadr\u017eajima sadr\u017eaji za u\u010denje (AiP, SJiWP, NOP, URM, RM, GR, Uvod u programiranje) zadaci za vje\u017ebu, pitanja za u\u010denje i ponavljanje, seminarski radovi, korisne poveznice poveznice na sjedi\u0161ta u\u010denika\" \/>\n<meta property=\"og:url\" content=\"http:\/\/kristinka-blazeka-blog.from.hr\/\" \/>\n<meta property=\"og:site_name\" content=\"learning creative&amp;openminded\" \/>\n<meta property=\"article:modified_time\" content=\"2025-09-28T08:28:36+00:00\" \/>\n<meta name=\"twitter:card\" content=\"summary\" \/>\n<meta name=\"twitter:label1\" content=\"Procijenjeno vrijeme \u010ditanja\" \/>\n\t<meta name=\"twitter:data1\" content=\"1 minuta\" \/>\n<script type=\"application\/ld+json\" class=\"yoast-schema-graph\">{\"@context\":\"https:\/\/schema.org\",\"@graph\":[{\"@type\":\"WebSite\",\"@id\":\"http:\/\/kristinka-blazeka-blog.from.hr\/#website\",\"url\":\"http:\/\/kristinka-blazeka-blog.from.hr\/\",\"name\":\"learning creative&amp;openminded\",\"description\":\"\\u201cFirst learn computer science and all the theory. Next develop a programming style. Then forget all that and just hack.\\u201d - George Carrette\",\"potentialAction\":[{\"@type\":\"SearchAction\",\"target\":{\"@type\":\"EntryPoint\",\"urlTemplate\":\"http:\/\/kristinka-blazeka-blog.from.hr\/?s={search_term_string}\"},\"query-input\":\"required name=search_term_string\"}],\"inLanguage\":\"hr\"},{\"@type\":\"WebPage\",\"@id\":\"http:\/\/kristinka-blazeka-blog.from.hr\/#webpage\",\"url\":\"http:\/\/kristinka-blazeka-blog.from.hr\/\",\"name\":\"My learning space - learning creative&amp;openminded\",\"isPartOf\":{\"@id\":\"http:\/\/kristinka-blazeka-blog.from.hr\/#website\"},\"datePublished\":\"2014-04-12T20:17:27+00:00\",\"dateModified\":\"2025-09-28T08:28:36+00:00\",\"breadcrumb\":{\"@id\":\"http:\/\/kristinka-blazeka-blog.from.hr\/#breadcrumb\"},\"inLanguage\":\"hr\",\"potentialAction\":[{\"@type\":\"ReadAction\",\"target\":[\"http:\/\/kristinka-blazeka-blog.from.hr\/\"]}]},{\"@type\":\"BreadcrumbList\",\"@id\":\"http:\/\/kristinka-blazeka-blog.from.hr\/#breadcrumb\",\"itemListElement\":[{\"@type\":\"ListItem\",\"position\":1,\"name\":\"Home\",\"item\":\"http:\/\/kristinka-blazeka-blog.from.hr\/\"},{\"@type\":\"ListItem\",\"position\":2,\"name\":\"My learning space\"}]}]}<\/script>\n<!-- \/ Yoast SEO plugin. -->","yoast_head_json":{"robots":{"index":"index","follow":"follow","max-snippet":"max-snippet:-1","max-image-preview":"max-image-preview:large","max-video-preview":"max-video-preview:-1"},"canonical":"http:\/\/kristinka-blazeka-blog.from.hr\/","og_locale":"hr_HR","og_type":"article","og_title":"My learning space - learning creative&amp;openminded","og_description":"WEB sjedi\u0161te s obrazovnim sadr\u017eajima sadr\u017eaji za u\u010denje (AiP, SJiWP, NOP, URM, RM, GR, Uvod u programiranje) zadaci za vje\u017ebu, pitanja za u\u010denje i ponavljanje, seminarski radovi, korisne poveznice poveznice na sjedi\u0161ta u\u010denika","og_url":"http:\/\/kristinka-blazeka-blog.from.hr\/","og_site_name":"learning creative&amp;openminded","article_modified_time":"2025-09-28T08:28:36+00:00","twitter_card":"summary","twitter_misc":{"Procijenjeno vrijeme \u010ditanja":"1 minuta"},"schema":{"@context":"https:\/\/schema.org","@graph":[{"@type":"WebSite","@id":"http:\/\/kristinka-blazeka-blog.from.hr\/#website","url":"http:\/\/kristinka-blazeka-blog.from.hr\/","name":"learning creative&amp;openminded","description":"\u201cFirst learn computer science and all the theory. Next develop a programming style. Then forget all that and just hack.\u201d - George Carrette","potentialAction":[{"@type":"SearchAction","target":{"@type":"EntryPoint","urlTemplate":"http:\/\/kristinka-blazeka-blog.from.hr\/?s={search_term_string}"},"query-input":"required name=search_term_string"}],"inLanguage":"hr"},{"@type":"WebPage","@id":"http:\/\/kristinka-blazeka-blog.from.hr\/#webpage","url":"http:\/\/kristinka-blazeka-blog.from.hr\/","name":"My learning space - learning creative&amp;openminded","isPartOf":{"@id":"http:\/\/kristinka-blazeka-blog.from.hr\/#website"},"datePublished":"2014-04-12T20:17:27+00:00","dateModified":"2025-09-28T08:28:36+00:00","breadcrumb":{"@id":"http:\/\/kristinka-blazeka-blog.from.hr\/#breadcrumb"},"inLanguage":"hr","potentialAction":[{"@type":"ReadAction","target":["http:\/\/kristinka-blazeka-blog.from.hr\/"]}]},{"@type":"BreadcrumbList","@id":"http:\/\/kristinka-blazeka-blog.from.hr\/#breadcrumb","itemListElement":[{"@type":"ListItem","position":1,"name":"Home","item":"http:\/\/kristinka-blazeka-blog.from.hr\/"},{"@type":"ListItem","position":2,"name":"My learning space"}]}]}},"_links":{"self":[{"href":"http:\/\/kristinka-blazeka-blog.from.hr\/index.php?rest_route=\/wp\/v2\/pages\/33"}],"collection":[{"href":"http:\/\/kristinka-blazeka-blog.from.hr\/index.php?rest_route=\/wp\/v2\/pages"}],"about":[{"href":"http:\/\/kristinka-blazeka-blog.from.hr\/index.php?rest_route=\/wp\/v2\/types\/page"}],"author":[{"embeddable":true,"href":"http:\/\/kristinka-blazeka-blog.from.hr\/index.php?rest_route=\/wp\/v2\/users\/1263"}],"replies":[{"embeddable":true,"href":"http:\/\/kristinka-blazeka-blog.from.hr\/index.php?rest_route=%2Fwp%2Fv2%2Fcomments&post=33"}],"version-history":[{"count":49,"href":"http:\/\/kristinka-blazeka-blog.from.hr\/index.php?rest_route=\/wp\/v2\/pages\/33\/revisions"}],"predecessor-version":[{"id":4282,"href":"http:\/\/kristinka-blazeka-blog.from.hr\/index.php?rest_route=\/wp\/v2\/pages\/33\/revisions\/4282"}],"wp:attachment":[{"href":"http:\/\/kristinka-blazeka-blog.from.hr\/index.php?rest_route=%2Fwp%2Fv2%2Fmedia&parent=33"}],"curies":[{"name":"wp","href":"https:\/\/api.w.org\/{rel}","templated":true}]}}