{"id":3690,"date":"2024-09-09T18:10:26","date_gmt":"2024-09-09T18:10:26","guid":{"rendered":"http:\/\/kristinka-blazeka-blog.from.hr\/?page_id=3690"},"modified":"2025-05-26T06:59:51","modified_gmt":"2025-05-26T06:59:51","slug":"aiplv","status":"publish","type":"page","link":"http:\/\/kristinka-blazeka-blog.from.hr\/?page_id=3690","title":{"rendered":"AiPLV"},"content":{"rendered":"<p><a href=\"http:\/\/kristinka-blazeka-blog.from.hr\/files\/2024\/09\/uvodnaprezentacija.pdf\">Uvodna prezentacija<\/a><\/p>\n<p><strong>Laboratorijske vje\u017ebe<\/strong><\/p>\n<p><a href=\"http:\/\/kristinka-blazeka-blog.from.hr\/files\/2024\/09\/aip_lv1.pdf\">lv1<\/a> Priprema za rad u laboratoriju<br \/>\n<a href=\"http:\/\/kristinka-blazeka-blog.from.hr\/files\/2024\/09\/aip_lv2.pdf\">lv2<\/a> Brojevni sustavi i pretvorbe<br \/>\n<a href=\"http:\/\/kristinka-blazeka-blog.from.hr\/files\/2024\/09\/aip_lv3-1.pdf\">lv3<\/a> Direktne pretvorbe i binarna aritmetika<br \/>\n<a href=\"http:\/\/kristinka-blazeka-blog.from.hr\/files\/2024\/10\/aip_lv4.pdf\">lv4<\/a> Prikaz podataka i zapis cijelih brojeva<br \/>\n<a href=\"http:\/\/kristinka-blazeka-blog.from.hr\/files\/2024\/10\/aip_lv5.pdf\">lv5<\/a> Zapis realnih brojeva i znakova u sklopovima ra\u010dunala<\/p>\n<p>LV6: Ponavljanje i ispitna vje\u017eba<\/p>\n<p><a href=\"http:\/\/kristinka-blazeka-blog.from.hr\/files\/2024\/10\/aip_lv7.pdf\">lv7<\/a>: Osnovni pojmovi i zapis algoritama<br \/>\n<a href=\"http:\/\/kristinka-blazeka-blog.from.hr\/files\/2024\/11\/aip_lv8.pdf\">lv8<\/a>: Naredba pridru\u017eivanja<br \/>\n<a href=\"http:\/\/kristinka-blazeka-blog.from.hr\/files\/2024\/11\/aip_lv9.pdf\">lv9<\/a>: Osnovne algoritamske strukture &#8211; linijska i razgranata struktura<br \/>\n<a href=\"http:\/\/kristinka-blazeka-blog.from.hr\/files\/2024\/11\/aip_lv10.pdf\">lv10<\/a>: Osnovne algoritamske strukture &#8211; cikli\u010dka struktura<br \/>\n<a href=\"http:\/\/kristinka-blazeka-blog.from.hr\/files\/2024\/12\/aip_lv11.pdf\">lv11<\/a>: Analiza algoritama, ponavljanje<\/p>\n<p><a href=\"http:\/\/kristinka-blazeka-blog.from.hr\/files\/2024\/12\/aip_lv12.pdf\">lv12<\/a>: Ispitna vje\u017eba i Uvod u programski jezik C i razvojno okru\u017eje<br \/>\n<a href=\"http:\/\/kristinka-blazeka-blog.from.hr\/files\/2024\/12\/aip_lv13.pdf\">lv13<\/a>: Op\u0107a pravila pisanja programa i osnovni tipovi podataka<\/p>\n<p>II. polugodi\u0161te<\/p>\n<p><a href=\"http:\/\/kristinka-blazeka-blog.from.hr\/files\/2025\/01\/aip_lv14.pdf\">lv14<\/a>: Funkcije za upis i ispis podataka<br \/>\n<a href=\"http:\/\/kristinka-blazeka-blog.from.hr\/files\/2025\/01\/aip_lv15.pdf\">lv15<\/a>: Izrazi i operatori<br \/>\n<a href=\"http:\/\/kristinka-blazeka-blog.from.hr\/files\/2025\/01\/aip_lv16.pdf\">lv16<\/a>: Konverzija tipova i matemati\u010dke funkcije<br \/>\n<a href=\"http:\/\/kristinka-blazeka-blog.from.hr\/files\/2025\/02\/aip_lv17.pdf\">lv17<\/a>: Linijska struktura programa<br \/>\n<a href=\"http:\/\/kristinka-blazeka-blog.from.hr\/files\/2025\/02\/aip_lv18.pdf\">lv18<\/a>: Grananje u programu<\/p>\n<p>LV19: Ponavljanje i ispitna vje\u017eba<\/p>\n<p><a href=\"http:\/\/kristinka-blazeka-blog.from.hr\/files\/2025\/03\/aip_lv20.pdf\">lv20<\/a>: Vi\u0161estruko grananje<br \/>\n<a href=\"http:\/\/kristinka-blazeka-blog.from.hr\/files\/2025\/03\/aip_lv21.pdf\">lv21<\/a>: Programska petlja for<br \/>\n<a href=\"http:\/\/kristinka-blazeka-blog.from.hr\/files\/2025\/03\/aip_lv22.pdf\">lv22<\/a>: Programska petlja while<br \/>\n<a href=\"http:\/\/kristinka-blazeka-blog.from.hr\/files\/2025\/03\/aip_lv23.pdf\">lv23<\/a>: Programska petlja do-while<br \/>\n<a href=\"http:\/\/kristinka-blazeka-blog.from.hr\/files\/2025\/04\/aip_lv24.pdf\">lv24<\/a>: Ugnije\u017e\u0111ene petlje<\/p>\n<p>LV25: Ponavljanje i ispitna vje\u017eba<\/p>\n<p><a href=\"http:\/\/kristinka-blazeka-blog.from.hr\/files\/2025\/04\/aip_lv26.pdf\">lv26<\/a>: Polja<br \/>\n<a href=\"http:\/\/kristinka-blazeka-blog.from.hr\/files\/2025\/04\/aip_lv27.pdf\">lv27<\/a>: Jednodimenzionalna polja, definicija i inicijalizacija<br \/>\n<a href=\"http:\/\/kristinka-blazeka-blog.from.hr\/files\/2025\/05\/aip_lv28.pdf\">lv28<\/a>: Jednodimenzionalna polja, u\u010ditavanje i ispis<br \/>\n<a href=\"http:\/\/kristinka-blazeka-blog.from.hr\/files\/2025\/05\/aip_lv29.pdf\">lv29<\/a>: Dvodimenzionalna polja, definicija i inicijalizacija<br \/>\n<a href=\"http:\/\/kristinka-blazeka-blog.from.hr\/files\/2025\/05\/aip_lv30.pdf\">lv30<\/a>: Dvodimenzionalna polja, u\u010ditavanje i ispis<br \/>\n<a href=\"http:\/\/kristinka-blazeka-blog.from.hr\/files\/2025\/05\/aip_lv31.pdf\">lv31<\/a>: Nizovi znakova, stringovi<\/p>\n<p>LV32: Ponavljanje i ispitna vje\u017eba<\/p>\n<p>LV33: Sa\u017eetak<\/p>\n<p><a href=\"https:\/\/www.ankitweblogic.com\/cpp\/index.php\" target=\"_blank\" rel=\"noopener\">Programiranje C++<\/a><\/p>\n","protected":false},"excerpt":{"rendered":"<p>Uvodna prezentacija Laboratorijske vje\u017ebe lv1 Priprema za rad u laboratoriju lv2 Brojevni sustavi i pretvorbe lv3 Direktne pretvorbe i binarna aritmetika lv4 Prikaz podataka i zapis cijelih brojeva lv5 Zapis realnih brojeva i znakova u sklopovima ra\u010dunala LV6: Ponavljanje i ispitna vje\u017eba lv7: Osnovni pojmovi i zapis algoritama lv8: Naredba pridru\u017eivanja lv9: Osnovne algoritamske strukture &hellip; <a href=\"http:\/\/kristinka-blazeka-blog.from.hr\/?page_id=3690\" class=\"more-link\">Nastavi \u010ditati <span class=\"screen-reader-text\">AiPLV<\/span> <span class=\"meta-nav\">&rarr;<\/span><\/a><\/p>\n","protected":false},"author":1263,"featured_media":0,"parent":0,"menu_order":0,"comment_status":"closed","ping_status":"closed","template":"","meta":{"ngg_post_thumbnail":0},"yoast_head":"<!-- This site is optimized with the Yoast SEO plugin v17.5 - https:\/\/yoast.com\/wordpress\/plugins\/seo\/ -->\n<meta name=\"robots\" content=\"index, follow, max-snippet:-1, max-image-preview:large, max-video-preview:-1\" \/>\n<link rel=\"canonical\" href=\"http:\/\/kristinka-blazeka-blog.from.hr\/?page_id=3690\" \/>\n<meta property=\"og:locale\" content=\"hr_HR\" \/>\n<meta property=\"og:type\" content=\"article\" \/>\n<meta property=\"og:title\" content=\"AiPLV - learning creative&amp;openminded\" \/>\n<meta property=\"og:description\" content=\"Uvodna prezentacija Laboratorijske vje\u017ebe lv1 Priprema za rad u laboratoriju lv2 Brojevni sustavi i pretvorbe lv3 Direktne pretvorbe i binarna aritmetika lv4 Prikaz podataka i zapis cijelih brojeva lv5 Zapis realnih brojeva i znakova u sklopovima ra\u010dunala LV6: Ponavljanje i ispitna vje\u017eba lv7: Osnovni pojmovi i zapis algoritama lv8: Naredba pridru\u017eivanja lv9: Osnovne algoritamske strukture &hellip; Nastavi \u010ditati AiPLV &rarr;\" \/>\n<meta property=\"og:url\" content=\"http:\/\/kristinka-blazeka-blog.from.hr\/?page_id=3690\" \/>\n<meta property=\"og:site_name\" content=\"learning creative&amp;openminded\" \/>\n<meta property=\"article:modified_time\" content=\"2025-05-26T06:59:51+00:00\" \/>\n<meta name=\"twitter:card\" content=\"summary\" \/>\n<meta name=\"twitter:label1\" content=\"Procijenjeno vrijeme \u010ditanja\" \/>\n\t<meta name=\"twitter:data1\" content=\"1 minuta\" \/>\n<script type=\"application\/ld+json\" class=\"yoast-schema-graph\">{\"@context\":\"https:\/\/schema.org\",\"@graph\":[{\"@type\":\"WebSite\",\"@id\":\"http:\/\/kristinka-blazeka-blog.from.hr\/#website\",\"url\":\"http:\/\/kristinka-blazeka-blog.from.hr\/\",\"name\":\"learning creative&amp;openminded\",\"description\":\"\\u201cFirst learn computer science and all the theory. Next develop a programming style. Then forget all that and just hack.\\u201d - George Carrette\",\"potentialAction\":[{\"@type\":\"SearchAction\",\"target\":{\"@type\":\"EntryPoint\",\"urlTemplate\":\"http:\/\/kristinka-blazeka-blog.from.hr\/?s={search_term_string}\"},\"query-input\":\"required name=search_term_string\"}],\"inLanguage\":\"hr\"},{\"@type\":\"WebPage\",\"@id\":\"http:\/\/kristinka-blazeka-blog.from.hr\/?page_id=3690#webpage\",\"url\":\"http:\/\/kristinka-blazeka-blog.from.hr\/?page_id=3690\",\"name\":\"AiPLV - learning creative&amp;openminded\",\"isPartOf\":{\"@id\":\"http:\/\/kristinka-blazeka-blog.from.hr\/#website\"},\"datePublished\":\"2024-09-09T18:10:26+00:00\",\"dateModified\":\"2025-05-26T06:59:51+00:00\",\"breadcrumb\":{\"@id\":\"http:\/\/kristinka-blazeka-blog.from.hr\/?page_id=3690#breadcrumb\"},\"inLanguage\":\"hr\",\"potentialAction\":[{\"@type\":\"ReadAction\",\"target\":[\"http:\/\/kristinka-blazeka-blog.from.hr\/?page_id=3690\"]}]},{\"@type\":\"BreadcrumbList\",\"@id\":\"http:\/\/kristinka-blazeka-blog.from.hr\/?page_id=3690#breadcrumb\",\"itemListElement\":[{\"@type\":\"ListItem\",\"position\":1,\"name\":\"Home\",\"item\":\"http:\/\/kristinka-blazeka-blog.from.hr\/\"},{\"@type\":\"ListItem\",\"position\":2,\"name\":\"AiPLV\"}]}]}<\/script>\n<!-- \/ Yoast SEO plugin. -->","yoast_head_json":{"robots":{"index":"index","follow":"follow","max-snippet":"max-snippet:-1","max-image-preview":"max-image-preview:large","max-video-preview":"max-video-preview:-1"},"canonical":"http:\/\/kristinka-blazeka-blog.from.hr\/?page_id=3690","og_locale":"hr_HR","og_type":"article","og_title":"AiPLV - learning creative&amp;openminded","og_description":"Uvodna prezentacija Laboratorijske vje\u017ebe lv1 Priprema za rad u laboratoriju lv2 Brojevni sustavi i pretvorbe lv3 Direktne pretvorbe i binarna aritmetika lv4 Prikaz podataka i zapis cijelih brojeva lv5 Zapis realnih brojeva i znakova u sklopovima ra\u010dunala LV6: Ponavljanje i ispitna vje\u017eba lv7: Osnovni pojmovi i zapis algoritama lv8: Naredba pridru\u017eivanja lv9: Osnovne algoritamske strukture &hellip; Nastavi \u010ditati AiPLV &rarr;","og_url":"http:\/\/kristinka-blazeka-blog.from.hr\/?page_id=3690","og_site_name":"learning creative&amp;openminded","article_modified_time":"2025-05-26T06:59:51+00:00","twitter_card":"summary","twitter_misc":{"Procijenjeno vrijeme \u010ditanja":"1 minuta"},"schema":{"@context":"https:\/\/schema.org","@graph":[{"@type":"WebSite","@id":"http:\/\/kristinka-blazeka-blog.from.hr\/#website","url":"http:\/\/kristinka-blazeka-blog.from.hr\/","name":"learning creative&amp;openminded","description":"\u201cFirst learn computer science and all the theory. Next develop a programming style. Then forget all that and just hack.\u201d - George Carrette","potentialAction":[{"@type":"SearchAction","target":{"@type":"EntryPoint","urlTemplate":"http:\/\/kristinka-blazeka-blog.from.hr\/?s={search_term_string}"},"query-input":"required name=search_term_string"}],"inLanguage":"hr"},{"@type":"WebPage","@id":"http:\/\/kristinka-blazeka-blog.from.hr\/?page_id=3690#webpage","url":"http:\/\/kristinka-blazeka-blog.from.hr\/?page_id=3690","name":"AiPLV - learning creative&amp;openminded","isPartOf":{"@id":"http:\/\/kristinka-blazeka-blog.from.hr\/#website"},"datePublished":"2024-09-09T18:10:26+00:00","dateModified":"2025-05-26T06:59:51+00:00","breadcrumb":{"@id":"http:\/\/kristinka-blazeka-blog.from.hr\/?page_id=3690#breadcrumb"},"inLanguage":"hr","potentialAction":[{"@type":"ReadAction","target":["http:\/\/kristinka-blazeka-blog.from.hr\/?page_id=3690"]}]},{"@type":"BreadcrumbList","@id":"http:\/\/kristinka-blazeka-blog.from.hr\/?page_id=3690#breadcrumb","itemListElement":[{"@type":"ListItem","position":1,"name":"Home","item":"http:\/\/kristinka-blazeka-blog.from.hr\/"},{"@type":"ListItem","position":2,"name":"AiPLV"}]}]}},"_links":{"self":[{"href":"http:\/\/kristinka-blazeka-blog.from.hr\/index.php?rest_route=\/wp\/v2\/pages\/3690"}],"collection":[{"href":"http:\/\/kristinka-blazeka-blog.from.hr\/index.php?rest_route=\/wp\/v2\/pages"}],"about":[{"href":"http:\/\/kristinka-blazeka-blog.from.hr\/index.php?rest_route=\/wp\/v2\/types\/page"}],"author":[{"embeddable":true,"href":"http:\/\/kristinka-blazeka-blog.from.hr\/index.php?rest_route=\/wp\/v2\/users\/1263"}],"replies":[{"embeddable":true,"href":"http:\/\/kristinka-blazeka-blog.from.hr\/index.php?rest_route=%2Fwp%2Fv2%2Fcomments&post=3690"}],"version-history":[{"count":34,"href":"http:\/\/kristinka-blazeka-blog.from.hr\/index.php?rest_route=\/wp\/v2\/pages\/3690\/revisions"}],"predecessor-version":[{"id":4065,"href":"http:\/\/kristinka-blazeka-blog.from.hr\/index.php?rest_route=\/wp\/v2\/pages\/3690\/revisions\/4065"}],"wp:attachment":[{"href":"http:\/\/kristinka-blazeka-blog.from.hr\/index.php?rest_route=%2Fwp%2Fv2%2Fmedia&parent=3690"}],"curies":[{"name":"wp","href":"https:\/\/api.w.org\/{rel}","templated":true}]}}