{"id":385,"date":"2018-10-06T16:02:47","date_gmt":"2018-10-06T16:02:47","guid":{"rendered":"http:\/\/kristinka-blazeka-blog.from.hr\/?page_id=385"},"modified":"2021-11-17T16:09:56","modified_gmt":"2021-11-17T16:09:56","slug":"sjwp-3-tasks","status":"publish","type":"page","link":"http:\/\/kristinka-blazeka-blog.from.hr\/?page_id=385","title":{"rendered":"SJWP 3 &#8211; zadaci"},"content":{"rendered":"<p style=\"font-family: verdana\"><strong>Upute<\/strong>: seminarski rad potrebno je napisati u obliku eseja (do 300 rije\u010di) ili vi\u0161e manjih objava. Rad mo\u017ee biti obrazovnog tipa, kao kratko obja\u0161njenje ili uputa&nbsp;za rje\u0161avanje specifi\u010dnog problema, prezentacija ideje, iskustva ili savjeta, sistematizacija neke srodne teme i sl. Rad mo\u017ee biti i pro\u0161irenje ili dorada zadataka koji su dani na vje\u017ebama. Elementi koji utje\u010du na vrednovanje su: originalnost, na\u010din prezentacije sadr\u017eaja, upotrebljivost sadr\u017eaja i poveznica, organiziranost web sjedi\u0161ta, upotreba boja i fontova i drugo. U svakom je polugodi\u0161tu potrebno obraditi najmanje jednu temu,&nbsp;a najvi\u0161e dvije u prvom i tri u drugom polugodi\u0161tu.&nbsp;<\/p>\n<h2 style=\"font-family: verdana\">&nbsp;<\/h2>\n<h2 style=\"font-family: verdana\">Primjeri zadataka i tema za seminarske radove:<\/h2>\n<p>I. polugodi\u0161te<\/p>\n<p><strong style=\"font-family: verdana\">1. Web preglednici i web pretra\u017eiva\u010di<\/strong><br \/>\n(pojam i svrha, razvoj i mogu\u0107nosti, primjeri i usporedbe, navesti poveznice na izvore informacija)<br \/>\n&#8211; pripremiti i urediti stranicu<br \/>\n<strong style=\"font-family: verdana\">2. Skriptni jezici na internetu <\/strong><br \/>\n(pojam i svrha, razvoj i mogu\u0107nosti, primjeri i usporedba karakteristika, prednosti i nedostaci, tabli\u010dno)<br \/>\n&#8211; pripremiti i urediti stranicu, pripaziti na relevantnost iznijetih informacija<br \/>\n<strong style=\"font-family: verdana\">3. Sustavi boja<\/strong><br \/>\n&#8211; napraviti post sa odabirom&nbsp;tri proizvoljna web sjedi\u0161ta,<br \/>\nnavesti kodove naj\u010de\u0161\u0107e kori\u0161tenih boja i prokomentirati za to sjedi\u0161te odabrane boje&nbsp;<br \/>\n<strong style=\"font-family: verdana\">4. Proces razvoja web sjedi\u0161ta<\/strong><br \/>\n(smjernice, koraci s obja\u0161njenjima, pomo\u0107ni alati, utjecaj preglednika)<br \/>\n<a href=\"https:\/\/www.idesignstudios.com\/web-design\/phases-web-design-development-process\/\">phases-web-design-development-process<br \/>\n<\/a><a href=\"https:\/\/xbsoftware.com\/blog\/website-development-process-full-guide\/\">website-development-process-full-guide<br \/>\n<\/a><a href=\"https:\/\/www.forbes.com\/sites\/ilyapozin\/2013\/06\/05\/4-steps-for-a-better-website-development-process\/#13751fed1332\">steps-for-a-better-website-development-process<br \/>\n<\/a><a href=\"http:\/\/ec.europa.eu\/ipg\/plan\/creation_site\/definition\/index_en.htm\">defining and measuring website<\/a><br \/>\n&#8211; pripremiti i urediti stranicu, navesti poveznice na izvore informacija<\/p>\n<p><strong style=\"font-family: verdana\">5.&nbsp;Alati koji nam poma\u017eu u procesu razvoja web sjedi\u0161ta<\/strong><\/p>\n<p>objasniti i opisati primjenu odabranog (ili odabranih) alata prilikom razvoja web sjedi\u0161ta (npr. alati za planiranje izgleda korisni\u010dkog su\u010delja, za crtanje i prikazivanje ideja i sl.)<\/p>\n<p><strong style=\"font-family: verdana\">6.&nbsp;HTML &#8211;&nbsp;odabrane teme, u\u010denje<\/strong><\/p>\n<p>&#8211; objasniti&nbsp;neku od odabranih tema vezano uz HTML kod (npr. quotations, iframes, computercode, symbols, emojis), opisati na\u010din ubacivanje u stranicu, opisati primjenu, mogu\u0107nosti i na\u010din kori\u0161tenja odgovaraju\u0107ih HTML elemenata i njihovih atributa<\/p>\n<p><strong style=\"font-family: verdana\">7.&nbsp;Validacija HTML koda<\/strong><\/p>\n<p>&#8211; objasniti potrebu, svrhu i neke na\u010dine validacije HTML koda, navesti primjere i razloge neuspje\u0161ne validacije<\/p>\n<p><strong style=\"font-family: verdana\">8.&nbsp;HTML i XHTML<\/strong><\/p>\n<p>&#8211; naglasiti i objasniti odabrane bitne razlike izme\u0111u HTML i XHTML sintakse, odnosno koda<\/p>\n<p>II. polugodi\u0161te<\/p>\n<p><strong style=\"font-family: verdana\">1.&nbsp;Web stranica o razvoju svemirskih istra\u017eivanja<\/strong><br \/>\n&#8211; napraviti web stranicu sa&nbsp;odabranim sadr\u017eajem vezanim uz svemirska<br \/>\nistra\u017eivanja, kombinirati tekst i slike, oblikovati liste i tablice, ubaciti poveznice<\/p>\n<p><strong style=\"font-family: verdana\">2.&nbsp;Web stranica Odabrani recepti<\/strong><br \/>\n&#8211; napraviti web stranicu sa&nbsp;odabranim receptima (3), u tablici kombinirati tekst i slike, oblikovati sadr\u017eaj, ubaciti poveznice<\/p>\n<p><strong style=\"font-family: verdana\">3.&nbsp;Web stranica Osobni timeline<\/strong><br \/>\n&#8211; napraviti web stranicu sa&nbsp;odabranim sadr\u017eajem vezanim uz&nbsp;zna\u010dajne trenutke<br \/>\niz djetinjstva, ubaciti slike i kratke opise<\/p>\n<p><strong style=\"font-family: verdana\">4.&nbsp;Web sjedi\u0161te za Preporuke proizvoda<\/strong><br \/>\n&#8211; napraviti web sjedi\u0161te sa bar dvije stranice sa opisima i usporednom tablicom<br \/>\nproizvoda prema izboru, oblikovati zaglavlja, podno\u017eje, poveznice, dodati&nbsp;nabrajanja, sav tekst treba biti oblikovan zajedni\u010dkim css-om<\/p>\n<p><strong style=\"font-family: verdana\">5.&nbsp;Web sjedi\u0161te namijenjeno odabranoj temi sa Wikipedije&nbsp;<\/strong><\/p>\n<ul>\n<li>napraviti web sjedi\u0161te sa osnovnom i bar dvije dodatne stranice&nbsp;<\/li>\n<li>sadr\u017eaj je odabrana tema sa Wikipedije<\/li>\n<li>layout treba oblikovati na uobi\u010dajen na\u010din (zaglavlje, sadr\u017eaj u stupcima, navigacijska traka, podno\u017eje&#8230;)<\/li>\n<li>naslovni dio &#8211; navigacijska traka,&nbsp; zaglavlje i podno\u017eje ponavlja se na svim stranicama<\/li>\n<li>css je u posebnoj datoteci i primjenjuje se na sve stranice<\/li>\n<li>podno\u017eje sadr\u017ei podatke o autoru<\/li>\n<li>dokument sadr\u017ei unutarnje i vanjske poveznice<\/li>\n<li>sadr\u017eaj uklju\u010duje i slike (kombinirane sa tekstom), odnosno galeriju slika<\/li>\n<li>oblikovanje dokumenta treba imati uskla\u0111en izgled, boje i tipografiju (fontove)<\/li>\n<li>tekst treba biti na hrvatskom jeziku<\/li>\n<li>tekst treba sadr\u017eavati i istaknute dijelove, te oblikovane odlomke sa obroj\u010davanjem<\/li>\n<li>po\u017eeljno je da sjedi\u0161te sadr\u017ei i formu za unos<\/li>\n<\/ul>\n","protected":false},"excerpt":{"rendered":"<p>Upute: seminarski rad potrebno je napisati u obliku eseja (do 300 rije\u010di) ili vi\u0161e manjih objava. Rad mo\u017ee biti obrazovnog tipa, kao kratko obja\u0161njenje ili uputa&nbsp;za rje\u0161avanje specifi\u010dnog problema, prezentacija ideje, iskustva ili savjeta, sistematizacija neke srodne teme i sl. Rad mo\u017ee biti i pro\u0161irenje ili dorada zadataka koji su dani na vje\u017ebama. Elementi koji &hellip; <a href=\"http:\/\/kristinka-blazeka-blog.from.hr\/?page_id=385\" class=\"more-link\">Nastavi \u010ditati <span class=\"screen-reader-text\">SJWP 3 &#8211; zadaci<\/span> <span class=\"meta-nav\">&rarr;<\/span><\/a><\/p>\n","protected":false},"author":1263,"featured_media":415,"parent":0,"menu_order":0,"comment_status":"closed","ping_status":"closed","template":"","meta":{"ngg_post_thumbnail":0},"yoast_head":"<!-- This site is optimized with the Yoast SEO plugin v17.5 - https:\/\/yoast.com\/wordpress\/plugins\/seo\/ -->\n<meta name=\"robots\" content=\"index, follow, max-snippet:-1, max-image-preview:large, max-video-preview:-1\" \/>\n<link rel=\"canonical\" href=\"http:\/\/kristinka-blazeka-blog.from.hr\/?page_id=385\" \/>\n<meta property=\"og:locale\" content=\"hr_HR\" \/>\n<meta property=\"og:type\" content=\"article\" \/>\n<meta property=\"og:title\" content=\"SJWP 3 - zadaci - learning creative&amp;openminded\" \/>\n<meta property=\"og:description\" content=\"Upute: seminarski rad potrebno je napisati u obliku eseja (do 300 rije\u010di) ili vi\u0161e manjih objava. Rad mo\u017ee biti obrazovnog tipa, kao kratko obja\u0161njenje ili uputa&nbsp;za rje\u0161avanje specifi\u010dnog problema, prezentacija ideje, iskustva ili savjeta, sistematizacija neke srodne teme i sl. Rad mo\u017ee biti i pro\u0161irenje ili dorada zadataka koji su dani na vje\u017ebama. Elementi koji &hellip; Nastavi \u010ditati SJWP 3 &#8211; zadaci &rarr;\" \/>\n<meta property=\"og:url\" content=\"http:\/\/kristinka-blazeka-blog.from.hr\/?page_id=385\" \/>\n<meta property=\"og:site_name\" content=\"learning creative&amp;openminded\" \/>\n<meta property=\"article:modified_time\" content=\"2021-11-17T16:09:56+00:00\" \/>\n<meta property=\"og:image\" content=\"http:\/\/from.hr\/kristinka-blazeka-blog\/files\/2018\/10\/artDSC_2213-e1538846385863.jpg\" \/>\n\t<meta property=\"og:image:width\" content=\"2227\" \/>\n\t<meta property=\"og:image:height\" content=\"512\" \/>\n<meta name=\"twitter:card\" content=\"summary\" \/>\n<meta name=\"twitter:label1\" content=\"Procijenjeno vrijeme \u010ditanja\" \/>\n\t<meta name=\"twitter:data1\" content=\"3 minute\" \/>\n<script type=\"application\/ld+json\" class=\"yoast-schema-graph\">{\"@context\":\"https:\/\/schema.org\",\"@graph\":[{\"@type\":\"WebSite\",\"@id\":\"http:\/\/kristinka-blazeka-blog.from.hr\/#website\",\"url\":\"http:\/\/kristinka-blazeka-blog.from.hr\/\",\"name\":\"learning creative&amp;openminded\",\"description\":\"\\u201cFirst learn computer science and all the theory. Next develop a programming style. Then forget all that and just hack.\\u201d - George Carrette\",\"potentialAction\":[{\"@type\":\"SearchAction\",\"target\":{\"@type\":\"EntryPoint\",\"urlTemplate\":\"http:\/\/kristinka-blazeka-blog.from.hr\/?s={search_term_string}\"},\"query-input\":\"required name=search_term_string\"}],\"inLanguage\":\"hr\"},{\"@type\":\"ImageObject\",\"@id\":\"http:\/\/kristinka-blazeka-blog.from.hr\/?page_id=385#primaryimage\",\"inLanguage\":\"hr\",\"url\":\"http:\/\/from.hr\/kristinka-blazeka-blog\/files\/2018\/10\/artDSC_2213-e1538846385863.jpg\",\"contentUrl\":\"http:\/\/from.hr\/kristinka-blazeka-blog\/files\/2018\/10\/artDSC_2213-e1538846385863.jpg\",\"width\":2227,\"height\":512},{\"@type\":\"WebPage\",\"@id\":\"http:\/\/kristinka-blazeka-blog.from.hr\/?page_id=385#webpage\",\"url\":\"http:\/\/kristinka-blazeka-blog.from.hr\/?page_id=385\",\"name\":\"SJWP 3 - zadaci - learning creative&amp;openminded\",\"isPartOf\":{\"@id\":\"http:\/\/kristinka-blazeka-blog.from.hr\/#website\"},\"primaryImageOfPage\":{\"@id\":\"http:\/\/kristinka-blazeka-blog.from.hr\/?page_id=385#primaryimage\"},\"datePublished\":\"2018-10-06T16:02:47+00:00\",\"dateModified\":\"2021-11-17T16:09:56+00:00\",\"breadcrumb\":{\"@id\":\"http:\/\/kristinka-blazeka-blog.from.hr\/?page_id=385#breadcrumb\"},\"inLanguage\":\"hr\",\"potentialAction\":[{\"@type\":\"ReadAction\",\"target\":[\"http:\/\/kristinka-blazeka-blog.from.hr\/?page_id=385\"]}]},{\"@type\":\"BreadcrumbList\",\"@id\":\"http:\/\/kristinka-blazeka-blog.from.hr\/?page_id=385#breadcrumb\",\"itemListElement\":[{\"@type\":\"ListItem\",\"position\":1,\"name\":\"Home\",\"item\":\"http:\/\/kristinka-blazeka-blog.from.hr\/\"},{\"@type\":\"ListItem\",\"position\":2,\"name\":\"SJWP 3 &#8211; zadaci\"}]}]}<\/script>\n<!-- \/ Yoast SEO plugin. -->","yoast_head_json":{"robots":{"index":"index","follow":"follow","max-snippet":"max-snippet:-1","max-image-preview":"max-image-preview:large","max-video-preview":"max-video-preview:-1"},"canonical":"http:\/\/kristinka-blazeka-blog.from.hr\/?page_id=385","og_locale":"hr_HR","og_type":"article","og_title":"SJWP 3 - zadaci - learning creative&amp;openminded","og_description":"Upute: seminarski rad potrebno je napisati u obliku eseja (do 300 rije\u010di) ili vi\u0161e manjih objava. Rad mo\u017ee biti obrazovnog tipa, kao kratko obja\u0161njenje ili uputa&nbsp;za rje\u0161avanje specifi\u010dnog problema, prezentacija ideje, iskustva ili savjeta, sistematizacija neke srodne teme i sl. Rad mo\u017ee biti i pro\u0161irenje ili dorada zadataka koji su dani na vje\u017ebama. Elementi koji &hellip; Nastavi \u010ditati SJWP 3 &#8211; zadaci &rarr;","og_url":"http:\/\/kristinka-blazeka-blog.from.hr\/?page_id=385","og_site_name":"learning creative&amp;openminded","article_modified_time":"2021-11-17T16:09:56+00:00","og_image":[{"width":2227,"height":512,"url":"http:\/\/from.hr\/kristinka-blazeka-blog\/files\/2018\/10\/artDSC_2213-e1538846385863.jpg","type":"image\/jpeg"}],"twitter_card":"summary","twitter_misc":{"Procijenjeno vrijeme \u010ditanja":"3 minute"},"schema":{"@context":"https:\/\/schema.org","@graph":[{"@type":"WebSite","@id":"http:\/\/kristinka-blazeka-blog.from.hr\/#website","url":"http:\/\/kristinka-blazeka-blog.from.hr\/","name":"learning creative&amp;openminded","description":"\u201cFirst learn computer science and all the theory. Next develop a programming style. Then forget all that and just hack.\u201d - George Carrette","potentialAction":[{"@type":"SearchAction","target":{"@type":"EntryPoint","urlTemplate":"http:\/\/kristinka-blazeka-blog.from.hr\/?s={search_term_string}"},"query-input":"required name=search_term_string"}],"inLanguage":"hr"},{"@type":"ImageObject","@id":"http:\/\/kristinka-blazeka-blog.from.hr\/?page_id=385#primaryimage","inLanguage":"hr","url":"http:\/\/from.hr\/kristinka-blazeka-blog\/files\/2018\/10\/artDSC_2213-e1538846385863.jpg","contentUrl":"http:\/\/from.hr\/kristinka-blazeka-blog\/files\/2018\/10\/artDSC_2213-e1538846385863.jpg","width":2227,"height":512},{"@type":"WebPage","@id":"http:\/\/kristinka-blazeka-blog.from.hr\/?page_id=385#webpage","url":"http:\/\/kristinka-blazeka-blog.from.hr\/?page_id=385","name":"SJWP 3 - zadaci - learning creative&amp;openminded","isPartOf":{"@id":"http:\/\/kristinka-blazeka-blog.from.hr\/#website"},"primaryImageOfPage":{"@id":"http:\/\/kristinka-blazeka-blog.from.hr\/?page_id=385#primaryimage"},"datePublished":"2018-10-06T16:02:47+00:00","dateModified":"2021-11-17T16:09:56+00:00","breadcrumb":{"@id":"http:\/\/kristinka-blazeka-blog.from.hr\/?page_id=385#breadcrumb"},"inLanguage":"hr","potentialAction":[{"@type":"ReadAction","target":["http:\/\/kristinka-blazeka-blog.from.hr\/?page_id=385"]}]},{"@type":"BreadcrumbList","@id":"http:\/\/kristinka-blazeka-blog.from.hr\/?page_id=385#breadcrumb","itemListElement":[{"@type":"ListItem","position":1,"name":"Home","item":"http:\/\/kristinka-blazeka-blog.from.hr\/"},{"@type":"ListItem","position":2,"name":"SJWP 3 &#8211; zadaci"}]}]}},"_links":{"self":[{"href":"http:\/\/kristinka-blazeka-blog.from.hr\/index.php?rest_route=\/wp\/v2\/pages\/385"}],"collection":[{"href":"http:\/\/kristinka-blazeka-blog.from.hr\/index.php?rest_route=\/wp\/v2\/pages"}],"about":[{"href":"http:\/\/kristinka-blazeka-blog.from.hr\/index.php?rest_route=\/wp\/v2\/types\/page"}],"author":[{"embeddable":true,"href":"http:\/\/kristinka-blazeka-blog.from.hr\/index.php?rest_route=\/wp\/v2\/users\/1263"}],"replies":[{"embeddable":true,"href":"http:\/\/kristinka-blazeka-blog.from.hr\/index.php?rest_route=%2Fwp%2Fv2%2Fcomments&post=385"}],"version-history":[{"count":34,"href":"http:\/\/kristinka-blazeka-blog.from.hr\/index.php?rest_route=\/wp\/v2\/pages\/385\/revisions"}],"predecessor-version":[{"id":2702,"href":"http:\/\/kristinka-blazeka-blog.from.hr\/index.php?rest_route=\/wp\/v2\/pages\/385\/revisions\/2702"}],"wp:featuredmedia":[{"embeddable":true,"href":"http:\/\/kristinka-blazeka-blog.from.hr\/index.php?rest_route=\/wp\/v2\/media\/415"}],"wp:attachment":[{"href":"http:\/\/kristinka-blazeka-blog.from.hr\/index.php?rest_route=%2Fwp%2Fv2%2Fmedia&parent=385"}],"curies":[{"name":"wp","href":"https:\/\/api.w.org\/{rel}","templated":true}]}}