{"id":388,"date":"2018-10-06T16:03:20","date_gmt":"2018-10-06T16:03:20","guid":{"rendered":"http:\/\/kristinka-blazeka-blog.from.hr\/?page_id=388"},"modified":"2020-10-10T16:58:39","modified_gmt":"2020-10-10T16:58:39","slug":"sjwp-4-tasks","status":"publish","type":"page","link":"http:\/\/kristinka-blazeka-blog.from.hr\/?page_id=388","title":{"rendered":"SJWP4 &#8211; seminarski radovi"},"content":{"rendered":"<h2 style=\"font-family: verdana\">Zadaci i teme za seminarske radove:<\/h2>\n<p><strong style=\"font-family: verdana\">1.&nbsp;HTML Grafika<\/strong><br \/>\n(SVG, Canvas, Geolokacija, HTML igre)<br \/>\n&#8211;&nbsp;odabrati najmanje jednu temu i napisati \u010dlanak, odnosno urediti stranicu<br \/>\n<strong style=\"font-family: verdana\">2.&nbsp;JavaScript<\/strong><br \/>\n(Objekti, Kori\u0161tenje gotovih skripti)<br \/>\n&#8211; za jednu od spomenutih tema pripremiti i urediti \u010dlanak, odnosno stranicu<br \/>\n<strong style=\"font-family: verdana\">3.&nbsp;JS JSON i JS Browser BOM<\/strong><br \/>\n&#8211;&nbsp;za jednu od spomenutih tema pripremiti i urediti \u010dlanak, odnosno stranicu<br \/>\n<strong style=\"font-family: verdana\">4. Izrada projekta, naru\u010divanje&nbsp;hrane<br \/>\n<\/strong>&#8211;&nbsp;opisati svoje zamisli i rje\u0161enje izrade stranice<br \/>\n<strong style=\"font-family: verdana\">5. Izrada projekta (u timovima)<br \/>\n<\/strong>&#8211; opisati izradu odabranog projekta<br \/>\n<strong style=\"font-family: verdana\">6.&nbsp;Izrada on-line platforme za u\u010denje pred\u0161kolske djece&nbsp;<br \/>\n<\/strong>&#8211; opisati rad na stranici ili \u010dlanku, koristiti zasebne mape i datoteke za js, css, odnosno multimedijalne i sl. sadr\u017eaje, staviti poveznicu na GitHub<br \/>\n<strong style=\"font-family: verdana\">7.&nbsp;Oblikovanje sigurnih php obrazaca&nbsp;<br \/>\n<\/strong>&#8211; pomo\u0107u izvora s interneta napisati i urediti \u010dlanak, odnosno stranicu u ovoj temi,<br \/>\nnavesti mogu\u0107e opasnosti i na\u010dine izbjegavanja ili ostvarivanja sigurnosti&nbsp;<br \/>\n<strong style=\"font-family: verdana\">8. Ugradnja Appleta u web sjedi\u0161te&nbsp;<br \/>\n<\/strong>&#8211; urediti \u010dlanak\/stranicu sa obja\u0161njenjem, opisom svrhe i mogu\u0107nostima (na primjeru streaminga, animacije i sl.), navesti izvor (paziti da ne bude stariji od dvije godine)<br \/>\n<strong style=\"font-family: verdana\">9.&nbsp;Struktura XML-a, XML elementi i atributi&nbsp;<br \/>\n<\/strong>&#8211; urediti \u010dlanak\/stranicu sa obja\u0161njenjem, opisom svrhe i mogu\u0107nostima za odabrani standard (sa specijaliziranom primjenom (XHTML \u2013 jezik za opisivanje i prikaz podataka na mre\u017ei, CML \u2013 jezik za opisivanje kemijskih jednad\u017ebi, DocBook \u2013 jezik za opisivanje tehni\u010dke dokumentacije, Graph \u2013 jezik za razmjenu grafova, GPX \u2013 jezik za razmjenu GPS koordinata, MathML \u2013 jezik za opisivanje matemati\u010dkih notacija, MML \u2013 jezik za opisivanje glazbenih notacija&#8230;), napraviti i dodati kod skripte koja bi pro\u010ditala i u tablici ispisala sadr\u017eaj odabrane xml datoteke, navesti izvore (ne&nbsp;starije od dvije godine)<br \/>\n<strong style=\"font-family: verdana\">10. Za\u0161tita privatnosti<br \/>\n<\/strong>&#8211; urediti \u010dlanak\/stranicu sa obja\u0161njenjem, upozorenjima i savjetima op\u0107enito vezano uz za\u0161titu privatnosti ili vezano uz kori\u0161tenje\/prihva\u0107anje cookie-a, urediti poveznice, navesti izvore (paziti da ne bude stariji od dvije godine)<\/p>\n<p>Radovi na GitHub.com:<\/p>\n<ul>\n<li>online u\u010denje<\/li>\n<li>naru\u010divanje&nbsp;hrane<\/li>\n<li>js projekt<\/li>\n<li>php i baze<\/li>\n<\/ul>\n","protected":false},"excerpt":{"rendered":"<p>Zadaci i teme za seminarske radove: 1.&nbsp;HTML Grafika (SVG, Canvas, Geolokacija, HTML igre) &#8211;&nbsp;odabrati najmanje jednu temu i napisati \u010dlanak, odnosno urediti stranicu 2.&nbsp;JavaScript (Objekti, Kori\u0161tenje gotovih skripti) &#8211; za jednu od spomenutih tema pripremiti i urediti \u010dlanak, odnosno stranicu 3.&nbsp;JS JSON i JS Browser BOM &#8211;&nbsp;za jednu od spomenutih tema pripremiti i urediti \u010dlanak, &hellip; <a href=\"http:\/\/kristinka-blazeka-blog.from.hr\/?page_id=388\" class=\"more-link\">Nastavi \u010ditati <span class=\"screen-reader-text\">SJWP4 &#8211; seminarski radovi<\/span> <span class=\"meta-nav\">&rarr;<\/span><\/a><\/p>\n","protected":false},"author":1263,"featured_media":0,"parent":0,"menu_order":0,"comment_status":"closed","ping_status":"closed","template":"","meta":{"ngg_post_thumbnail":0},"yoast_head":"<!-- This site is optimized with the Yoast SEO plugin v17.5 - https:\/\/yoast.com\/wordpress\/plugins\/seo\/ -->\n<meta name=\"robots\" content=\"index, follow, max-snippet:-1, max-image-preview:large, max-video-preview:-1\" \/>\n<link rel=\"canonical\" href=\"http:\/\/kristinka-blazeka-blog.from.hr\/?page_id=388\" \/>\n<meta property=\"og:locale\" content=\"hr_HR\" \/>\n<meta property=\"og:type\" content=\"article\" \/>\n<meta property=\"og:title\" content=\"SJWP4 - seminarski radovi - learning creative&amp;openminded\" \/>\n<meta property=\"og:description\" content=\"Zadaci i teme za seminarske radove: 1.&nbsp;HTML Grafika (SVG, Canvas, Geolokacija, HTML igre) &#8211;&nbsp;odabrati najmanje jednu temu i napisati \u010dlanak, odnosno urediti stranicu 2.&nbsp;JavaScript (Objekti, Kori\u0161tenje gotovih skripti) &#8211; za jednu od spomenutih tema pripremiti i urediti \u010dlanak, odnosno stranicu 3.&nbsp;JS JSON i JS Browser BOM &#8211;&nbsp;za jednu od spomenutih tema pripremiti i urediti \u010dlanak, &hellip; Nastavi \u010ditati SJWP4 &#8211; seminarski radovi &rarr;\" \/>\n<meta property=\"og:url\" content=\"http:\/\/kristinka-blazeka-blog.from.hr\/?page_id=388\" \/>\n<meta property=\"og:site_name\" content=\"learning creative&amp;openminded\" \/>\n<meta property=\"article:modified_time\" content=\"2020-10-10T16:58:39+00:00\" \/>\n<meta name=\"twitter:card\" content=\"summary\" \/>\n<meta name=\"twitter:label1\" content=\"Procijenjeno vrijeme \u010ditanja\" \/>\n\t<meta name=\"twitter:data1\" content=\"2 minute\" \/>\n<script type=\"application\/ld+json\" class=\"yoast-schema-graph\">{\"@context\":\"https:\/\/schema.org\",\"@graph\":[{\"@type\":\"WebSite\",\"@id\":\"http:\/\/kristinka-blazeka-blog.from.hr\/#website\",\"url\":\"http:\/\/kristinka-blazeka-blog.from.hr\/\",\"name\":\"learning creative&amp;openminded\",\"description\":\"\\u201cFirst learn computer science and all the theory. Next develop a programming style. Then forget all that and just hack.\\u201d - George Carrette\",\"potentialAction\":[{\"@type\":\"SearchAction\",\"target\":{\"@type\":\"EntryPoint\",\"urlTemplate\":\"http:\/\/kristinka-blazeka-blog.from.hr\/?s={search_term_string}\"},\"query-input\":\"required name=search_term_string\"}],\"inLanguage\":\"hr\"},{\"@type\":\"WebPage\",\"@id\":\"http:\/\/kristinka-blazeka-blog.from.hr\/?page_id=388#webpage\",\"url\":\"http:\/\/kristinka-blazeka-blog.from.hr\/?page_id=388\",\"name\":\"SJWP4 - seminarski radovi - learning creative&amp;openminded\",\"isPartOf\":{\"@id\":\"http:\/\/kristinka-blazeka-blog.from.hr\/#website\"},\"datePublished\":\"2018-10-06T16:03:20+00:00\",\"dateModified\":\"2020-10-10T16:58:39+00:00\",\"breadcrumb\":{\"@id\":\"http:\/\/kristinka-blazeka-blog.from.hr\/?page_id=388#breadcrumb\"},\"inLanguage\":\"hr\",\"potentialAction\":[{\"@type\":\"ReadAction\",\"target\":[\"http:\/\/kristinka-blazeka-blog.from.hr\/?page_id=388\"]}]},{\"@type\":\"BreadcrumbList\",\"@id\":\"http:\/\/kristinka-blazeka-blog.from.hr\/?page_id=388#breadcrumb\",\"itemListElement\":[{\"@type\":\"ListItem\",\"position\":1,\"name\":\"Home\",\"item\":\"http:\/\/kristinka-blazeka-blog.from.hr\/\"},{\"@type\":\"ListItem\",\"position\":2,\"name\":\"SJWP4 &#8211; seminarski radovi\"}]}]}<\/script>\n<!-- \/ Yoast SEO plugin. -->","yoast_head_json":{"robots":{"index":"index","follow":"follow","max-snippet":"max-snippet:-1","max-image-preview":"max-image-preview:large","max-video-preview":"max-video-preview:-1"},"canonical":"http:\/\/kristinka-blazeka-blog.from.hr\/?page_id=388","og_locale":"hr_HR","og_type":"article","og_title":"SJWP4 - seminarski radovi - learning creative&amp;openminded","og_description":"Zadaci i teme za seminarske radove: 1.&nbsp;HTML Grafika (SVG, Canvas, Geolokacija, HTML igre) &#8211;&nbsp;odabrati najmanje jednu temu i napisati \u010dlanak, odnosno urediti stranicu 2.&nbsp;JavaScript (Objekti, Kori\u0161tenje gotovih skripti) &#8211; za jednu od spomenutih tema pripremiti i urediti \u010dlanak, odnosno stranicu 3.&nbsp;JS JSON i JS Browser BOM &#8211;&nbsp;za jednu od spomenutih tema pripremiti i urediti \u010dlanak, &hellip; Nastavi \u010ditati SJWP4 &#8211; seminarski radovi &rarr;","og_url":"http:\/\/kristinka-blazeka-blog.from.hr\/?page_id=388","og_site_name":"learning creative&amp;openminded","article_modified_time":"2020-10-10T16:58:39+00:00","twitter_card":"summary","twitter_misc":{"Procijenjeno vrijeme \u010ditanja":"2 minute"},"schema":{"@context":"https:\/\/schema.org","@graph":[{"@type":"WebSite","@id":"http:\/\/kristinka-blazeka-blog.from.hr\/#website","url":"http:\/\/kristinka-blazeka-blog.from.hr\/","name":"learning creative&amp;openminded","description":"\u201cFirst learn computer science and all the theory. Next develop a programming style. Then forget all that and just hack.\u201d - George Carrette","potentialAction":[{"@type":"SearchAction","target":{"@type":"EntryPoint","urlTemplate":"http:\/\/kristinka-blazeka-blog.from.hr\/?s={search_term_string}"},"query-input":"required name=search_term_string"}],"inLanguage":"hr"},{"@type":"WebPage","@id":"http:\/\/kristinka-blazeka-blog.from.hr\/?page_id=388#webpage","url":"http:\/\/kristinka-blazeka-blog.from.hr\/?page_id=388","name":"SJWP4 - seminarski radovi - learning creative&amp;openminded","isPartOf":{"@id":"http:\/\/kristinka-blazeka-blog.from.hr\/#website"},"datePublished":"2018-10-06T16:03:20+00:00","dateModified":"2020-10-10T16:58:39+00:00","breadcrumb":{"@id":"http:\/\/kristinka-blazeka-blog.from.hr\/?page_id=388#breadcrumb"},"inLanguage":"hr","potentialAction":[{"@type":"ReadAction","target":["http:\/\/kristinka-blazeka-blog.from.hr\/?page_id=388"]}]},{"@type":"BreadcrumbList","@id":"http:\/\/kristinka-blazeka-blog.from.hr\/?page_id=388#breadcrumb","itemListElement":[{"@type":"ListItem","position":1,"name":"Home","item":"http:\/\/kristinka-blazeka-blog.from.hr\/"},{"@type":"ListItem","position":2,"name":"SJWP4 &#8211; seminarski radovi"}]}]}},"_links":{"self":[{"href":"http:\/\/kristinka-blazeka-blog.from.hr\/index.php?rest_route=\/wp\/v2\/pages\/388"}],"collection":[{"href":"http:\/\/kristinka-blazeka-blog.from.hr\/index.php?rest_route=\/wp\/v2\/pages"}],"about":[{"href":"http:\/\/kristinka-blazeka-blog.from.hr\/index.php?rest_route=\/wp\/v2\/types\/page"}],"author":[{"embeddable":true,"href":"http:\/\/kristinka-blazeka-blog.from.hr\/index.php?rest_route=\/wp\/v2\/users\/1263"}],"replies":[{"embeddable":true,"href":"http:\/\/kristinka-blazeka-blog.from.hr\/index.php?rest_route=%2Fwp%2Fv2%2Fcomments&post=388"}],"version-history":[{"count":15,"href":"http:\/\/kristinka-blazeka-blog.from.hr\/index.php?rest_route=\/wp\/v2\/pages\/388\/revisions"}],"predecessor-version":[{"id":1714,"href":"http:\/\/kristinka-blazeka-blog.from.hr\/index.php?rest_route=\/wp\/v2\/pages\/388\/revisions\/1714"}],"wp:attachment":[{"href":"http:\/\/kristinka-blazeka-blog.from.hr\/index.php?rest_route=%2Fwp%2Fv2%2Fmedia&parent=388"}],"curies":[{"name":"wp","href":"https:\/\/api.w.org\/{rel}","templated":true}]}}