{"id":3988,"date":"2025-03-22T19:11:44","date_gmt":"2025-03-22T19:11:44","guid":{"rendered":"http:\/\/kristinka-blazeka-blog.from.hr\/?page_id=3988"},"modified":"2025-09-27T18:54:01","modified_gmt":"2025-09-27T18:54:01","slug":"ai-poveznice","status":"publish","type":"page","link":"http:\/\/kristinka-blazeka-blog.from.hr\/?page_id=3988","title":{"rendered":"AI poveznice"},"content":{"rendered":"<p>Poveznice:<\/p>\n<p><a href=\"https:\/\/media.pearsoncmg.com\/bc\/abp\/cs-resources\/\" target=\"_blank\" rel=\"noopener\">pearsonhighered<\/a><\/p>\n<p><a href=\"https:\/\/aima.cs.berkeley.edu\/\" target=\"_blank\" rel=\"noopener\">cs.berkeley<\/a><\/p>\n<p><a href=\"https:\/\/github.com\/aimacode\" target=\"_blank\" rel=\"noopener\">code<\/a><\/p>\n<p>&nbsp;<\/p>\n<p>chatgpt<\/p>\n<p>Strukturiranje upita<\/p>\n<table>\n<tbody>\n<tr>\n<td width=\"123\">RTF<\/td>\n<td width=\"482\">Role, task, format<\/td>\n<\/tr>\n<tr>\n<td width=\"123\">CTF<\/td>\n<td width=\"482\">Context, task, format<\/td>\n<\/tr>\n<tr>\n<td width=\"123\">RASCEF<\/td>\n<td width=\"482\">Role, action, steps, context, examples, format<\/td>\n<\/tr>\n<tr>\n<td width=\"123\">PECRA<\/td>\n<td width=\"482\">Purpose, expectation, context, request, action<\/td>\n<\/tr>\n<tr>\n<td width=\"123\">TREF<\/td>\n<td width=\"482\">Task, requirement, expectation, format<\/td>\n<\/tr>\n<tr>\n<td width=\"123\">GRADE<\/td>\n<td width=\"482\">Goal, request, action, detail, examples<\/td>\n<\/tr>\n<tr>\n<td width=\"123\">ROSES<\/td>\n<td width=\"482\">Role, objective, scenario, expected solution, steps<\/td>\n<\/tr>\n<tr>\n<td width=\"123\">RDIREC<\/td>\n<td width=\"482\">Role, definition, intent, request, example, clarification tone<\/td>\n<\/tr>\n<tr>\n<td width=\"123\">RSCET<\/td>\n<td width=\"482\">Role, situation, complication, expectation, task<\/td>\n<\/tr>\n<tr>\n<td width=\"123\">SMART<\/td>\n<td width=\"482\">Specific, measurable, achievable, relevant, time-bound<\/td>\n<\/tr>\n<tr>\n<td width=\"123\">SPIN<\/td>\n<td width=\"482\">Situation, problem, implication, need<\/td>\n<\/tr>\n<tr>\n<td width=\"123\">PICO<\/td>\n<td width=\"482\">Pacient, intervention, comparison, outcome<\/td>\n<\/tr>\n<tr>\n<td width=\"123\">SCQA<\/td>\n<td width=\"482\">Situation, complication, question, answer<\/td>\n<\/tr>\n<tr>\n<td width=\"123\">STAR<\/td>\n<td width=\"482\">Situation, task, action, result<\/td>\n<\/tr>\n<tr>\n<td width=\"123\">SOFT<\/td>\n<td width=\"482\">Situation, objective, facts, tactics<\/td>\n<\/tr>\n<tr>\n<td width=\"123\">GROW<\/td>\n<td width=\"482\">Goal, reality, options, way forward<\/td>\n<\/tr>\n<tr>\n<td width=\"123\">CLEAR<\/td>\n<td width=\"482\">Challenge, listen, empathize, ask, recommend<\/td>\n<\/tr>\n<tr>\n<td width=\"123\">RACI<\/td>\n<td width=\"482\">Responsible, accountable, consulted, informed<\/td>\n<\/tr>\n<tr>\n<td width=\"123\">MOST<\/td>\n<td width=\"482\">Mission, objectives, strategies, tactics<\/td>\n<\/tr>\n<tr>\n<td width=\"123\">SWOT<\/td>\n<td width=\"482\">Strengths, weaknesses, opportunities, threats<\/td>\n<\/tr>\n<tr>\n<td width=\"123\">PDCA<\/td>\n<td width=\"482\">Plan, do, check, act<\/td>\n<\/tr>\n<tr>\n<td width=\"123\">DARE<\/td>\n<td width=\"482\">Define, Asses, Respond, Evaluate<\/td>\n<\/tr>\n<tr>\n<td width=\"123\">SCAMPER<\/td>\n<td width=\"482\">Substitute, combine, adapt, modify, put to another use, eliminate, reverse<\/td>\n<\/tr>\n<tr>\n<td width=\"123\">AIDA<\/td>\n<td width=\"482\">Attention, interest, desire, action<\/td>\n<\/tr>\n<tr>\n<td width=\"123\">FOG<\/td>\n<td width=\"482\">Facts, opinions, goals<\/td>\n<\/tr>\n<tr>\n<td width=\"123\">SOAR<\/td>\n<td width=\"482\">Strengths, opportunities, aspirations, results<\/td>\n<\/tr>\n<tr>\n<td width=\"123\">PESTLE<\/td>\n<td width=\"482\">Political, economic, social, technological, legal, environmental<\/td>\n<\/tr>\n<tr>\n<td width=\"123\">DODACI<\/td>\n<td width=\"482\">&nbsp;<\/td>\n<\/tr>\n<tr>\n<td width=\"123\">webPilot<\/td>\n<td width=\"482\">Pregled web stranica<\/td>\n<\/tr>\n<tr>\n<td width=\"123\">rephrase<\/td>\n<td width=\"482\">preformulacija<\/td>\n<\/tr>\n<tr>\n<td width=\"123\">translate<\/td>\n<td width=\"482\">prijevod<\/td>\n<\/tr>\n<tr>\n<td width=\"123\">Code runner<\/td>\n<td width=\"482\">Razvoj softvera<\/td>\n<\/tr>\n<tr>\n<td width=\"123\">hubbub<\/td>\n<td width=\"482\">Bolesti<\/td>\n<\/tr>\n<tr>\n<td width=\"123\">codecademy<\/td>\n<td width=\"482\">U\u010denje<\/td>\n<\/tr>\n<tr>\n<td width=\"123\">tutory<\/td>\n<td width=\"482\">U\u010denje<\/td>\n<\/tr>\n<tr>\n<td width=\"123\">Statis fund finan<\/td>\n<td width=\"482\">Analiza financijskih izvje\u0161taja<\/td>\n<\/tr>\n<tr>\n<td width=\"123\">Credit yelp<\/td>\n<td width=\"482\">Analiza financijskih izvje\u0161taja<\/td>\n<\/tr>\n<tr>\n<td width=\"123\">AI pdf<\/td>\n<td width=\"482\">Interakcija sa pdf dokumentima<\/td>\n<\/tr>\n<tr>\n<td width=\"123\">Canva<\/td>\n<td width=\"482\">Grafi\u010dki dizajn, prva rije\u010d Canva<\/td>\n<\/tr>\n<tr>\n<td width=\"123\">Prompt perfect<\/td>\n<td width=\"482\">Unapre\u0111enje i optimizacija korisni\u010dkih upita, tipka&nbsp; se perfect<\/td>\n<\/tr>\n<tr>\n<td width=\"123\">askthecode<\/td>\n<td width=\"482\">Integracija sa github, korisnik daje url githuba, pretra\u017euje elemente koda<\/td>\n<\/tr>\n<tr>\n<td width=\"123\">coderpad<\/td>\n<td width=\"482\">Pisanje i izvr\u0161avanje koda u realnom vremenu, u\u010denje programiranja<\/td>\n<\/tr>\n<tr>\n<td width=\"123\">codesandbox<\/td>\n<td width=\"482\">Kodiranje web projekata u realnom vremenu, app na strani klijenta<\/td>\n<\/tr>\n<tr>\n<td width=\"123\">Repl.it<\/td>\n<td width=\"482\">Kodiranje u relanom vremenu<\/td>\n<\/tr>\n<tr>\n<td width=\"123\">Yupyter.notebook<\/td>\n<td width=\"482\">Projekti za obradu i analizu podataka<\/td>\n<\/tr>\n<tr>\n<td width=\"123\">glitch<\/td>\n<td width=\"482\">Razvoj web aplikacija u realnom vremenu, podr\u017eava timsko<\/td>\n<\/tr>\n<tr>\n<td width=\"123\">pycharm<\/td>\n<td width=\"482\">Ide i napredne funkcionalnosti pythona<\/td>\n<\/tr>\n<tr>\n<td width=\"123\">Daigr.am<\/td>\n<td width=\"482\">Vizualizacija podataka pomo\u0107u grafikona i dijagrama<\/td>\n<\/tr>\n<tr>\n<td width=\"123\">Datawrapper<\/td>\n<td width=\"482\">Kreiranje grafikona<\/td>\n<\/tr>\n<tr>\n<td width=\"123\">plotly<\/td>\n<td width=\"482\">Grafikoni<\/td>\n<\/tr>\n<tr>\n<td width=\"123\">Google charts<\/td>\n<td width=\"482\">Integracija sa google alatima<\/td>\n<\/tr>\n<tr>\n<td width=\"123\">tableau<\/td>\n<td width=\"482\">Vizualizacija<\/td>\n<\/tr>\n<tr>\n<td width=\"123\">earth<\/td>\n<td width=\"482\">Generiranje mapa, planiranje putovanja<\/td>\n<\/tr>\n<tr>\n<td width=\"123\">expedia<\/td>\n<td width=\"482\">Planiranje putovanja kroz razgovor<\/td>\n<\/tr>\n<tr>\n<td width=\"123\">Make a sheet<\/td>\n<td width=\"482\">Generiranje csv datoteka<\/td>\n<\/tr>\n<tr>\n<td width=\"123\">Scholar ai<\/td>\n<td width=\"482\">Pretra\u017eivanje i&nbsp; pristup znanstvenim radovima iz otvorenih izvora<\/td>\n<\/tr>\n<tr>\n<td width=\"123\">zotero<\/td>\n<td width=\"482\">Menad\u017eer referenci \u2013 \u010duvanje citata<\/td>\n<\/tr>\n<tr>\n<td width=\"123\">Scraper<\/td>\n<td width=\"482\">Izvla\u010denje informacija sa web stranica, prikupljanje, analiza, promjene<\/td>\n<\/tr>\n<tr>\n<td width=\"123\">Webharvest<\/td>\n<td width=\"482\">Izvla\u010denje informacija<\/td>\n<\/tr>\n<tr>\n<td width=\"123\">Infograb<\/td>\n<td width=\"482\">Izvla\u010denje metapodataka<\/td>\n<\/tr>\n<tr>\n<td width=\"123\">Quickscrape<\/td>\n<td width=\"482\">Brzo izvla\u010denje informacija<\/td>\n<\/tr>\n<tr>\n<td width=\"123\">Zapier<\/td>\n<td width=\"482\">Povezivanje razli\u010ditih aplikacija i usluga radi automatizacije radnih tokova<\/td>\n<\/tr>\n<\/tbody>\n<\/table>\n<p>vibe coding &#8211; cursor composer, fokus na ono \u0161to se \u017eeli posti\u0107i, a ne na to kako to tehni\u010dki doista i napraviti &#8211; programer koristi prirodni jezik za opisivanje funkcionalnosti koje mora imati kona\u010dni proizvod, AI model generira odgovaraju\u0107i kod &#8211; kod takvog pristupa razvoju nije vi\u0161e toliko va\u017eno poznavanje sintakse programskih jezika, detaljnog razumijevanja algoritma&#8230; &#8211; dovoljno je jasno artikulirati cilj \u0161to preciznijim uputama te zatim AI zadano pretvara u funkcionalnu aplikaciju generiraju\u0107i sav potreban programski kod. Korisnik testira i provjerava generirani kod (funkcionalno, uskla\u0111eno sa zahtjevom), te ponovo koristi AI model za dora\u0111ivanje i pro\u0161irenje aplikacije, popravljanje pogre\u0161aka, ispravljanje koda uz ru\u010dne intervencije. Transformira odnos izme\u0111u \u010dovjeka i ra\u010dunala, umjesto ru\u010dnog tipkanja koda, fokus se prebacuje na ideju, dizajn i iterativno testiranje i korekcije.<\/p>\n<p>LLM (ChatGPT, Claude) mogu pisati funkcije, stvarati podatkovne strukture, generirati cjelovite aplikacije na temelju skupa promptova. AI generira kod, ljudi pregledavaju, prihva\u0107aju, odbacuju, korigiraju. Transformacija uloge razvojnih in\u017eenjera. Tradicionalni razvoj softvera uklju\u010duje planiranje, osmi\u0161ljavanje arhitekture, pisanje i odr\u017eavanje koda, testiranje i dokumentiranje. Sada je naglasak na orkestraciju, razvojni in\u017eenjeri postaju voditelji projekata (definiraju zahtjeve, odabiru tehnologije, pregledavaju generirani kod, odlu\u010duju \u0161to zadr\u017eati, \u0161to odbaciti, \u0161to modificirati. Neispravan ili nefunkcionalan generirani kod ispravlja sama AI, ponavljaju\u0107i dok se ne postigne \u017eeljeni rezultat. Set vje\u0161tina sada uklju\u010duje va\u017eno: vrlo jasna i precizna komunikacija te sposobnost jasnog artikuliranja zahtjeva i problema, dobro domensko znanje i sposobnost dono\u0161enja odluka (pisanje i generiranje koda se u potpunosti prepu\u0161ta AI). Takav na\u010din razvoja izrazito je iterativan proces (vo\u0111enje dijaloga s AI, Google FireBase Studio, klju\u010dna komponenta vibe <a href=\"https:\/\/www.deeplearning.ai\/short-courses\/claude-code-a-highly-agentic-coding-assistant\/\" target=\"_blank\" rel=\"noopener\">kodiranja<\/a>).&nbsp;<\/p>\n<p>Transformacija posla i uloga programera, utje\u010de na izvr\u0161avanje repetitivnih zadataka bez mnogo kreativnog doprinosa ili dubljeg razumijevanja sustava, mijenjaju se i preoblikuju neki poslovi, orijentacija razvojnih in\u017eenjera prema arhitektima koji su u stanju iskoristiti AI kako bi rje\u0161avali slo\u017eene i zahtjevne probleme na kreativan i u\u010dinkovit na\u010din. Hibridni model razvoja softvera uz kori\u0161tenje AI asistenata kojima se upravlja, a programeri koji to prihvate zanimljiviji su poslodavcima. Iskusni mogu raditi optimizaciju koda. AI ne\u0107e oduzeti posao, oduzima onima koji odbiju koristiti i nisu se u stanju prilagoditi.<\/p>\n","protected":false},"excerpt":{"rendered":"<p>Poveznice: pearsonhighered cs.berkeley code &nbsp; chatgpt Strukturiranje upita RTF Role, task, format CTF Context, task, format RASCEF Role, action, steps, context, examples, format PECRA Purpose, expectation, context, request, action TREF Task, requirement, expectation, format GRADE Goal, request, action, detail, examples ROSES Role, objective, scenario, expected solution, steps RDIREC Role, definition, intent, request, example, clarification tone &hellip; <a href=\"http:\/\/kristinka-blazeka-blog.from.hr\/?page_id=3988\" class=\"more-link\">Nastavi \u010ditati <span class=\"screen-reader-text\">AI poveznice<\/span> <span class=\"meta-nav\">&rarr;<\/span><\/a><\/p>\n","protected":false},"author":1263,"featured_media":0,"parent":0,"menu_order":0,"comment_status":"closed","ping_status":"closed","template":"","meta":{"ngg_post_thumbnail":0},"yoast_head":"<!-- This site is optimized with the Yoast SEO plugin v17.5 - https:\/\/yoast.com\/wordpress\/plugins\/seo\/ -->\n<meta name=\"robots\" content=\"index, follow, max-snippet:-1, max-image-preview:large, max-video-preview:-1\" \/>\n<link rel=\"canonical\" href=\"http:\/\/kristinka-blazeka-blog.from.hr\/?page_id=3988\" \/>\n<meta property=\"og:locale\" content=\"hr_HR\" \/>\n<meta property=\"og:type\" content=\"article\" \/>\n<meta property=\"og:title\" content=\"AI poveznice - learning creative&amp;openminded\" \/>\n<meta property=\"og:description\" content=\"Poveznice: pearsonhighered cs.berkeley code &nbsp; chatgpt Strukturiranje upita RTF Role, task, format CTF Context, task, format RASCEF Role, action, steps, context, examples, format PECRA Purpose, expectation, context, request, action TREF Task, requirement, expectation, format GRADE Goal, request, action, detail, examples ROSES Role, objective, scenario, expected solution, steps RDIREC Role, definition, intent, request, example, clarification tone &hellip; Nastavi \u010ditati AI poveznice &rarr;\" \/>\n<meta property=\"og:url\" content=\"http:\/\/kristinka-blazeka-blog.from.hr\/?page_id=3988\" \/>\n<meta property=\"og:site_name\" content=\"learning creative&amp;openminded\" \/>\n<meta property=\"article:modified_time\" content=\"2025-09-27T18:54:01+00:00\" \/>\n<meta name=\"twitter:card\" content=\"summary\" \/>\n<meta name=\"twitter:label1\" content=\"Procijenjeno vrijeme \u010ditanja\" \/>\n\t<meta name=\"twitter:data1\" content=\"4 minute\" \/>\n<script type=\"application\/ld+json\" class=\"yoast-schema-graph\">{\"@context\":\"https:\/\/schema.org\",\"@graph\":[{\"@type\":\"WebSite\",\"@id\":\"http:\/\/kristinka-blazeka-blog.from.hr\/#website\",\"url\":\"http:\/\/kristinka-blazeka-blog.from.hr\/\",\"name\":\"learning creative&amp;openminded\",\"description\":\"\\u201cFirst learn computer science and all the theory. Next develop a programming style. Then forget all that and just hack.\\u201d - George Carrette\",\"potentialAction\":[{\"@type\":\"SearchAction\",\"target\":{\"@type\":\"EntryPoint\",\"urlTemplate\":\"http:\/\/kristinka-blazeka-blog.from.hr\/?s={search_term_string}\"},\"query-input\":\"required name=search_term_string\"}],\"inLanguage\":\"hr\"},{\"@type\":\"WebPage\",\"@id\":\"http:\/\/kristinka-blazeka-blog.from.hr\/?page_id=3988#webpage\",\"url\":\"http:\/\/kristinka-blazeka-blog.from.hr\/?page_id=3988\",\"name\":\"AI poveznice - learning creative&amp;openminded\",\"isPartOf\":{\"@id\":\"http:\/\/kristinka-blazeka-blog.from.hr\/#website\"},\"datePublished\":\"2025-03-22T19:11:44+00:00\",\"dateModified\":\"2025-09-27T18:54:01+00:00\",\"breadcrumb\":{\"@id\":\"http:\/\/kristinka-blazeka-blog.from.hr\/?page_id=3988#breadcrumb\"},\"inLanguage\":\"hr\",\"potentialAction\":[{\"@type\":\"ReadAction\",\"target\":[\"http:\/\/kristinka-blazeka-blog.from.hr\/?page_id=3988\"]}]},{\"@type\":\"BreadcrumbList\",\"@id\":\"http:\/\/kristinka-blazeka-blog.from.hr\/?page_id=3988#breadcrumb\",\"itemListElement\":[{\"@type\":\"ListItem\",\"position\":1,\"name\":\"Home\",\"item\":\"http:\/\/kristinka-blazeka-blog.from.hr\/\"},{\"@type\":\"ListItem\",\"position\":2,\"name\":\"AI poveznice\"}]}]}<\/script>\n<!-- \/ Yoast SEO plugin. -->","yoast_head_json":{"robots":{"index":"index","follow":"follow","max-snippet":"max-snippet:-1","max-image-preview":"max-image-preview:large","max-video-preview":"max-video-preview:-1"},"canonical":"http:\/\/kristinka-blazeka-blog.from.hr\/?page_id=3988","og_locale":"hr_HR","og_type":"article","og_title":"AI poveznice - learning creative&amp;openminded","og_description":"Poveznice: pearsonhighered cs.berkeley code &nbsp; chatgpt Strukturiranje upita RTF Role, task, format CTF Context, task, format RASCEF Role, action, steps, context, examples, format PECRA Purpose, expectation, context, request, action TREF Task, requirement, expectation, format GRADE Goal, request, action, detail, examples ROSES Role, objective, scenario, expected solution, steps RDIREC Role, definition, intent, request, example, clarification tone &hellip; Nastavi \u010ditati AI poveznice &rarr;","og_url":"http:\/\/kristinka-blazeka-blog.from.hr\/?page_id=3988","og_site_name":"learning creative&amp;openminded","article_modified_time":"2025-09-27T18:54:01+00:00","twitter_card":"summary","twitter_misc":{"Procijenjeno vrijeme \u010ditanja":"4 minute"},"schema":{"@context":"https:\/\/schema.org","@graph":[{"@type":"WebSite","@id":"http:\/\/kristinka-blazeka-blog.from.hr\/#website","url":"http:\/\/kristinka-blazeka-blog.from.hr\/","name":"learning creative&amp;openminded","description":"\u201cFirst learn computer science and all the theory. Next develop a programming style. Then forget all that and just hack.\u201d - George Carrette","potentialAction":[{"@type":"SearchAction","target":{"@type":"EntryPoint","urlTemplate":"http:\/\/kristinka-blazeka-blog.from.hr\/?s={search_term_string}"},"query-input":"required name=search_term_string"}],"inLanguage":"hr"},{"@type":"WebPage","@id":"http:\/\/kristinka-blazeka-blog.from.hr\/?page_id=3988#webpage","url":"http:\/\/kristinka-blazeka-blog.from.hr\/?page_id=3988","name":"AI poveznice - learning creative&amp;openminded","isPartOf":{"@id":"http:\/\/kristinka-blazeka-blog.from.hr\/#website"},"datePublished":"2025-03-22T19:11:44+00:00","dateModified":"2025-09-27T18:54:01+00:00","breadcrumb":{"@id":"http:\/\/kristinka-blazeka-blog.from.hr\/?page_id=3988#breadcrumb"},"inLanguage":"hr","potentialAction":[{"@type":"ReadAction","target":["http:\/\/kristinka-blazeka-blog.from.hr\/?page_id=3988"]}]},{"@type":"BreadcrumbList","@id":"http:\/\/kristinka-blazeka-blog.from.hr\/?page_id=3988#breadcrumb","itemListElement":[{"@type":"ListItem","position":1,"name":"Home","item":"http:\/\/kristinka-blazeka-blog.from.hr\/"},{"@type":"ListItem","position":2,"name":"AI poveznice"}]}]}},"_links":{"self":[{"href":"http:\/\/kristinka-blazeka-blog.from.hr\/index.php?rest_route=\/wp\/v2\/pages\/3988"}],"collection":[{"href":"http:\/\/kristinka-blazeka-blog.from.hr\/index.php?rest_route=\/wp\/v2\/pages"}],"about":[{"href":"http:\/\/kristinka-blazeka-blog.from.hr\/index.php?rest_route=\/wp\/v2\/types\/page"}],"author":[{"embeddable":true,"href":"http:\/\/kristinka-blazeka-blog.from.hr\/index.php?rest_route=\/wp\/v2\/users\/1263"}],"replies":[{"embeddable":true,"href":"http:\/\/kristinka-blazeka-blog.from.hr\/index.php?rest_route=%2Fwp%2Fv2%2Fcomments&post=3988"}],"version-history":[{"count":14,"href":"http:\/\/kristinka-blazeka-blog.from.hr\/index.php?rest_route=\/wp\/v2\/pages\/3988\/revisions"}],"predecessor-version":[{"id":4264,"href":"http:\/\/kristinka-blazeka-blog.from.hr\/index.php?rest_route=\/wp\/v2\/pages\/3988\/revisions\/4264"}],"wp:attachment":[{"href":"http:\/\/kristinka-blazeka-blog.from.hr\/index.php?rest_route=%2Fwp%2Fv2%2Fmedia&parent=3988"}],"curies":[{"name":"wp","href":"https:\/\/api.w.org\/{rel}","templated":true}]}}