{"id":4067,"date":"2025-08-15T18:16:06","date_gmt":"2025-08-15T18:16:06","guid":{"rendered":"http:\/\/kristinka-blazeka-blog.from.hr\/?page_id=4067"},"modified":"2026-04-13T08:38:42","modified_gmt":"2026-04-13T08:38:42","slug":"mnuvod","status":"publish","type":"page","link":"http:\/\/kristinka-blazeka-blog.from.hr\/?page_id=4067","title":{"rendered":"Uvod u programiranje"},"content":{"rendered":"<p><strong style=\"background-color: #e96f23\">Uvod u programiranje, modularna nastava &#8211; UTR<\/strong><\/p>\n<blockquote style=\"background-color: #6796b8\"><p>SIU1 Osnove programiranja &#8211; (<a href=\"http:\/\/kristinka-blazeka-blog.from.hr\/?page_id=4099\" target=\"_blank\" rel=\"noopener\">REPOZITORIJ\/ZADACI<\/a>)<\/p><\/blockquote>\n<p style=\"background-color: #f3ce54\">I1: <strong>Koristiti osnovne tipove podataka, matemati\u010dke, logi\u010dke i operatore usporedbe te ugra\u0111ene matemati\u010dke funkcije u linearnim problemima&nbsp;<\/strong><\/p>\n<p><a href=\"http:\/\/kristinka-blazeka-blog.from.hr\/files\/2025\/09\/LV01_UUP-1.pdf\">LV01<\/a>: Integrirana razvojna programska okolina,&nbsp; u\/i podataka (UTR)<\/p>\n<p><a href=\"http:\/\/kristinka-blazeka-blog.from.hr\/files\/2025\/09\/LV02_UUP.pdf\">LV02<\/a>: Osnovni tipovi podataka, operatori i ugra\u0111ene matemati\u010dke funkcije (UTR)<\/p>\n<p style=\"background-color: #f3ce54\">I2: <strong>Odrediti korake za rje\u0161avanje problema pomo\u0107u pseudokoda<\/strong><\/p>\n<p><a href=\"http:\/\/kristinka-blazeka-blog.from.hr\/files\/2025\/10\/UUPLV03.pdf\" target=\"_blank\" rel=\"noopener\">LV03<\/a>: Rje\u0161avanje problema pomo\u0107u dijagrama tijeka (UTR)<\/p>\n<p><a href=\"http:\/\/kristinka-blazeka-blog.from.hr\/files\/2025\/10\/LV04_UUP.pdf\">LV04<\/a>: Prikazivanje algoritma pomo\u0107u pseudokoda (UTR)<\/p>\n<p style=\"background-color: #f3ce54\">I3: <strong>Izraditi algoritam i program u odabranom programskom jeziku rje\u0161avaju\u0107i problem uporabom grananja<\/strong><\/p>\n<p><a href=\"http:\/\/kristinka-blazeka-blog.from.hr\/files\/2025\/10\/LV05_UUP.pdf\">LV05<\/a>: Jednostavna naredba odlu\u010divanja (grananja) (UTR)<\/p>\n<p><a href=\"http:\/\/kristinka-blazeka-blog.from.hr\/files\/2025\/10\/LV06_UUP.pdf\">LV06<\/a>: Slo\u017eena naredba odlu\u010divanja (ugnje\u017e\u0111ivanje) (UTR)<\/p>\n<p><a href=\"http:\/\/kristinka-blazeka-blog.from.hr\/files\/2025\/11\/LV07_UUP.pdf\">LV07<\/a>: Naredba switch-case () (UTR)<\/p>\n<p style=\"background-color: #f3ce54\">I4: <strong>Izraditi algoritam i program u odabranom programskom jeziku rje\u0161avaju\u0107i problem uporabom petlje s odre\u0111enim brojem ponavljanja<\/strong><\/p>\n<p><a href=\"http:\/\/kristinka-blazeka-blog.from.hr\/files\/2025\/11\/LV08_UUP.pdf\">LV08<\/a>: Petlja s odre\u0111enim brojem ponavljanja (UTR)<\/p>\n<p><a href=\"http:\/\/kristinka-blazeka-blog.from.hr\/files\/2025\/11\/LV09_UUP.pdf\">LV09<\/a>: Vi\u0161estruka petlja s odre\u0111enim brojem ponavljanja (ugnje\u017e\u0111ivanje) (UTR)<\/p>\n<p style=\"background-color: #f3ce54\">I5: <strong>Izraditi algoritam i program u odabranom programskom jeziku rje\u0161avaju\u0107i problem uporabom petlje s uvjetom na po\u010detku\/kraju<\/strong><\/p>\n<p><a href=\"http:\/\/kristinka-blazeka-blog.from.hr\/files\/2025\/11\/LV10_UUP.pdf\">LV10<\/a>:&nbsp; Pelja s uvjetom na po\u010detku (UTR)<\/p>\n<p><a href=\"http:\/\/kristinka-blazeka-blog.from.hr\/files\/2025\/12\/LV11_UUP.pdf\">LV11<\/a>: Petlja s uvjetom na kraju (UTR)<\/p>\n<p><a href=\"http:\/\/kristinka-blazeka-blog.from.hr\/files\/2025\/12\/LV12_UUP.pdf\">LV12<\/a>: Ugnje\u017e\u0111ivanje petlji (UTR)<\/p>\n<blockquote style=\"background-color: #6796b8\"><p>SIU2 Spremni\u010dki tipovi podataka<\/p><\/blockquote>\n<p style=\"background-color: #f3ce54\"><strong>I1: Prikupiti i analizirati korisni\u010dke zahtjeve za programsko rje\u0161enje<\/strong><\/p>\n<p><a href=\"http:\/\/kristinka-blazeka-blog.from.hr\/files\/2026\/01\/LV13_UUP.pdf\">LV13<\/a>: <a href=\"https:\/\/www.geeksforgeeks.org\/software-engineering\/requirements-gathering-introduction-processes-benefits-and-tools\/\" target=\"_blank\" rel=\"noopener\">Prikupljanje i analiza<\/a> korisni\u010dkih <a href=\"https:\/\/www.indeed.com\/career-advice\/career-development\/requirement-gathering-techniques\" target=\"_blank\" rel=\"noopener\">zahtjeva<\/a> za jednostavnije primjere problema (UTR)<\/p>\n<p><a href=\"http:\/\/kristinka-blazeka-blog.from.hr\/files\/2026\/01\/LV14_UUP.pdf\">LV14<\/a>: <a href=\"https:\/\/qat.com\/guide-user-requirements\/\" target=\"_blank\" rel=\"noopener\">Prikupljanje i analiza<\/a> korisni\u010dkih zahtjeva sa prioritizacijom (UTR, tim, <a href=\"http:\/\/kristinka-blazeka-blog.from.hr\/files\/2026\/01\/User_Requirements_Worksheet.pdf\">dokument<\/a>)<\/p>\n<p style=\"background-color: #f3ce54\"><strong>I2: Izraditi jednostavnije programsko rje\u0161enje uporabom funkcija jednodimenzionalnog\/dvodimenzionalnog slijednog spremnika<\/strong><\/p>\n<p><a href=\"http:\/\/kristinka-blazeka-blog.from.hr\/files\/2026\/01\/LV15_UUP.pdf\">LV15<\/a>: Slijedni spremnik (jednodimenzionalno polje) (UTR)<\/p>\n<p><a href=\"http:\/\/kristinka-blazeka-blog.from.hr\/files\/2026\/01\/LV16_UUP.pdf\">LV16<\/a>: Slijedni spremnik (dvodimenzionalno polje) (UTR)<\/p>\n<p><a href=\"http:\/\/kristinka-blazeka-blog.from.hr\/files\/2026\/02\/LV17_UUP.pdf\">LV17<\/a>: Slijedni spremnik (nizovi znakova, stringovi) (UTR)<\/p>\n<p><strong>LV18: PROBLEMSKI ZADATAK &#8211; ispitna vje\u017eba (UTR)<\/strong><\/p>\n<p style=\"background-color: #f3ce54\"><strong>I3: Izraditi jednostavnije programsko rje\u0161enje uporabom funkcija zbirke stog<\/strong><\/p>\n<p><a href=\"http:\/\/kristinka-blazeka-blog.from.hr\/files\/2026\/03\/LV19_UUP.pdf\">LV19<\/a>: Slijedni spremnik (vektor, STL, osnovne funkcije) (UTR)<\/p>\n<p><a href=\"http:\/\/kristinka-blazeka-blog.from.hr\/files\/2026\/03\/LV20_UUP.pdf\">LV20<\/a>: Spremnik tipa stog,&nbsp; primjene (UTR)<\/p>\n<p><a href=\"http:\/\/kristinka-blazeka-blog.from.hr\/files\/2026\/03\/LV21_UUP.pdf\">LV21<\/a>: Spremnik tipa stog, PROBLEMSKI ZADATAK (UTR)<\/p>\n<p><strong>LV22: PROBLEMSKI ZADATAK &#8211; ispitna vje\u017eba (UTR)<\/strong><\/p>\n<p style=\"background-color: #f3ce54\"><strong>I4: Izraditi jednostavnije programsko rje\u0161enje uporabom funkcija zbirke red<\/strong><\/p>\n<p><a href=\"http:\/\/kristinka-blazeka-blog.from.hr\/files\/2026\/04\/LV23_UUP.pdf\">LV23<\/a>: Spremnik tipa red, STL, osnovne funkcije (UTR)<\/p>\n<p>LV24: Spremnik tipa red, slo\u017eeni algoritmi (UTR)<\/p>\n<p>LV25: Spremnik tipa red, PROBLEMSKI ZADATAK (UTR)<\/p>\n<p><strong>LV26: PROBLEMSKI ZADATAK &#8211; ispitna vje\u017eba (UTR)<\/strong><\/p>\n<p style=\"background-color: #f3ce54\"><strong>I5: Koristiti funkcije zbirke elemenata \u010diji redoslijed nije zadan smje\u0161tajem u memoriji (lista)<\/strong><\/p>\n<p>LV27: Spremnik tipa lista, STL, osnovne funkcije (UTR)<\/p>\n<p>LV28: Spremnik tipa lista, slo\u017eeni algoritmi (UTR)<\/p>\n<p>LV29: Spremnik tipa lista, PROBLEMSKI ZADATAK (UTR)<\/p>\n<p><strong>LV30: PROBLEMSKI ZADATAK &#8211; ispitna vje\u017eba (UTR)<\/strong><\/p>\n","protected":false},"excerpt":{"rendered":"<p>Uvod u programiranje, modularna nastava &#8211; UTR SIU1 Osnove programiranja &#8211; (REPOZITORIJ\/ZADACI) I1: Koristiti osnovne tipove podataka, matemati\u010dke, logi\u010dke i operatore usporedbe te ugra\u0111ene matemati\u010dke funkcije u linearnim problemima&nbsp; LV01: Integrirana razvojna programska okolina,&nbsp; u\/i podataka (UTR) LV02: Osnovni tipovi podataka, operatori i ugra\u0111ene matemati\u010dke funkcije (UTR) I2: Odrediti korake za rje\u0161avanje problema pomo\u0107u pseudokoda &hellip; <a href=\"http:\/\/kristinka-blazeka-blog.from.hr\/?page_id=4067\" class=\"more-link\">Nastavi \u010ditati <span class=\"screen-reader-text\">Uvod u programiranje<\/span> <span class=\"meta-nav\">&rarr;<\/span><\/a><\/p>\n","protected":false},"author":1263,"featured_media":0,"parent":0,"menu_order":0,"comment_status":"closed","ping_status":"closed","template":"","meta":{"ngg_post_thumbnail":0},"yoast_head":"<!-- This site is optimized with the Yoast SEO plugin v17.5 - https:\/\/yoast.com\/wordpress\/plugins\/seo\/ -->\n<meta name=\"robots\" content=\"index, follow, max-snippet:-1, max-image-preview:large, max-video-preview:-1\" \/>\n<link rel=\"canonical\" href=\"http:\/\/kristinka-blazeka-blog.from.hr\/?page_id=4067\" \/>\n<meta property=\"og:locale\" content=\"hr_HR\" \/>\n<meta property=\"og:type\" content=\"article\" \/>\n<meta property=\"og:title\" content=\"Uvod u programiranje - learning creative&amp;openminded\" \/>\n<meta property=\"og:description\" content=\"Uvod u programiranje, modularna nastava &#8211; UTR SIU1 Osnove programiranja &#8211; (REPOZITORIJ\/ZADACI) I1: Koristiti osnovne tipove podataka, matemati\u010dke, logi\u010dke i operatore usporedbe te ugra\u0111ene matemati\u010dke funkcije u linearnim problemima&nbsp; LV01: Integrirana razvojna programska okolina,&nbsp; u\/i podataka (UTR) LV02: Osnovni tipovi podataka, operatori i ugra\u0111ene matemati\u010dke funkcije (UTR) I2: Odrediti korake za rje\u0161avanje problema pomo\u0107u pseudokoda &hellip; Nastavi \u010ditati Uvod u programiranje &rarr;\" \/>\n<meta property=\"og:url\" content=\"http:\/\/kristinka-blazeka-blog.from.hr\/?page_id=4067\" \/>\n<meta property=\"og:site_name\" content=\"learning creative&amp;openminded\" \/>\n<meta property=\"article:modified_time\" content=\"2026-04-13T08:38:42+00:00\" \/>\n<meta name=\"twitter:card\" content=\"summary\" \/>\n<meta name=\"twitter:label1\" content=\"Procijenjeno vrijeme \u010ditanja\" \/>\n\t<meta name=\"twitter:data1\" content=\"2 minute\" \/>\n<script type=\"application\/ld+json\" class=\"yoast-schema-graph\">{\"@context\":\"https:\/\/schema.org\",\"@graph\":[{\"@type\":\"WebSite\",\"@id\":\"http:\/\/kristinka-blazeka-blog.from.hr\/#website\",\"url\":\"http:\/\/kristinka-blazeka-blog.from.hr\/\",\"name\":\"learning creative&amp;openminded\",\"description\":\"\\u201cFirst learn computer science and all the theory. Next develop a programming style. Then forget all that and just hack.\\u201d - George Carrette\",\"potentialAction\":[{\"@type\":\"SearchAction\",\"target\":{\"@type\":\"EntryPoint\",\"urlTemplate\":\"http:\/\/kristinka-blazeka-blog.from.hr\/?s={search_term_string}\"},\"query-input\":\"required name=search_term_string\"}],\"inLanguage\":\"hr\"},{\"@type\":\"WebPage\",\"@id\":\"http:\/\/kristinka-blazeka-blog.from.hr\/?page_id=4067#webpage\",\"url\":\"http:\/\/kristinka-blazeka-blog.from.hr\/?page_id=4067\",\"name\":\"Uvod u programiranje - learning creative&amp;openminded\",\"isPartOf\":{\"@id\":\"http:\/\/kristinka-blazeka-blog.from.hr\/#website\"},\"datePublished\":\"2025-08-15T18:16:06+00:00\",\"dateModified\":\"2026-04-13T08:38:42+00:00\",\"breadcrumb\":{\"@id\":\"http:\/\/kristinka-blazeka-blog.from.hr\/?page_id=4067#breadcrumb\"},\"inLanguage\":\"hr\",\"potentialAction\":[{\"@type\":\"ReadAction\",\"target\":[\"http:\/\/kristinka-blazeka-blog.from.hr\/?page_id=4067\"]}]},{\"@type\":\"BreadcrumbList\",\"@id\":\"http:\/\/kristinka-blazeka-blog.from.hr\/?page_id=4067#breadcrumb\",\"itemListElement\":[{\"@type\":\"ListItem\",\"position\":1,\"name\":\"Home\",\"item\":\"http:\/\/kristinka-blazeka-blog.from.hr\/\"},{\"@type\":\"ListItem\",\"position\":2,\"name\":\"Uvod u programiranje\"}]}]}<\/script>\n<!-- \/ Yoast SEO plugin. -->","yoast_head_json":{"robots":{"index":"index","follow":"follow","max-snippet":"max-snippet:-1","max-image-preview":"max-image-preview:large","max-video-preview":"max-video-preview:-1"},"canonical":"http:\/\/kristinka-blazeka-blog.from.hr\/?page_id=4067","og_locale":"hr_HR","og_type":"article","og_title":"Uvod u programiranje - learning creative&amp;openminded","og_description":"Uvod u programiranje, modularna nastava &#8211; UTR SIU1 Osnove programiranja &#8211; (REPOZITORIJ\/ZADACI) I1: Koristiti osnovne tipove podataka, matemati\u010dke, logi\u010dke i operatore usporedbe te ugra\u0111ene matemati\u010dke funkcije u linearnim problemima&nbsp; LV01: Integrirana razvojna programska okolina,&nbsp; u\/i podataka (UTR) LV02: Osnovni tipovi podataka, operatori i ugra\u0111ene matemati\u010dke funkcije (UTR) I2: Odrediti korake za rje\u0161avanje problema pomo\u0107u pseudokoda &hellip; Nastavi \u010ditati Uvod u programiranje &rarr;","og_url":"http:\/\/kristinka-blazeka-blog.from.hr\/?page_id=4067","og_site_name":"learning creative&amp;openminded","article_modified_time":"2026-04-13T08:38:42+00:00","twitter_card":"summary","twitter_misc":{"Procijenjeno vrijeme \u010ditanja":"2 minute"},"schema":{"@context":"https:\/\/schema.org","@graph":[{"@type":"WebSite","@id":"http:\/\/kristinka-blazeka-blog.from.hr\/#website","url":"http:\/\/kristinka-blazeka-blog.from.hr\/","name":"learning creative&amp;openminded","description":"\u201cFirst learn computer science and all the theory. Next develop a programming style. Then forget all that and just hack.\u201d - George Carrette","potentialAction":[{"@type":"SearchAction","target":{"@type":"EntryPoint","urlTemplate":"http:\/\/kristinka-blazeka-blog.from.hr\/?s={search_term_string}"},"query-input":"required name=search_term_string"}],"inLanguage":"hr"},{"@type":"WebPage","@id":"http:\/\/kristinka-blazeka-blog.from.hr\/?page_id=4067#webpage","url":"http:\/\/kristinka-blazeka-blog.from.hr\/?page_id=4067","name":"Uvod u programiranje - learning creative&amp;openminded","isPartOf":{"@id":"http:\/\/kristinka-blazeka-blog.from.hr\/#website"},"datePublished":"2025-08-15T18:16:06+00:00","dateModified":"2026-04-13T08:38:42+00:00","breadcrumb":{"@id":"http:\/\/kristinka-blazeka-blog.from.hr\/?page_id=4067#breadcrumb"},"inLanguage":"hr","potentialAction":[{"@type":"ReadAction","target":["http:\/\/kristinka-blazeka-blog.from.hr\/?page_id=4067"]}]},{"@type":"BreadcrumbList","@id":"http:\/\/kristinka-blazeka-blog.from.hr\/?page_id=4067#breadcrumb","itemListElement":[{"@type":"ListItem","position":1,"name":"Home","item":"http:\/\/kristinka-blazeka-blog.from.hr\/"},{"@type":"ListItem","position":2,"name":"Uvod u programiranje"}]}]}},"_links":{"self":[{"href":"http:\/\/kristinka-blazeka-blog.from.hr\/index.php?rest_route=\/wp\/v2\/pages\/4067"}],"collection":[{"href":"http:\/\/kristinka-blazeka-blog.from.hr\/index.php?rest_route=\/wp\/v2\/pages"}],"about":[{"href":"http:\/\/kristinka-blazeka-blog.from.hr\/index.php?rest_route=\/wp\/v2\/types\/page"}],"author":[{"embeddable":true,"href":"http:\/\/kristinka-blazeka-blog.from.hr\/index.php?rest_route=\/wp\/v2\/users\/1263"}],"replies":[{"embeddable":true,"href":"http:\/\/kristinka-blazeka-blog.from.hr\/index.php?rest_route=%2Fwp%2Fv2%2Fcomments&post=4067"}],"version-history":[{"count":57,"href":"http:\/\/kristinka-blazeka-blog.from.hr\/index.php?rest_route=\/wp\/v2\/pages\/4067\/revisions"}],"predecessor-version":[{"id":4685,"href":"http:\/\/kristinka-blazeka-blog.from.hr\/index.php?rest_route=\/wp\/v2\/pages\/4067\/revisions\/4685"}],"wp:attachment":[{"href":"http:\/\/kristinka-blazeka-blog.from.hr\/index.php?rest_route=%2Fwp%2Fv2%2Fmedia&parent=4067"}],"curies":[{"name":"wp","href":"https:\/\/api.w.org\/{rel}","templated":true}]}}