{"id":450,"date":"2018-10-17T10:37:16","date_gmt":"2018-10-17T10:37:16","guid":{"rendered":"http:\/\/kristinka-blazeka-blog.from.hr\/?page_id=450"},"modified":"2025-02-04T18:25:24","modified_gmt":"2025-02-04T18:25:24","slug":"nop-4","status":"publish","type":"page","link":"http:\/\/kristinka-blazeka-blog.from.hr\/?page_id=450","title":{"rendered":"NOP 4"},"content":{"rendered":"<h2>KORISNE POVEZNICE<\/h2>\n<p>Klase i objekti (poveznice):<br \/>\n<a href=\"https:\/\/docs.microsoft.com\/en-us\/dotnet\/csharp\/programming-guide\/classes-and-structs\/classes\">csharp\/programming-guide\/classes-and-structs\/classes<\/a><br \/>\n<a href=\"https:\/\/www.tutlane.com\/tutorial\/csharp\/csharp-properties-get-set\">csharp-properties-get-set<\/a><br \/>\n<a href=\"https:\/\/www.guru99.com\/c-sharp-tutorial.html\">c-sharp-tutorial.html<\/a><br \/>\n<a href=\"https:\/\/www.guru99.com\/c-sharp-class-object.html\">c-sharp-class-object.html<\/a><\/p>\n<p>&nbsp;<\/p>\n<h2>ZADACI:<\/h2>\n<ol>\n<li><strong>(razred 3.) Osnovna na\u010dela objektno-orijentiranog programiranja<\/strong> (navesti definiciju OO programiranja i nabrojiti osnovna na\u010dela (principe) OO programiranja, objasniti ih ukratko i navesti primjere, mo\u017ee se dodati i slike ili grafi\u010dke prikaze, tekst staviti na svoj web prostor u izbornik NOP, obavezno navesti izvore (internetske adrese))<\/li>\n<li><strong>(razred 4.)&nbsp;<\/strong>Napisati \u010dlanak\/objavu\/stranicu o standardima pisanja koda i imenovanja varijabli u C# , npr.&nbsp;<a href=\"https:\/\/docs.microsoft.com\/en-us\/dotnet\/csharp\/programming-guide\/inside-a-program\/coding-convention\">https:\/\/docs.microsoft.com\/en-us\/dotnet\/csharp\/programming-guide\/inside-a-program\/coding-convention<\/a>s<\/li>\n<li><strong>(razred 4.)&nbsp;<\/strong>Napisati \u010dlanak\/objavu\/stranicu o wpf-u sa uvodnim primjerom i postupkom pisanja (wpf, xaml, po\u010detni primjer, rad sa osnovnim kontrolama), npr.&nbsp;<a href=\"https:\/\/wpf-tutorial.com\/\">https:\/\/wpf-tutorial.com\/<\/a><\/li>\n<\/ol>\n<p>&nbsp;<\/p>\n<h2>ZADACI &#8211; programiranje<\/h2>\n<h3>Auto<\/h3>\n<p>Napraviti klasu Automobil. Svojstva su: proizvo\u0111a\u010d, model i snaga. Metode su DohvatiDetalje (sve informacije ispisane u retku), Spremi (sprema sve informacije u datoteku automobil.txt). U glavnom programu instancirati novi objekt moj_auto i tra\u017eiti unos svojstava. Ispisati sve podatke u datoteku.<\/p>\n","protected":false},"excerpt":{"rendered":"<p>KORISNE POVEZNICE Klase i objekti (poveznice): csharp\/programming-guide\/classes-and-structs\/classes csharp-properties-get-set c-sharp-tutorial.html c-sharp-class-object.html &nbsp; ZADACI: (razred 3.) Osnovna na\u010dela objektno-orijentiranog programiranja (navesti definiciju OO programiranja i nabrojiti osnovna na\u010dela (principe) OO programiranja, objasniti ih ukratko i navesti primjere, mo\u017ee se dodati i slike ili grafi\u010dke prikaze, tekst staviti na svoj web prostor u izbornik NOP, obavezno navesti izvore &hellip; <a href=\"http:\/\/kristinka-blazeka-blog.from.hr\/?page_id=450\" class=\"more-link\">Nastavi \u010ditati <span class=\"screen-reader-text\">NOP 4<\/span> <span class=\"meta-nav\">&rarr;<\/span><\/a><\/p>\n","protected":false},"author":1263,"featured_media":0,"parent":0,"menu_order":0,"comment_status":"closed","ping_status":"closed","template":"","meta":{"ngg_post_thumbnail":0},"yoast_head":"<!-- This site is optimized with the Yoast SEO plugin v17.5 - https:\/\/yoast.com\/wordpress\/plugins\/seo\/ -->\n<meta name=\"robots\" content=\"index, follow, max-snippet:-1, max-image-preview:large, max-video-preview:-1\" \/>\n<link rel=\"canonical\" href=\"http:\/\/kristinka-blazeka-blog.from.hr\/?page_id=450\" \/>\n<meta property=\"og:locale\" content=\"hr_HR\" \/>\n<meta property=\"og:type\" content=\"article\" \/>\n<meta property=\"og:title\" content=\"NOP 4 - learning creative&amp;openminded\" \/>\n<meta property=\"og:description\" content=\"KORISNE POVEZNICE Klase i objekti (poveznice): csharp\/programming-guide\/classes-and-structs\/classes csharp-properties-get-set c-sharp-tutorial.html c-sharp-class-object.html &nbsp; ZADACI: (razred 3.) Osnovna na\u010dela objektno-orijentiranog programiranja (navesti definiciju OO programiranja i nabrojiti osnovna na\u010dela (principe) OO programiranja, objasniti ih ukratko i navesti primjere, mo\u017ee se dodati i slike ili grafi\u010dke prikaze, tekst staviti na svoj web prostor u izbornik NOP, obavezno navesti izvore &hellip; Nastavi \u010ditati NOP 4 &rarr;\" \/>\n<meta property=\"og:url\" content=\"http:\/\/kristinka-blazeka-blog.from.hr\/?page_id=450\" \/>\n<meta property=\"og:site_name\" content=\"learning creative&amp;openminded\" \/>\n<meta property=\"article:modified_time\" content=\"2025-02-04T18:25:24+00:00\" \/>\n<meta name=\"twitter:card\" content=\"summary\" \/>\n<meta name=\"twitter:label1\" content=\"Procijenjeno vrijeme \u010ditanja\" \/>\n\t<meta name=\"twitter:data1\" content=\"1 minuta\" \/>\n<script type=\"application\/ld+json\" class=\"yoast-schema-graph\">{\"@context\":\"https:\/\/schema.org\",\"@graph\":[{\"@type\":\"WebSite\",\"@id\":\"http:\/\/kristinka-blazeka-blog.from.hr\/#website\",\"url\":\"http:\/\/kristinka-blazeka-blog.from.hr\/\",\"name\":\"learning creative&amp;openminded\",\"description\":\"\\u201cFirst learn computer science and all the theory. Next develop a programming style. Then forget all that and just hack.\\u201d - George Carrette\",\"potentialAction\":[{\"@type\":\"SearchAction\",\"target\":{\"@type\":\"EntryPoint\",\"urlTemplate\":\"http:\/\/kristinka-blazeka-blog.from.hr\/?s={search_term_string}\"},\"query-input\":\"required name=search_term_string\"}],\"inLanguage\":\"hr\"},{\"@type\":\"WebPage\",\"@id\":\"http:\/\/kristinka-blazeka-blog.from.hr\/?page_id=450#webpage\",\"url\":\"http:\/\/kristinka-blazeka-blog.from.hr\/?page_id=450\",\"name\":\"NOP 4 - learning creative&amp;openminded\",\"isPartOf\":{\"@id\":\"http:\/\/kristinka-blazeka-blog.from.hr\/#website\"},\"datePublished\":\"2018-10-17T10:37:16+00:00\",\"dateModified\":\"2025-02-04T18:25:24+00:00\",\"breadcrumb\":{\"@id\":\"http:\/\/kristinka-blazeka-blog.from.hr\/?page_id=450#breadcrumb\"},\"inLanguage\":\"hr\",\"potentialAction\":[{\"@type\":\"ReadAction\",\"target\":[\"http:\/\/kristinka-blazeka-blog.from.hr\/?page_id=450\"]}]},{\"@type\":\"BreadcrumbList\",\"@id\":\"http:\/\/kristinka-blazeka-blog.from.hr\/?page_id=450#breadcrumb\",\"itemListElement\":[{\"@type\":\"ListItem\",\"position\":1,\"name\":\"Home\",\"item\":\"http:\/\/kristinka-blazeka-blog.from.hr\/\"},{\"@type\":\"ListItem\",\"position\":2,\"name\":\"NOP 4\"}]}]}<\/script>\n<!-- \/ Yoast SEO plugin. -->","yoast_head_json":{"robots":{"index":"index","follow":"follow","max-snippet":"max-snippet:-1","max-image-preview":"max-image-preview:large","max-video-preview":"max-video-preview:-1"},"canonical":"http:\/\/kristinka-blazeka-blog.from.hr\/?page_id=450","og_locale":"hr_HR","og_type":"article","og_title":"NOP 4 - learning creative&amp;openminded","og_description":"KORISNE POVEZNICE Klase i objekti (poveznice): csharp\/programming-guide\/classes-and-structs\/classes csharp-properties-get-set c-sharp-tutorial.html c-sharp-class-object.html &nbsp; ZADACI: (razred 3.) Osnovna na\u010dela objektno-orijentiranog programiranja (navesti definiciju OO programiranja i nabrojiti osnovna na\u010dela (principe) OO programiranja, objasniti ih ukratko i navesti primjere, mo\u017ee se dodati i slike ili grafi\u010dke prikaze, tekst staviti na svoj web prostor u izbornik NOP, obavezno navesti izvore &hellip; Nastavi \u010ditati NOP 4 &rarr;","og_url":"http:\/\/kristinka-blazeka-blog.from.hr\/?page_id=450","og_site_name":"learning creative&amp;openminded","article_modified_time":"2025-02-04T18:25:24+00:00","twitter_card":"summary","twitter_misc":{"Procijenjeno vrijeme \u010ditanja":"1 minuta"},"schema":{"@context":"https:\/\/schema.org","@graph":[{"@type":"WebSite","@id":"http:\/\/kristinka-blazeka-blog.from.hr\/#website","url":"http:\/\/kristinka-blazeka-blog.from.hr\/","name":"learning creative&amp;openminded","description":"\u201cFirst learn computer science and all the theory. Next develop a programming style. Then forget all that and just hack.\u201d - George Carrette","potentialAction":[{"@type":"SearchAction","target":{"@type":"EntryPoint","urlTemplate":"http:\/\/kristinka-blazeka-blog.from.hr\/?s={search_term_string}"},"query-input":"required name=search_term_string"}],"inLanguage":"hr"},{"@type":"WebPage","@id":"http:\/\/kristinka-blazeka-blog.from.hr\/?page_id=450#webpage","url":"http:\/\/kristinka-blazeka-blog.from.hr\/?page_id=450","name":"NOP 4 - learning creative&amp;openminded","isPartOf":{"@id":"http:\/\/kristinka-blazeka-blog.from.hr\/#website"},"datePublished":"2018-10-17T10:37:16+00:00","dateModified":"2025-02-04T18:25:24+00:00","breadcrumb":{"@id":"http:\/\/kristinka-blazeka-blog.from.hr\/?page_id=450#breadcrumb"},"inLanguage":"hr","potentialAction":[{"@type":"ReadAction","target":["http:\/\/kristinka-blazeka-blog.from.hr\/?page_id=450"]}]},{"@type":"BreadcrumbList","@id":"http:\/\/kristinka-blazeka-blog.from.hr\/?page_id=450#breadcrumb","itemListElement":[{"@type":"ListItem","position":1,"name":"Home","item":"http:\/\/kristinka-blazeka-blog.from.hr\/"},{"@type":"ListItem","position":2,"name":"NOP 4"}]}]}},"_links":{"self":[{"href":"http:\/\/kristinka-blazeka-blog.from.hr\/index.php?rest_route=\/wp\/v2\/pages\/450"}],"collection":[{"href":"http:\/\/kristinka-blazeka-blog.from.hr\/index.php?rest_route=\/wp\/v2\/pages"}],"about":[{"href":"http:\/\/kristinka-blazeka-blog.from.hr\/index.php?rest_route=\/wp\/v2\/types\/page"}],"author":[{"embeddable":true,"href":"http:\/\/kristinka-blazeka-blog.from.hr\/index.php?rest_route=\/wp\/v2\/users\/1263"}],"replies":[{"embeddable":true,"href":"http:\/\/kristinka-blazeka-blog.from.hr\/index.php?rest_route=%2Fwp%2Fv2%2Fcomments&post=450"}],"version-history":[{"count":18,"href":"http:\/\/kristinka-blazeka-blog.from.hr\/index.php?rest_route=\/wp\/v2\/pages\/450\/revisions"}],"predecessor-version":[{"id":633,"href":"http:\/\/kristinka-blazeka-blog.from.hr\/index.php?rest_route=\/wp\/v2\/pages\/450\/revisions\/633"}],"wp:attachment":[{"href":"http:\/\/kristinka-blazeka-blog.from.hr\/index.php?rest_route=%2Fwp%2Fv2%2Fmedia&parent=450"}],"curies":[{"name":"wp","href":"https:\/\/api.w.org\/{rel}","templated":true}]}}