{"id":488,"date":"2019-05-30T14:19:22","date_gmt":"2019-05-30T14:19:22","guid":{"rendered":"http:\/\/kristinka-blazeka-blog.from.hr\/?page_id=488"},"modified":"2022-10-14T11:24:32","modified_gmt":"2022-10-14T11:24:32","slug":"algebra","status":"publish","type":"page","link":"http:\/\/kristinka-blazeka-blog.from.hr\/?page_id=488","title":{"rendered":"Ostalo"},"content":{"rendered":"<h2>Zadatak:<\/h2>\n<p>Napraviti web sjedi\u0161te Rekreativne aktivnosti sa osnovnom stranicom<br \/>\nna kojoj je samo slika, uvodni tekst i popis triju odabranih aktivnosti<br \/>\n(npr. plivanje, planinarenje, biciklizam).<\/p>\n<p>Svaka stavka iz popisa treba biti poveznica<br \/>\nna posebnu stranicu koja se otvara u novoj kartici preglednika kad se<br \/>\npozove. Na svakoj od preostale tri stranice tako\u0111er urediti sadr\u017eaj<br \/>\n(napraviti liste, odlomke &#8211; bar 3 odlomka teksta, naslove, slike i<br \/>\npoveznicu na po\u010detnu stranicu).<\/p>\n<p>Na svakoj stranici trebaju biti bar dvije slike od kojih je bar jedna<br \/>\nna webu (apsolutna adresa), a jedna lokalno (relativna adresa). Slika na<br \/>\nosnovnoj stranici treba biti \u0161irine 1600 pixela, a na ostalima 1024.<br \/>\nVisine slika su prema potrebi.<\/p>\n<p>Na po\u010detku dokumenta staviti malu prigodnu .gif animaciju (pliva\u010d,<br \/>\nplaninar, biciklist, trka\u010d i sl.)<\/p>\n<p>Zadatak 2.<\/p>\n<p><a href=\"http:\/\/kristinka-blazeka-blog.from.hr\/files\/2019\/05\/timeTable.gif\"><img loading=\"lazy\" class=\"aligncenter size-full wp-image-498\" src=\"http:\/\/kristinka-blazeka-blog.from.hr\/files\/2019\/05\/timeTable.gif\" alt=\"\" width=\"405\" height=\"204\"><\/a><\/p>\n<p><a href=\"http:\/\/kristinka-blazeka-blog.from.hr\/files\/2019\/05\/tabel10.gif\"><img loading=\"lazy\" class=\"aligncenter size-full wp-image-500\" src=\"http:\/\/kristinka-blazeka-blog.from.hr\/files\/2019\/05\/tabel10.gif\" alt=\"\" width=\"472\" height=\"278\"><\/a><\/p>\n<p><a href=\"http:\/\/kristinka-blazeka-blog.from.hr\/files\/2019\/05\/tabel17.png\"><img loading=\"lazy\" class=\"aligncenter size-full wp-image-501\" src=\"http:\/\/kristinka-blazeka-blog.from.hr\/files\/2019\/05\/tabel17.png\" alt=\"\" width=\"931\" height=\"264\" srcset=\"http:\/\/kristinka-blazeka-blog.from.hr\/files\/2019\/05\/tabel17.png 931w, http:\/\/kristinka-blazeka-blog.from.hr\/files\/2019\/05\/tabel17-300x85.png 300w, http:\/\/kristinka-blazeka-blog.from.hr\/files\/2019\/05\/tabel17-768x218.png 768w\" sizes=\"(max-width: 931px) 100vw, 931px\" \/><\/a><\/p>\n<p><a href=\"http:\/\/kristinka-blazeka-blog.from.hr\/files\/2019\/05\/412171.image0_.jpg\"><img loading=\"lazy\" class=\"aligncenter size-full wp-image-503\" src=\"http:\/\/kristinka-blazeka-blog.from.hr\/files\/2019\/05\/412171.image0_.jpg\" alt=\"\" width=\"533\" height=\"400\" srcset=\"http:\/\/kristinka-blazeka-blog.from.hr\/files\/2019\/05\/412171.image0_.jpg 533w, http:\/\/kristinka-blazeka-blog.from.hr\/files\/2019\/05\/412171.image0_-300x225.jpg 300w\" sizes=\"(max-width: 533px) 100vw, 533px\" \/><\/a><\/p>\n<p><a href=\"http:\/\/kristinka-blazeka-blog.from.hr\/files\/2019\/05\/Table-sample-appearance-default-params-values-01.gif\"><img loading=\"lazy\" class=\"aligncenter size-full wp-image-502\" src=\"http:\/\/kristinka-blazeka-blog.from.hr\/files\/2019\/05\/Table-sample-appearance-default-params-values-01.gif\" alt=\"\" width=\"519\" height=\"299\"><\/a><\/p>\n<p><a href=\"http:\/\/kristinka-blazeka-blog.from.hr\/files\/2019\/05\/media_838_83824ee3-c59c-484e-a28c-3408dd505b8b_phpe2A3Br.png\"><img loading=\"lazy\" class=\"aligncenter size-full wp-image-504\" src=\"http:\/\/kristinka-blazeka-blog.from.hr\/files\/2019\/05\/media_838_83824ee3-c59c-484e-a28c-3408dd505b8b_phpe2A3Br.png\" alt=\"\" width=\"1024\" height=\"477\" srcset=\"http:\/\/kristinka-blazeka-blog.from.hr\/files\/2019\/05\/media_838_83824ee3-c59c-484e-a28c-3408dd505b8b_phpe2A3Br.png 1024w, http:\/\/kristinka-blazeka-blog.from.hr\/files\/2019\/05\/media_838_83824ee3-c59c-484e-a28c-3408dd505b8b_phpe2A3Br-300x140.png 300w, http:\/\/kristinka-blazeka-blog.from.hr\/files\/2019\/05\/media_838_83824ee3-c59c-484e-a28c-3408dd505b8b_phpe2A3Br-768x358.png 768w\" sizes=\"(max-width: 1024px) 100vw, 1024px\" \/><\/a><\/p>\n<p>Zadatak 3.<\/p>\n<p>&lt;body&gt;<br \/>\n&lt;!&#8211; naslov stranice &#8211;&gt;<br \/>\n&lt;p&gt;&lt;\/p&gt;<br \/>\n&lt;p&gt;<br \/>\nAlaska Vacations | Montana Mountain Bike | Montana River Trips | Hawaii &#8211; Multisport<br \/>\n&lt;\/p&gt;<\/p>\n<p>&lt;!&#8211; prvi odlomak &#8211;&gt;<br \/>\n&lt;a name=&#8221;alaska&#8221;&gt;&lt;\/a&gt;&lt;h3&gt;&lt;img src=&#8221;..\/images\/tri_top.gif&#8221; width=&#8221;15&#8243; height=&#8221;13&#8243; border=&#8221;0&#8243;&gt;&amp;nbsp;Alaska Vacations&lt;\/h3&gt;<br \/>\n&lt;p&gt;In only seven days, this wonderful itinerary offers a representative cross section of Alaska from the varied wilderness interior to the rugged maritime environments, traversing three major mountain ranges and hundreds of miles of marine sanctuary and coastline in this tour accessible to all. If longing to see some of the real Alaska, but don&#8217;t care to camp, then this is the tour for you. &amp;nbsp;(Add a link to a PDF)&lt;\/p&gt;<\/p>\n<p>&lt;!&#8211; drugi odlomak &#8211;&gt;<br \/>\n&lt;a name=&#8221;monbike&#8221;&gt;&lt;\/a&gt;&lt;h3&gt;&lt;img src=&#8221;..\/images\/tri_top.gif&#8221; width=&#8221;15&#8243; height=&#8221;13&#8243; border=&#8221;0&#8243;&gt;&amp;nbsp;Montana Mountain Bike&lt;\/h3&gt;<br \/>\n&lt;p&gt;We&#8217;ve chosen some of the best cycling routes in Montana for your perusal. They&#8217;re graded by difficulty and length, so you can find a short, easy ride that&#8217;s just right for you and your family, or a longer multi-day adventure. Go to the index below for a list&amp;nbsp;and description of&amp;nbsp;the currently-available rides. We&#8217;re adding more rides all the time, so check back before you throw your bikes on the rack and head for the Big Sky Country.&lt;\/p&gt;<br \/>\n&lt;p&gt;Lake Koocanusa Loop &#8211; Road Bike&lt;\/p&gt;<br \/>\n&lt;p&gt;Flint Creek Ramble &#8211; Road Bike&lt;\/p&gt;<br \/>\n&lt;p&gt;Flint Creek Ramble &#8211; Road Bike&lt;\/p&gt;<br \/>\n&lt;p&gt;Big Hole River &#8211; Road Bike&lt;\/p&gt;<br \/>\n&lt;p&gt;Red Rocks Lake Wildlife Refuge &#8211; Mountain Bike&lt;\/p&gt;<\/p>\n<p>&lt;!&#8211; treci odlomak &#8211;&gt;<br \/>\n&lt;a name=&#8221;river&#8221;&gt;&lt;\/a&gt;&lt;h3&gt;&lt;img src=&#8221;..\/images\/tri_top.gif&#8221; width=&#8221;15&#8243; height=&#8221;13&#8243; border=&#8221;0&#8243;&gt;&amp;nbsp;Montana River Trips&lt;\/h3&gt;<br \/>\n&lt;p&gt;Big Sky Country offers some of the most exciting white water rafting and scenic river trips in the nation. From Montana&#8217;s snowy peaks and the Yellowstone Plateau, pristine waters converge and flow through spectacular canyons and valleys. Experience the thrill of whitewater on a raft trip down the Alberton Gorge, near Missoula, or the tranquil beauty of the wild and scenic Upper Missouri, near Fort Benton. You can explore Montana&#8217;s rivers in many ways, Compass Adventure Tours offers a variety of trips on driftboats, rafts, kayaks and canoes. &lt;\/p&gt;<\/p>\n<p>&lt;!&#8211; cetvrti odlomak &#8211;&gt;<br \/>\n&lt;a name=&#8221;hawaii&#8221;&gt;&lt;\/a&gt;&lt;h3&gt;&lt;img src=&#8221;..\/images\/tri_top.gif&#8221; width=&#8221;15&#8243; height=&#8221;13&#8243; border=&#8221;0&#8243;&gt;&amp;nbsp;Hawaii &#8211; Multisport&lt;\/h3&gt;<br \/>\n&lt;p&gt;Balmy island evenings, amber sunsets, palm-fringed white and black sand beaches, lush green tropical rainforests, spectacular vistas of mountains and the crashing surf, the thrill of watching red-hot lava flow into the blue sea \u2014 this is the Big Island of Hawaii. You\u2019ll explore on country roads the very best parts of the largest of the 124 islands that comprise the state of Hawaii.&lt;\/p&gt;<br \/>\n&lt;p&gt;Prices include lodging, three meals a day (except one lunch on some trips), drinks and snacks from the van, maps and written route directions, all support vans and trailers as required, taxes, all gratuities to waiters (except for items that you pay for), and baggage handlers, leadership, all maintenance on rental bicycles, all park entrance fees, sea kayaking, rafting, canoe rentals, wildlife cruises, boat rides, snorkeling, and tourist attractions where noted in the trip descriptions, and ferry boat tickets where the ferry ride is part of a day&#8217;s standard cycling route.&lt;\/p&gt;<\/p>\n<p>&lt;\/body&gt;<\/p>\n<p>&nbsp;<\/p>\n<p>&nbsp;<\/p>\n<p><a href=\"http:\/\/kristinka-blazeka-blog.from.hr\/files\/2019\/05\/top_logo.gif\"><img loading=\"lazy\" class=\"aligncenter size-full wp-image-494\" src=\"http:\/\/kristinka-blazeka-blog.from.hr\/files\/2019\/05\/top_logo.gif\" alt=\"\" width=\"575\" height=\"66\"><\/a><\/p>\n<p><a href=\"http:\/\/kristinka-blazeka-blog.from.hr\/files\/2019\/05\/diver.jpg\"><img loading=\"lazy\" class=\"aligncenter size-full wp-image-492\" src=\"http:\/\/kristinka-blazeka-blog.from.hr\/files\/2019\/05\/diver.jpg\" alt=\"\" width=\"150\" height=\"100\"><\/a><a href=\"http:\/\/kristinka-blazeka-blog.from.hr\/files\/2019\/05\/downhill.jpg\"><img loading=\"lazy\" class=\"aligncenter size-full wp-image-493\" src=\"http:\/\/kristinka-blazeka-blog.from.hr\/files\/2019\/05\/downhill.jpg\" alt=\"\" width=\"150\" height=\"99\"><\/a><a href=\"http:\/\/kristinka-blazeka-blog.from.hr\/files\/2019\/05\/tri_right.gif\"><img loading=\"lazy\" class=\"aligncenter size-full wp-image-495\" src=\"http:\/\/kristinka-blazeka-blog.from.hr\/files\/2019\/05\/tri_right.gif\" alt=\"\" width=\"10\" height=\"9\"><\/a><a href=\"http:\/\/kristinka-blazeka-blog.from.hr\/files\/2019\/05\/tri_top.gif\"><img loading=\"lazy\" class=\"aligncenter size-full wp-image-496\" src=\"http:\/\/kristinka-blazeka-blog.from.hr\/files\/2019\/05\/tri_top.gif\" alt=\"\" width=\"15\" height=\"13\"><\/a><\/p>\n<p>zadatak 4. Vje\u017eba &#8211; obrasci<\/p>\n<p><img src=\"http:\/\/www.webbasedprogramming.com\/Teach-Yourself-Web-Publishing-with-HTML-3.2-in-14-Days\/f24-2.gif\" alt=\"Slikovni rezultat za simple html form exercises for beginners\"><\/p>\n<p><img src=\"https:\/\/camo.githubusercontent.com\/4b284ab9e098349638def6fbd1926c7d976bc3a7\/68747470733a2f2f7261772e6769746875622e636f6d2f6a617373736f6e7065742f54656c6572696b41636164656d792f6d61737465722f57656244657369676e2f312e48544d4c4261736963732f342e48544d4c466f726d734672616d65732f312e526567697374726174696f6e466f726d2f696e6465782e706e67\" alt=\"Povezana slika\"><\/p>\n<p>&nbsp;<\/p>\n<p>zadatak &#8211; Vje\u017eba 5<\/p>\n<p>&nbsp;<\/p>\n<p>Want to experience fast trails and technical descents? We have just the extreme mountain biking trip for you. You&#8217;ll spend four days in the most beautiful country with trails that are designed for the experienced biker.<\/p>\n<p>The trails take riders on incredible single track, slick rock, and jeep roads through indescribably beautiful terrain. The tour concludes with a ride at the famed Slippery Rock Bike Trail, and a shuttle ride that returns you to Fruita, Colorado.<\/p>\n<p>First time backcountry riders are cautioned that this is a rather technical and physically challenging area including considerable amounts of single track. Beginning riders who want to lay claim to the memories offered by the trail, but hesitate to experience the heart-pounding thrill of a radical downhill single track should consider one of our day rides.<\/p>\n<p><a href=\"http:\/\/kristinka-blazeka-blog.from.hr\/files\/2019\/05\/downhill-1.jpg\"><img loading=\"lazy\" class=\"aligncenter size-full wp-image-511\" src=\"http:\/\/kristinka-blazeka-blog.from.hr\/files\/2019\/05\/downhill-1.jpg\" alt=\"\" width=\"225\" height=\"149\"><\/a> <a href=\"http:\/\/kristinka-blazeka-blog.from.hr\/files\/2019\/05\/ribbed_bkg.gif\"><img loading=\"lazy\" class=\"aligncenter size-full wp-image-512\" src=\"http:\/\/kristinka-blazeka-blog.from.hr\/files\/2019\/05\/ribbed_bkg.gif\" alt=\"\" width=\"697\" height=\"9\"><\/a><\/p>\n<p>Request Information<br \/>\nName:<\/p>\n<p>E-mail:<\/p>\n<p>Password:<\/p>\n<p>Country: Australia Mexico Portugal United Kingdom United States<\/p>\n<p>Comment:<\/p>\n<p>I am interested in these activities: Mountain Biking White Water Rafting Surfing<\/p>\n<p>Choose your travel destination first choice: Hawaii Australia Colorado<\/p>\n<h1>ispit<\/h1>\n<p>Hawaii &#8211; Multisport<\/p>\n<p>Montana River Trips<\/p>\n<p>Alaska Vacations<\/p>\n<p>Montana Mountain Bike<\/p>\n<p>Hawaii &#8211; Multisport<br \/>\nBalmy island evenings, amber sunsets, palm-fringed white and black sand beaches, lush green tropical rainforests, spectacular vistas of mountains and the crashing surf, the thrill of watching red-hot lava flow into the blue sea &#8211; this is the Big Island of Hawaii. You&#8217;ll explore on country roads the very best parts of the largest of the 124 islands that comprise the state of Hawaii. Prices include lodging, three meals a day (except one lunch on some trips), drinks and snacks from the van, maps and written route directions, all support vans and trailers as required, taxes, all gratuities to waiters (except for items that you pay for), and baggage handlers, leadership, all maintenance on rental bicycles, all park entrance fees, sea kayaking, rafting, canoe rentals, wildlife cruises, boat rides, snorkeling, and tourist attractions where noted in the trip descriptions, and ferry boat tickets where the ferry ride is part of a day&#8217;s standard cycling route.<br \/>\nMontana River Trips<br \/>\nBig Sky Country offers some of the most exciting white water rafting and scenic river trips in the nation. From Montana&#8217;s snowy peaks and the Yellowstone Plateau, pristine waters converge and flow through spectacular canyons and valleys. Experience the thrill of whitewater on a raft trip down the Alberton Gorge, near Missoula, or the tranquil beauty of the wild and scenic Upper Missouri, near Fort Benton. You can explore Montana&#8217;s rivers in many ways, Compass Adventure Tours offers a variety of trips on driftboats, rafts, kayaks and canoes.<\/p>\n<p>Alaska Vacations<br \/>\nIn only seven days, this wonderful itinerary offers a representative cross section of Alaska from the varied wilderness interior to the rugged maritime environments, traversing three major mountain ranges and hundreds of miles of marine sanctuary and coastline in this tour accessible to all. If longing to see some of the real Alaska, but don&#8217;t care to camp, then this is the tour for you. &lt;a href=&#8221;#&#8221;&gt;more &#8230;&lt;\/a&gt;&lt;\/td&gt;<\/p>\n<p>Montana Mountain Bike<br \/>\nWe&#8217;ve chosen some of the best cycling routes in Montana for your perusal. They&#8217;re graded by difficulty and length, so you can find a short, easy ride that&#8217;s just right for you and your family, or a longer multi-day adventure. Go to the index below for a list and description of the currently-available rides. We&#8217;re adding more rides all the time, so check back before you throw your bikes on the rack and head for the Big Sky Country.<\/p>\n<p>Lake Koocanusa Loop &#8211; Road Bike<br \/>\nFlint Creek Ramble &#8211; Road Bike<br \/>\nRed Rocks Lake Wildlife Refuge &#8211; Mountain Bike<br \/>\nBig Hole River &#8211; Road Bike<\/p>\n<p>&nbsp;<\/p>\n<p><a href=\"http:\/\/kristinka-blazeka-blog.from.hr\/files\/2019\/05\/diver-1.jpg\"><img loading=\"lazy\" class=\"aligncenter size-full wp-image-518\" src=\"http:\/\/kristinka-blazeka-blog.from.hr\/files\/2019\/05\/diver-1.jpg\" alt=\"\" width=\"150\" height=\"100\"><\/a> <a href=\"http:\/\/kristinka-blazeka-blog.from.hr\/files\/2019\/05\/downhill-2.jpg\"><img loading=\"lazy\" class=\"aligncenter size-full wp-image-519\" src=\"http:\/\/kristinka-blazeka-blog.from.hr\/files\/2019\/05\/downhill-2.jpg\" alt=\"\" width=\"225\" height=\"149\"><\/a> <a href=\"http:\/\/kristinka-blazeka-blog.from.hr\/files\/2019\/05\/emerald_bay.jpg\"><img loading=\"lazy\" class=\"aligncenter size-full wp-image-520\" src=\"http:\/\/kristinka-blazeka-blog.from.hr\/files\/2019\/05\/emerald_bay.jpg\" alt=\"\" width=\"261\" height=\"172\"><\/a> <a href=\"http:\/\/kristinka-blazeka-blog.from.hr\/files\/2019\/05\/rafting.jpg\"><img loading=\"lazy\" class=\"aligncenter size-full wp-image-521\" src=\"http:\/\/kristinka-blazeka-blog.from.hr\/files\/2019\/05\/rafting.jpg\" alt=\"\" width=\"278\" height=\"183\"><\/a> <a href=\"http:\/\/kristinka-blazeka-blog.from.hr\/files\/2019\/05\/ribbed_bkg-1.gif\"><img loading=\"lazy\" class=\"aligncenter size-full wp-image-522\" src=\"http:\/\/kristinka-blazeka-blog.from.hr\/files\/2019\/05\/ribbed_bkg-1.gif\" alt=\"\" width=\"697\" height=\"9\"><\/a> <a href=\"http:\/\/kristinka-blazeka-blog.from.hr\/files\/2019\/05\/top_logo-1.gif\"><img loading=\"lazy\" class=\"aligncenter size-full wp-image-523\" src=\"http:\/\/kristinka-blazeka-blog.from.hr\/files\/2019\/05\/top_logo-1.gif\" alt=\"\" width=\"575\" height=\"66\"><\/a><\/p>\n","protected":false},"excerpt":{"rendered":"<p>Zadatak: Napraviti web sjedi\u0161te Rekreativne aktivnosti sa osnovnom stranicom na kojoj je samo slika, uvodni tekst i popis triju odabranih aktivnosti (npr. plivanje, planinarenje, biciklizam). Svaka stavka iz popisa treba biti poveznica na posebnu stranicu koja se otvara u novoj kartici preglednika kad se pozove. Na svakoj od preostale tri stranice tako\u0111er urediti sadr\u017eaj (napraviti &hellip; <a href=\"http:\/\/kristinka-blazeka-blog.from.hr\/?page_id=488\" class=\"more-link\">Nastavi \u010ditati <span class=\"screen-reader-text\">Ostalo<\/span> <span class=\"meta-nav\">&rarr;<\/span><\/a><\/p>\n","protected":false},"author":1263,"featured_media":0,"parent":0,"menu_order":0,"comment_status":"closed","ping_status":"closed","template":"","meta":{"ngg_post_thumbnail":0},"yoast_head":"<!-- This site is optimized with the Yoast SEO plugin v17.5 - https:\/\/yoast.com\/wordpress\/plugins\/seo\/ -->\n<meta name=\"robots\" content=\"index, follow, max-snippet:-1, max-image-preview:large, max-video-preview:-1\" \/>\n<link rel=\"canonical\" href=\"http:\/\/kristinka-blazeka-blog.from.hr\/?page_id=488\" \/>\n<meta property=\"og:locale\" content=\"hr_HR\" \/>\n<meta property=\"og:type\" content=\"article\" \/>\n<meta property=\"og:title\" content=\"Ostalo - learning creative&amp;openminded\" \/>\n<meta property=\"og:description\" content=\"Zadatak: Napraviti web sjedi\u0161te Rekreativne aktivnosti sa osnovnom stranicom na kojoj je samo slika, uvodni tekst i popis triju odabranih aktivnosti (npr. plivanje, planinarenje, biciklizam). Svaka stavka iz popisa treba biti poveznica na posebnu stranicu koja se otvara u novoj kartici preglednika kad se pozove. Na svakoj od preostale tri stranice tako\u0111er urediti sadr\u017eaj (napraviti &hellip; Nastavi \u010ditati Ostalo &rarr;\" \/>\n<meta property=\"og:url\" content=\"http:\/\/kristinka-blazeka-blog.from.hr\/?page_id=488\" \/>\n<meta property=\"og:site_name\" content=\"learning creative&amp;openminded\" \/>\n<meta property=\"article:modified_time\" content=\"2022-10-14T11:24:32+00:00\" \/>\n<meta property=\"og:image\" content=\"http:\/\/kristinka-blazeka-blog.from.hr\/files\/2019\/05\/timeTable.gif\" \/>\n<meta name=\"twitter:card\" content=\"summary\" \/>\n<meta name=\"twitter:label1\" content=\"Procijenjeno vrijeme \u010ditanja\" \/>\n\t<meta name=\"twitter:data1\" content=\"7 minuta\" \/>\n<script type=\"application\/ld+json\" class=\"yoast-schema-graph\">{\"@context\":\"https:\/\/schema.org\",\"@graph\":[{\"@type\":\"WebSite\",\"@id\":\"http:\/\/kristinka-blazeka-blog.from.hr\/#website\",\"url\":\"http:\/\/kristinka-blazeka-blog.from.hr\/\",\"name\":\"learning creative&amp;openminded\",\"description\":\"\\u201cFirst learn computer science and all the theory. Next develop a programming style. Then forget all that and just hack.\\u201d - George Carrette\",\"potentialAction\":[{\"@type\":\"SearchAction\",\"target\":{\"@type\":\"EntryPoint\",\"urlTemplate\":\"http:\/\/kristinka-blazeka-blog.from.hr\/?s={search_term_string}\"},\"query-input\":\"required name=search_term_string\"}],\"inLanguage\":\"hr\"},{\"@type\":\"ImageObject\",\"@id\":\"http:\/\/kristinka-blazeka-blog.from.hr\/?page_id=488#primaryimage\",\"inLanguage\":\"hr\",\"url\":\"http:\/\/kristinka-blazeka-blog.from.hr\/files\/2019\/05\/timeTable.gif\",\"contentUrl\":\"http:\/\/kristinka-blazeka-blog.from.hr\/files\/2019\/05\/timeTable.gif\"},{\"@type\":\"WebPage\",\"@id\":\"http:\/\/kristinka-blazeka-blog.from.hr\/?page_id=488#webpage\",\"url\":\"http:\/\/kristinka-blazeka-blog.from.hr\/?page_id=488\",\"name\":\"Ostalo - learning creative&amp;openminded\",\"isPartOf\":{\"@id\":\"http:\/\/kristinka-blazeka-blog.from.hr\/#website\"},\"primaryImageOfPage\":{\"@id\":\"http:\/\/kristinka-blazeka-blog.from.hr\/?page_id=488#primaryimage\"},\"datePublished\":\"2019-05-30T14:19:22+00:00\",\"dateModified\":\"2022-10-14T11:24:32+00:00\",\"breadcrumb\":{\"@id\":\"http:\/\/kristinka-blazeka-blog.from.hr\/?page_id=488#breadcrumb\"},\"inLanguage\":\"hr\",\"potentialAction\":[{\"@type\":\"ReadAction\",\"target\":[\"http:\/\/kristinka-blazeka-blog.from.hr\/?page_id=488\"]}]},{\"@type\":\"BreadcrumbList\",\"@id\":\"http:\/\/kristinka-blazeka-blog.from.hr\/?page_id=488#breadcrumb\",\"itemListElement\":[{\"@type\":\"ListItem\",\"position\":1,\"name\":\"Home\",\"item\":\"http:\/\/kristinka-blazeka-blog.from.hr\/\"},{\"@type\":\"ListItem\",\"position\":2,\"name\":\"Ostalo\"}]}]}<\/script>\n<!-- \/ Yoast SEO plugin. -->","yoast_head_json":{"robots":{"index":"index","follow":"follow","max-snippet":"max-snippet:-1","max-image-preview":"max-image-preview:large","max-video-preview":"max-video-preview:-1"},"canonical":"http:\/\/kristinka-blazeka-blog.from.hr\/?page_id=488","og_locale":"hr_HR","og_type":"article","og_title":"Ostalo - learning creative&amp;openminded","og_description":"Zadatak: Napraviti web sjedi\u0161te Rekreativne aktivnosti sa osnovnom stranicom na kojoj je samo slika, uvodni tekst i popis triju odabranih aktivnosti (npr. plivanje, planinarenje, biciklizam). Svaka stavka iz popisa treba biti poveznica na posebnu stranicu koja se otvara u novoj kartici preglednika kad se pozove. Na svakoj od preostale tri stranice tako\u0111er urediti sadr\u017eaj (napraviti &hellip; Nastavi \u010ditati Ostalo &rarr;","og_url":"http:\/\/kristinka-blazeka-blog.from.hr\/?page_id=488","og_site_name":"learning creative&amp;openminded","article_modified_time":"2022-10-14T11:24:32+00:00","og_image":[{"url":"http:\/\/kristinka-blazeka-blog.from.hr\/files\/2019\/05\/timeTable.gif"}],"twitter_card":"summary","twitter_misc":{"Procijenjeno vrijeme \u010ditanja":"7 minuta"},"schema":{"@context":"https:\/\/schema.org","@graph":[{"@type":"WebSite","@id":"http:\/\/kristinka-blazeka-blog.from.hr\/#website","url":"http:\/\/kristinka-blazeka-blog.from.hr\/","name":"learning creative&amp;openminded","description":"\u201cFirst learn computer science and all the theory. Next develop a programming style. Then forget all that and just hack.\u201d - George Carrette","potentialAction":[{"@type":"SearchAction","target":{"@type":"EntryPoint","urlTemplate":"http:\/\/kristinka-blazeka-blog.from.hr\/?s={search_term_string}"},"query-input":"required name=search_term_string"}],"inLanguage":"hr"},{"@type":"ImageObject","@id":"http:\/\/kristinka-blazeka-blog.from.hr\/?page_id=488#primaryimage","inLanguage":"hr","url":"http:\/\/kristinka-blazeka-blog.from.hr\/files\/2019\/05\/timeTable.gif","contentUrl":"http:\/\/kristinka-blazeka-blog.from.hr\/files\/2019\/05\/timeTable.gif"},{"@type":"WebPage","@id":"http:\/\/kristinka-blazeka-blog.from.hr\/?page_id=488#webpage","url":"http:\/\/kristinka-blazeka-blog.from.hr\/?page_id=488","name":"Ostalo - learning creative&amp;openminded","isPartOf":{"@id":"http:\/\/kristinka-blazeka-blog.from.hr\/#website"},"primaryImageOfPage":{"@id":"http:\/\/kristinka-blazeka-blog.from.hr\/?page_id=488#primaryimage"},"datePublished":"2019-05-30T14:19:22+00:00","dateModified":"2022-10-14T11:24:32+00:00","breadcrumb":{"@id":"http:\/\/kristinka-blazeka-blog.from.hr\/?page_id=488#breadcrumb"},"inLanguage":"hr","potentialAction":[{"@type":"ReadAction","target":["http:\/\/kristinka-blazeka-blog.from.hr\/?page_id=488"]}]},{"@type":"BreadcrumbList","@id":"http:\/\/kristinka-blazeka-blog.from.hr\/?page_id=488#breadcrumb","itemListElement":[{"@type":"ListItem","position":1,"name":"Home","item":"http:\/\/kristinka-blazeka-blog.from.hr\/"},{"@type":"ListItem","position":2,"name":"Ostalo"}]}]}},"_links":{"self":[{"href":"http:\/\/kristinka-blazeka-blog.from.hr\/index.php?rest_route=\/wp\/v2\/pages\/488"}],"collection":[{"href":"http:\/\/kristinka-blazeka-blog.from.hr\/index.php?rest_route=\/wp\/v2\/pages"}],"about":[{"href":"http:\/\/kristinka-blazeka-blog.from.hr\/index.php?rest_route=\/wp\/v2\/types\/page"}],"author":[{"embeddable":true,"href":"http:\/\/kristinka-blazeka-blog.from.hr\/index.php?rest_route=\/wp\/v2\/users\/1263"}],"replies":[{"embeddable":true,"href":"http:\/\/kristinka-blazeka-blog.from.hr\/index.php?rest_route=%2Fwp%2Fv2%2Fcomments&post=488"}],"version-history":[{"count":15,"href":"http:\/\/kristinka-blazeka-blog.from.hr\/index.php?rest_route=\/wp\/v2\/pages\/488\/revisions"}],"predecessor-version":[{"id":3017,"href":"http:\/\/kristinka-blazeka-blog.from.hr\/index.php?rest_route=\/wp\/v2\/pages\/488\/revisions\/3017"}],"wp:attachment":[{"href":"http:\/\/kristinka-blazeka-blog.from.hr\/index.php?rest_route=%2Fwp%2Fv2%2Fmedia&parent=488"}],"curies":[{"name":"wp","href":"https:\/\/api.w.org\/{rel}","templated":true}]}}