{"id":731,"date":"2019-10-07T20:59:44","date_gmt":"2019-10-07T20:59:44","guid":{"rendered":"http:\/\/kristinka-blazeka-blog.from.hr\/?page_id=731"},"modified":"2019-12-08T21:17:06","modified_gmt":"2019-12-08T21:17:06","slug":"kabeliranje-lan","status":"publish","type":"page","link":"http:\/\/kristinka-blazeka-blog.from.hr\/?page_id=731","title":{"rendered":"Kabliranje LAN"},"content":{"rendered":"<p>2.4. Kabliranje lokalnih mre\u017ea<\/p>\n<p><a href=\"http:\/\/www.ciscopress.com\/articles\/article.asp?p=169686\" target=\"_blank\">CISCO kabliranje<\/a><\/p>\n<p><img class=\"n3VNCb\" src=\"https:\/\/cdn.imgbin.com\/8\/10\/1\/imgbin-computer-network-local-area-network-network-cables-structured-cabling-wide-area-network-inform-tica-20GHDm6bAEyZ8yB8eVEBiN97L.jpg\" alt=\"Slikovni rezultat za network cabling&quot;\"><\/p>\n<p>Pri planiranju kabeliranja LAN-a razmatraju se: radno podru\u010dje, telekomunikacijska soba, horizontalno i vertikalno kabeliranje (sl. 61).<\/p>\n<p><img loading=\"lazy\" class=\"irc_mi\" src=\"https:\/\/upload.wikimedia.org\/wikipedia\/commons\/thumb\/e\/eb\/Structured_Cabling.png\/400px-Structured_Cabling.png\" alt=\"Slikovni rezultat za structured cabling areas LAN\" width=\"400\" height=\"249\"><\/p>\n<p>Za povezivanje krajnjih ure\u0111aja na mre\u017eu u radnom podru\u010dju, odnosno povezivanje krajnjeg ure\u0111aja i uti\u010dnice u zidu upotrebljavaju se tzv. patch kabeli. Ravni UTP kabel (straight through) naj\u010de\u0161\u0107e se upotrebljava kao patch kabel. Pomo\u0107u njega se krajnji ure\u0111aji spajaju na mre\u017eu. Ako se u radnom podru\u010dju nalaze mre\u017eni ure\u0111aji kao \u0161to su koncentrator (hub) ili preklopnik (switch) tada se za spajanje tih ure\u0111aja u mre\u017eu, odnosno uti\u010dnicu u zidu upotrebljava tzv. kri\u017eani UTP kabel (crossover).<\/p>\n<p>U telekomunikacijskoj sobi nalaze se mre\u017eni ure\u0111aji kao \u0161to su koncentratori (hub), preklopnici (switch), usmjernici (router) i DSU ure\u0111aj (data service device). Ovi su ure\u0111aji me\u0111usobno povezani pomo\u0107u patch panela i veza su izme\u0111u horizontalnog i vertikalnog kabeliranja. U telekomunikacijskoj sobi su obi\u010dno i poslu\u017eitelji koji se upotrebljavaju u mre\u017ei.<\/p>\n<p>Horizontalno kabeliranje je naziv za kabele koji povezuju radno podru\u010dje i telekomunikacijsku sobu. Horizontalni kabeli po\u010dinju na patch panelu u telekomunikacijskoj sobi i zavr\u0161avaju u zidnoj uti\u010dnici radnog podru\u010dja.<\/p>\n<p>Vertikalno kabeliranje \u010dine kabeli koji spajaju telekomunikacijske sobe. Oni mogu povezivati LAN mre\u017eu s WAN su\u010deljem ili ISP-om. Upotrebljavaju se za tijek prometa s raznih lokacija i stoga ta vrsta veze zahtjeva medije za prijenos podataka velikim brzinama. Zato se za vertikalno kabeliranje \u010desto upotrebljavaju opti\u010dki kabeli.<\/p>\n<p>UTP kabeliranje standardizirala je organizacija EIA\/TIA (Electronics Industry Alliance\/Telecommunication Industry Association). Konektor na kraju kabela je RJ-45 konektor. Raspored parica u konektoru definiran je standardima T568A i T568B:<\/p>\n<p><img loading=\"lazy\" class=\"irc_mi\" src=\"https:\/\/www.flukenetworks.com\/sites\/default\/files\/image_cache\/image001%20%281%29.jpg\" alt=\"Slikovni rezultat za t568a vs t568b\" width=\"396\" height=\"286\"><\/p>\n<p>2.4.1. Tipovi UTP su\u010delja<\/p>\n<p>U Ethernet LAN mre\u017eama postoje dvije vrste UTP su\u010delja:<\/p>\n<p>MDI (Media Dependent Interface)<br \/>\nMDIX (Media Dependent Interface, Crossover)<\/p>\n<p>Ure\u0111aji kao \u0161to su ra\u010dunala, poslu\u017eitelji i usmjernici imaju MDI su\u010delja. Na tim se su\u010deljima koriste standardnim Ethernet rasporedom pinova. Pinovi 1 i 2 upotrebljavaju se za slanje, a pinovi 3 i 6 za primanje podataka (10Mb\/s i 100 Mb\/s Ethernet). Gigabit Ethernet upotrebljava sve \u010detiri parice.<\/p>\n<p>Ure\u0111aji poput koncentratora i preklopnika koriste se MDIX su\u010deljima. Ako se koriste MDIX su\u010deljima, parice se prespajaju interno . To omogu\u0107uje da se krajnji ure\u0111aji spajaju na koncentrator ili usmjernik pomo\u0107u ravnog kabela (straight-through).<\/p>\n<p>U pravilu, kada se spajaju razli\u010diti tipovi ure\u0111aja, upotrebljava se ravni kabel, a kada se spajaju isti tipovi ure\u0111aja, kri\u017eani kabel.<\/p>\n<p><img loading=\"lazy\" class=\"irc_mi\" src=\"https:\/\/t1.daumcdn.net\/cfile\/tistory\/2246573A53A3BC9733\" alt=\"Slikovni rezultat za mdi\/mdix\" width=\"320\" height=\"145\"><\/p>\n<p>Mnogi ure\u0111aji imaju mogu\u0107nost da se UTP Ethernet su\u010delje postavi u MDI ili MDIX na\u010din rada. Neki ure\u0111aji prepoznaju za koju se vrstu kabela su\u010delje treba podesiti i konfiguriraju su\u010delje automatski, a neki ure\u0111aji zahtjevaju da se posebno konfiguriraju kako bi se aktivirala MDIX autodetekcija.<\/p>\n<p>2.4.2. Ravni UTP kabel<\/p>\n<p>Kod ovog su tipa kabela oba kraja spojena istim standardom (T568A ili T568B), a upotrebljava se za spajanja:<\/p>\n<p>preklopnik i Ethernet su\u010delje usmjernika<br \/>\nra\u010dunalo i preklopnik<br \/>\nra\u010dunalo i koncentrator<\/p>\n<p>Kreiranje ravnog (straight through) kabela pomo\u0107u spomenutih standarda:<\/p>\n<p><img loading=\"lazy\" class=\"irc_mi\" src=\"http:\/\/1.bp.blogspot.com\/-VUrFIS0ncss\/TdkSVxesjaI\/AAAAAAAAAG0\/fYihaHBaEtI\/s1600\/straight.jpg\" alt=\"Slikovni rezultat za straight through cable\" width=\"464\" height=\"433\"><\/p>\n<p>2.4.3. Kri\u017eani UTP kabel<\/p>\n<p>Jedna strana kabela mora biti standard T568A a druga T568B jer pinovi za slanje podataka moraju biti spojeni na pinove za primanje podataka. Koristi se za spajanja:<\/p>\n<p>preklopnik i preklopnik<br \/>\npreklopnik i koncentrator<br \/>\nkoncentrator i koncentrator<br \/>\nra\u010dunalo i ra\u010dunalo<br \/>\nra\u010dunalo i Ethernet su\u010delje usmjernika<\/p>\n<p>Na\u010din stvaranja kri\u017eanog kabela pomo\u0107u T568A i T568B:<\/p>\n<p><img loading=\"lazy\" class=\"irc_mi\" src=\"http:\/\/1.bp.blogspot.com\/-89y-f1Yujl0\/TdkUUb7BO1I\/AAAAAAAAAG4\/jcbrpSXWpdw\/s1600\/cross.jpg\" alt=\"Slikovni rezultat za crossover cable t568a t568b 100mbps 1gbps\" width=\"488\" height=\"431\"><\/p>\n<p><a href=\"http:\/\/kristinka-blazeka-blog.from.hr\/files\/2019\/10\/Vje\u00beba-1-Krimpanje-UTP-kabela.pdf\">Vjezba-Krimpanje UTP kabla<\/a><\/p>\n<p><a href=\"https:\/\/sysportal.carnet.hr\/node\/1655\" target=\"_blank\">Krimpaj ispravno<\/a><\/p>\n<p>2.5. Kabliranje WAN mre\u017ea<\/p>\n<p><img class=\"n3VNCb\" src=\"https:\/\/1rjvqk3pnzs310bvda42jn9m-wpengine.netdna-ssl.com\/wp-content\/uploads\/Network-Cabling-Dubai-AbuDhabi-UAE-1-1-300x150.png\" alt=\"Slikovni rezultat za network cabling&quot;\"><\/p>\n<p>Ako se \u017eeli pomo\u0107u WAN veza povezati vi\u0161e geografski udaljenih lokacija te pristupiti geografski udaljenim korisnicima ili servisima, potrebno je koristiti se uslugama davatelja najma WAN infrastrukture koji imaju mre\u017enu infrastrukturu potrebnu za povezivanje udaljenih lokacija. Svaki davatelj usluga ima administrativni nadzor nad svojom infrastrukturom. Krajnji korisnik nema nikakvu obavezu niti mo\u017ee voditi brigu o njoj.<\/p>\n<p>Temelj ve\u0107ine dana\u0161njih WAN mre\u017ea je Ethernet standard. Kod WAN mre\u017ea u upotrebi je vi\u0161e WAN tehnologija i protokola jer se ove tehnologije neprestano razvijaju i nije mogu\u0107e niti financijski opravdano zamijeniti sve kad stigne novija i bolja tehnologija. Te se izmjene doga\u0111aju postupno. Primjeri WAN tehnologija su DSL, FrameRelay i ATM.<\/p>\n<p>Pojavom sve ve\u0107ih brzina Etherneta (1Gbps i 10Gbps) te mogu\u0107no\u0161\u0107u ostvarivanja Ethernet veza pomo\u0107u opti\u010dkog kabela koji omogu\u0107uje povezivanje na ve\u0107e udaljenosti, Ethernet se kao standard po\u010deo \u0161iriti i u\u0161ao je i u podru\u010dje WAN mre\u017ea.<\/p>\n<p>Tri su osnovne zna\u010dajke WAN mre\u017ea:<\/p>\n<p>&#8211; WAN povezuje ure\u0111aje koji se nalaze na ve\u0107im geografskim udaljenostima<br \/>\n&#8211; WAN se za povezivanje udaljenih lokacija naj\u010de\u0161\u0107e koristi davateljima usluga sa razli\u010ditom infrastrukturom: telefonske kompanije, kabelske mre\u017ee, satelitski sustavi i davatelji internetskih usluga (ISP)<br \/>\n&#8211; WAN se koristi vezama razli\u010ditih tipova za povezivanje udaljenih lokacija<\/p>\n<p>Za povezivanje geografski udaljenih lokacija potrebno je koristiti se uslugama davatelja WAN usluga koji imaju potrebnu mre\u017enu infrastrukturu. WAN fizi\u010dki sloj opisuje na\u010din fizi\u010dkog povezivanja izme\u0111u korisnika i davatelja WAN usluga. WAN fizi\u010dki standardi opisuju elektri\u010dne, mehani\u010dke, funkcionalne i proceduralne standarde za WAN povezivanje.<\/p>\n<p>Tipovi ure\u0111aja koji se u WAN terminologiji koriste za povezivanje korisnika i davatelja mre\u017enih usluga:<\/p>\n<p>DCE (Data Communications Equipment)<br \/>\nDTE (Data Terminal Equipment)<\/p>\n<p>DCE je ure\u0111aj zadu\u017een za sinkroniziranje slanja podataka (clock rate) i nalazi se na strani davatelja usluge, a DTE je na strani korisnika. Primjer DTE ure\u0111aja je usmjernik na strani korisnika, primjer DCE ure\u0111aja je modem.<\/p>\n<p><img loading=\"lazy\" class=\"irc_mi\" src=\"http:\/\/desktopreality.com\/wp-content\/uploads\/2012\/03\/dtetodce.jpg\" alt=\"Slikovni rezultat za wan connection DCE DTE\" width=\"585\" height=\"231\"><\/p>\n<p><img loading=\"lazy\" class=\"irc_mi\" src=\"https:\/\/flylib.com\/books\/2\/567\/1\/html\/2\/036_files\/image001.gif\" alt=\"Povezana slika\" width=\"500\" height=\"269\"><\/p>\n<p><img loading=\"lazy\" class=\"irc_mi\" src=\"https:\/\/www.computernetworkingnotes.org\/images\/intro\/ccna-study-guide\/cabling-cisco-devices-guide.png\" alt=\"Slikovni rezultat za CE DTE protocols\" width=\"542\" height=\"407\"><\/p>\n<p>WAN fizi\u010dki sloj tako\u0111er opisuje su\u010delje izme\u0111u DTE i DCE ure\u0111aja. DTE\/DCE su\u010delje koristi se razli\u010ditim protokolima fizi\u010dkog sloja.<\/p>\n<p><img loading=\"lazy\" class=\"irc_mi\" src=\"https:\/\/slideplayer.com\/slide\/13043649\/79\/images\/5\/WAN+technology%2Fterminology.jpg\" alt=\"Slikovni rezultat za DCE DTE protocols\" width=\"602\" height=\"452\"><\/p>\n<p>Ostali protokoli mogu biti Ethernet, EIA\/TIA-449\/530 i EIA\/TIA-612\/613.<\/p>\n<p>Ethernet je pokriven IEEE 802.3 standardima. Definirane brzine prijenosa pomo\u0107u UTP kabela i opti\u010dkog vlakna su:<\/p>\n<p>10 Mb\/s &#8211; 10Base-T Ethernet<br \/>\n100 Mb\/s &#8211; Fast Ethernet<br \/>\n1000 Mb\/s &#8211; Gigabit Ethernet<br \/>\n10 Gb\/s &#8211; 10 Gigabit Ethernet<br \/>\n40 Gb\/s &#8211; 40 Gigabit Ethernet<br \/>\n100 Gb\/s &#8211; 100 Gigabit Ethernet<\/p>\n<p>EIA\/TIA-449\/530 dopu\u0161ta brzine do 2Mb\/s. Koristi se 36-pinski D-konektor. Postoji nekoliko verzija, a standard je jo\u0161 poznat i pod nazivima RS-422 i RS-423.<\/p>\n<p>EIA\/TIA-612\/613 je standard koji opisuje High-Speed Serial Interface (HSSI) protokol. Mogu\u0107e brzine su do 52 Mb\/s na 60-pinskom D-konektoru.<\/p>\n<p>V.35 je ITU-T standard za sinkronu komunikaciju izme\u0111u pristupnih mre\u017enih ure\u0111aja i paketne mre\u017ee. Izvorno specificiran s podr\u0161kom za brzine do 48 kb\/s, danas podr\u017eava brzine do 2048 Mb\/s upotrebom 34-pinskog konektora.<\/p>\n<p>X.21 je ITU-T standard za sinkronu komunikaciju koji se koristi 15-pinskim D-konektorom.<\/p>\n<p>Ovi protokoli definiraju kodiranja i elektri\u010dne specifikacije na fizi\u010dkom sloju i ve\u0107inom ih definiraju pru\u017eatelji usluga.<\/p>\n<p>2.6. Predstavljanje bitova na fizi\u010dkom sloju<\/p>\n<p>Fizi\u010dki sloj mora proizvoditi elektri\u010dne, svjetlosne ili radijske signale odgovaraju\u0107e ra\u010dunalu razumljivim nulama i jedinicama. Standardi fizi\u010dkog sloja moraju definirati kako predstaviti bitove na mediju za prijenos.<\/p>\n<p>Jednostavnije metode predstavljanja bitova:<\/p>\n<p>NRZ metoda (Non Return to Zero)<br \/>\nNRZI metoda (Non Return to Zero Inverted)<br \/>\nManchester metoda<\/p>\n<p>NRZ metoda je vrlo jednostavna metoda signaliziranja. Bitovi su predstavljeni razinama napona. Logi\u010dki 1 predstavljen je ve\u0107om naponskom vrijedno\u0161\u0107u od logi\u010dke nule. Nedostatak ove metode je te\u0161ko odr\u017eavanje sinkronizacije izme\u0111u ishodi\u0161ta i odredi\u0161ta kod duljeg niza nula ili jedinica.<\/p>\n<p><img loading=\"lazy\" class=\"irc_mi\" src=\"https:\/\/upload.wikimedia.org\/wikipedia\/commons\/5\/55\/NRZcode.png\" alt=\"Slikovni rezultat za NRZ method\" width=\"256\" height=\"128\"><\/p>\n<p>NRZI metoda je tako\u0111er jednostavna. Mijenja stanje kada je bit u 1, a ne mijenja stanje kada je bit 0. Ova metoda rje\u0161ava problem duljeg niza jedinica, ali ne i duljeg niza nula. Budu\u0107i da se kod duljeg niza nula ne mijenja stanje, tako\u0111er je problem sinkronizacije ishodi\u0161ta i odredi\u0161ta.<\/p>\n<p><img loading=\"lazy\" class=\"irc_mi\" src=\"http:\/\/www.rhyshaden.com\/images\/nrzi.gif\" alt=\"Slikovni rezultat za nrzi encoding\" width=\"602\" height=\"425\"><\/p>\n<p>Manchester metoda prikazuje bitove kao promjene napona na mediju. Primjerice, promjena iz vi\u0161eg napona u ni\u017ei napon prikazuje logi\u010dku nulu, a promjena iz ni\u017eeg napona u vi\u0161i napon logi\u010dku jedinicu.<\/p>\n<p><img loading=\"lazy\" class=\"irc_mi\" src=\"https:\/\/i.ytimg.com\/vi\/XKtxxZ327UM\/maxresdefault.jpg\" alt=\"Slikovni rezultat za manchester encoding\" width=\"602\" height=\"339\"><\/p>\n<p>Ova metoda rje\u0161ava problem sinkronizacije jer se promjena doga\u0111a na pola vremena za prikaz bita (bit time).<\/p>\n<p><img loading=\"lazy\" class=\"irc_mi\" src=\"http:\/\/www.mathcs.emory.edu\/~cheung\/Courses\/455\/Syllabus\/2-physical\/1-Others\/Encoding_files\/mpe.gif\" alt=\"Slikovni rezultat za manchester encoding\" width=\"354\" height=\"401\"><\/p>\n<p>2.7. Kodiranje na fizi\u010dkom sloju<\/p>\n<p>Kodiranje je pretvorba niza bitova u unaprijed dogovoreni kod. Kod \u010dine grupe bitova s dogovorenim uzorkom koje se mogu raspoznati na obje strane komunikacijske veze.<\/p>\n<p>Osnovna ideja kodiranja jest da se ukupni broj bitova podataka i upravlja\u010dkih bitova koje treba poslati medijem za prijenos kodiranjem smanji te da se smanji broj gre\u0161aka pri prijenosu (te da se ako se gre\u0161ke dogode, to lako otkrije).<\/p>\n<p>U komunikaciji postoje kodovi koji nose podatke i kodovi koji upravljaju prijenosom podataka, odnosno tijekom komunikacije. Primjerice, fizi\u010dki sloj mo\u017ee pomo\u0107u upravlja\u010dkih kodova odrediti po\u010detak i kraj okvira (frame).<\/p>\n<p>Po\u0161iljatelj \u0107e se koristiti posebnim nizom bitova koji \u0107e ozna\u010davati po\u010detak i kraj okvira. Primatelj na taj na\u010din mo\u017ee odrediti gdje je po\u010detak, a gdje je kraj okvira.<\/p>\n<p>Podaci, odnosno bitovi koji se \u017eele poslati, kodiraju se prije nego se spuste na medij za prijenos. Kodiranjem se pove\u0107ava u\u010dinkovitost prijenosa i omogu\u0107ava ve\u0107e brzine podataka. Pri ve\u0107im brzinama prijenosa pove\u0107ava se mogu\u0107nost pogre\u0161ke u prijenosu. Upotrebom kodiranja i kodnih grupa mogu\u0107e je i otkrivanje nastalih gre\u0161aka.<\/p>\n<p>Kodne grupe definiraju tri grupe simbola:<\/p>\n<p>podatkovni simboli &#8211; simboli koji predstavljaju podatke<br \/>\nupravlja\u010dki simboli &#8211; posebni upravlja\u010dki simboli, primjerice po\u010detak okvira<br \/>\nneispravni simboli &#8211; simboli koji, ako se pojave u komunikaciji, ozna\u010davaju pogre\u0161ke u prijenosu ili na mediju<\/p>\n<p>2.7.1. 4B\/5B kodiranje<\/p>\n<p>Jedan od starijih na\u010dina kodiranja. Osnovna je ideja da se pri prijenosu smanji broj uzastopnih nula.<\/p>\n<p>Svaki skup od 4 bita zamjenjuje se sa svojim 5-bitnim ekvivalentom. Tako kodirani bitovi \u0161alju se medijem za prijenos, primjerice NRZI metodom.<\/p>\n<p><img loading=\"lazy\" class=\"irc_mi\" src=\"https:\/\/sourcedaddy.com\/networking\/images\/plle8.gif\" alt=\"Slikovni rezultat za 4b\/5b encoding symbols\" width=\"246\" height=\"366\"><\/p>\n<p><img loading=\"lazy\" class=\"irc_mi\" src=\"http:\/\/www.highteck.net\/images\/192-Physical-layer-4B5B-encoding.jpg\" alt=\"Slikovni rezultat za 4b\/5b encoding symbols\" width=\"573\" height=\"428\"><\/p>\n<p>Oktet podataka rastavlja se na dva dijela od po 4 bita. Takvi \u010detverobitni dijelovi kodiraju se u niz od pet bita. Kako pet bitova dopu\u0161taju 32 kombinacije, a za kodiranje 4 bita potrebno je samo 16, preostalih 16 mo\u017ee se iskoristiti za kodiranje po\u010detka ili kraja okvira, mo\u017eebitnih pogre\u0161aka ili drugih upravlja\u010dkih informacija.<\/p>\n<p>Ovo je jednostavan primjer tehnike kodiranja. Tehnike koje se koriste u dana\u0161njim modernim mre\u017eama vi\u0161estruko su slo\u017eene.<\/p>\n<p><img class=\"rg_i Q4LuWd tx8vtf\" src=\"https:\/\/encrypted-tbn0.gstatic.com\/images?q=tbn%3AANd9GcS7FCwD-yXUQ27ZCqv1emCT8yW9tLt2OqQMjDD1TEyF3KcUnWy5\" alt=\"Slikovni rezultat za network cabling\"><\/p>\n<p>Primjer zadatka!<\/p>\n<p>&nbsp;<\/p>\n","protected":false},"excerpt":{"rendered":"<p>2.4. Kabliranje lokalnih mre\u017ea CISCO kabliranje Pri planiranju kabeliranja LAN-a razmatraju se: radno podru\u010dje, telekomunikacijska soba, horizontalno i vertikalno kabeliranje (sl. 61). Za povezivanje krajnjih ure\u0111aja na mre\u017eu u radnom podru\u010dju, odnosno povezivanje krajnjeg ure\u0111aja i uti\u010dnice u zidu upotrebljavaju se tzv. patch kabeli. Ravni UTP kabel (straight through) naj\u010de\u0161\u0107e se upotrebljava kao patch kabel. &hellip; <a href=\"http:\/\/kristinka-blazeka-blog.from.hr\/?page_id=731\" class=\"more-link\">Nastavi \u010ditati <span class=\"screen-reader-text\">Kabliranje LAN<\/span> <span class=\"meta-nav\">&rarr;<\/span><\/a><\/p>\n","protected":false},"author":1263,"featured_media":0,"parent":0,"menu_order":0,"comment_status":"closed","ping_status":"closed","template":"","meta":{"ngg_post_thumbnail":0},"yoast_head":"<!-- This site is optimized with the Yoast SEO plugin v17.5 - https:\/\/yoast.com\/wordpress\/plugins\/seo\/ -->\n<meta name=\"robots\" content=\"index, follow, max-snippet:-1, max-image-preview:large, max-video-preview:-1\" \/>\n<link rel=\"canonical\" href=\"http:\/\/kristinka-blazeka-blog.from.hr\/?page_id=731\" \/>\n<meta property=\"og:locale\" content=\"hr_HR\" \/>\n<meta property=\"og:type\" content=\"article\" \/>\n<meta property=\"og:title\" content=\"Kabliranje LAN - learning creative&amp;openminded\" \/>\n<meta property=\"og:description\" content=\"2.4. Kabliranje lokalnih mre\u017ea CISCO kabliranje Pri planiranju kabeliranja LAN-a razmatraju se: radno podru\u010dje, telekomunikacijska soba, horizontalno i vertikalno kabeliranje (sl. 61). Za povezivanje krajnjih ure\u0111aja na mre\u017eu u radnom podru\u010dju, odnosno povezivanje krajnjeg ure\u0111aja i uti\u010dnice u zidu upotrebljavaju se tzv. patch kabeli. Ravni UTP kabel (straight through) naj\u010de\u0161\u0107e se upotrebljava kao patch kabel. &hellip; Nastavi \u010ditati Kabliranje LAN &rarr;\" \/>\n<meta property=\"og:url\" content=\"http:\/\/kristinka-blazeka-blog.from.hr\/?page_id=731\" \/>\n<meta property=\"og:site_name\" content=\"learning creative&amp;openminded\" \/>\n<meta property=\"article:modified_time\" content=\"2019-12-08T21:17:06+00:00\" \/>\n<meta property=\"og:image\" content=\"https:\/\/cdn.imgbin.com\/8\/10\/1\/imgbin-computer-network-local-area-network-network-cables-structured-cabling-wide-area-network-inform-tica-20GHDm6bAEyZ8yB8eVEBiN97L.jpg\" \/>\n<meta name=\"twitter:card\" content=\"summary\" \/>\n<meta name=\"twitter:label1\" content=\"Procijenjeno vrijeme \u010ditanja\" \/>\n\t<meta name=\"twitter:data1\" content=\"9 minuta\" \/>\n<script type=\"application\/ld+json\" class=\"yoast-schema-graph\">{\"@context\":\"https:\/\/schema.org\",\"@graph\":[{\"@type\":\"WebSite\",\"@id\":\"http:\/\/kristinka-blazeka-blog.from.hr\/#website\",\"url\":\"http:\/\/kristinka-blazeka-blog.from.hr\/\",\"name\":\"learning creative&amp;openminded\",\"description\":\"\\u201cFirst learn computer science and all the theory. Next develop a programming style. Then forget all that and just hack.\\u201d - George Carrette\",\"potentialAction\":[{\"@type\":\"SearchAction\",\"target\":{\"@type\":\"EntryPoint\",\"urlTemplate\":\"http:\/\/kristinka-blazeka-blog.from.hr\/?s={search_term_string}\"},\"query-input\":\"required name=search_term_string\"}],\"inLanguage\":\"hr\"},{\"@type\":\"ImageObject\",\"@id\":\"http:\/\/kristinka-blazeka-blog.from.hr\/?page_id=731#primaryimage\",\"inLanguage\":\"hr\",\"url\":\"https:\/\/cdn.imgbin.com\/8\/10\/1\/imgbin-computer-network-local-area-network-network-cables-structured-cabling-wide-area-network-inform-tica-20GHDm6bAEyZ8yB8eVEBiN97L.jpg\",\"contentUrl\":\"https:\/\/cdn.imgbin.com\/8\/10\/1\/imgbin-computer-network-local-area-network-network-cables-structured-cabling-wide-area-network-inform-tica-20GHDm6bAEyZ8yB8eVEBiN97L.jpg\"},{\"@type\":\"WebPage\",\"@id\":\"http:\/\/kristinka-blazeka-blog.from.hr\/?page_id=731#webpage\",\"url\":\"http:\/\/kristinka-blazeka-blog.from.hr\/?page_id=731\",\"name\":\"Kabliranje LAN - learning creative&amp;openminded\",\"isPartOf\":{\"@id\":\"http:\/\/kristinka-blazeka-blog.from.hr\/#website\"},\"primaryImageOfPage\":{\"@id\":\"http:\/\/kristinka-blazeka-blog.from.hr\/?page_id=731#primaryimage\"},\"datePublished\":\"2019-10-07T20:59:44+00:00\",\"dateModified\":\"2019-12-08T21:17:06+00:00\",\"breadcrumb\":{\"@id\":\"http:\/\/kristinka-blazeka-blog.from.hr\/?page_id=731#breadcrumb\"},\"inLanguage\":\"hr\",\"potentialAction\":[{\"@type\":\"ReadAction\",\"target\":[\"http:\/\/kristinka-blazeka-blog.from.hr\/?page_id=731\"]}]},{\"@type\":\"BreadcrumbList\",\"@id\":\"http:\/\/kristinka-blazeka-blog.from.hr\/?page_id=731#breadcrumb\",\"itemListElement\":[{\"@type\":\"ListItem\",\"position\":1,\"name\":\"Home\",\"item\":\"http:\/\/kristinka-blazeka-blog.from.hr\/\"},{\"@type\":\"ListItem\",\"position\":2,\"name\":\"Kabliranje LAN\"}]}]}<\/script>\n<!-- \/ Yoast SEO plugin. -->","yoast_head_json":{"robots":{"index":"index","follow":"follow","max-snippet":"max-snippet:-1","max-image-preview":"max-image-preview:large","max-video-preview":"max-video-preview:-1"},"canonical":"http:\/\/kristinka-blazeka-blog.from.hr\/?page_id=731","og_locale":"hr_HR","og_type":"article","og_title":"Kabliranje LAN - learning creative&amp;openminded","og_description":"2.4. Kabliranje lokalnih mre\u017ea CISCO kabliranje Pri planiranju kabeliranja LAN-a razmatraju se: radno podru\u010dje, telekomunikacijska soba, horizontalno i vertikalno kabeliranje (sl. 61). Za povezivanje krajnjih ure\u0111aja na mre\u017eu u radnom podru\u010dju, odnosno povezivanje krajnjeg ure\u0111aja i uti\u010dnice u zidu upotrebljavaju se tzv. patch kabeli. Ravni UTP kabel (straight through) naj\u010de\u0161\u0107e se upotrebljava kao patch kabel. &hellip; Nastavi \u010ditati Kabliranje LAN &rarr;","og_url":"http:\/\/kristinka-blazeka-blog.from.hr\/?page_id=731","og_site_name":"learning creative&amp;openminded","article_modified_time":"2019-12-08T21:17:06+00:00","og_image":[{"url":"https:\/\/cdn.imgbin.com\/8\/10\/1\/imgbin-computer-network-local-area-network-network-cables-structured-cabling-wide-area-network-inform-tica-20GHDm6bAEyZ8yB8eVEBiN97L.jpg"}],"twitter_card":"summary","twitter_misc":{"Procijenjeno vrijeme \u010ditanja":"9 minuta"},"schema":{"@context":"https:\/\/schema.org","@graph":[{"@type":"WebSite","@id":"http:\/\/kristinka-blazeka-blog.from.hr\/#website","url":"http:\/\/kristinka-blazeka-blog.from.hr\/","name":"learning creative&amp;openminded","description":"\u201cFirst learn computer science and all the theory. Next develop a programming style. Then forget all that and just hack.\u201d - George Carrette","potentialAction":[{"@type":"SearchAction","target":{"@type":"EntryPoint","urlTemplate":"http:\/\/kristinka-blazeka-blog.from.hr\/?s={search_term_string}"},"query-input":"required name=search_term_string"}],"inLanguage":"hr"},{"@type":"ImageObject","@id":"http:\/\/kristinka-blazeka-blog.from.hr\/?page_id=731#primaryimage","inLanguage":"hr","url":"https:\/\/cdn.imgbin.com\/8\/10\/1\/imgbin-computer-network-local-area-network-network-cables-structured-cabling-wide-area-network-inform-tica-20GHDm6bAEyZ8yB8eVEBiN97L.jpg","contentUrl":"https:\/\/cdn.imgbin.com\/8\/10\/1\/imgbin-computer-network-local-area-network-network-cables-structured-cabling-wide-area-network-inform-tica-20GHDm6bAEyZ8yB8eVEBiN97L.jpg"},{"@type":"WebPage","@id":"http:\/\/kristinka-blazeka-blog.from.hr\/?page_id=731#webpage","url":"http:\/\/kristinka-blazeka-blog.from.hr\/?page_id=731","name":"Kabliranje LAN - learning creative&amp;openminded","isPartOf":{"@id":"http:\/\/kristinka-blazeka-blog.from.hr\/#website"},"primaryImageOfPage":{"@id":"http:\/\/kristinka-blazeka-blog.from.hr\/?page_id=731#primaryimage"},"datePublished":"2019-10-07T20:59:44+00:00","dateModified":"2019-12-08T21:17:06+00:00","breadcrumb":{"@id":"http:\/\/kristinka-blazeka-blog.from.hr\/?page_id=731#breadcrumb"},"inLanguage":"hr","potentialAction":[{"@type":"ReadAction","target":["http:\/\/kristinka-blazeka-blog.from.hr\/?page_id=731"]}]},{"@type":"BreadcrumbList","@id":"http:\/\/kristinka-blazeka-blog.from.hr\/?page_id=731#breadcrumb","itemListElement":[{"@type":"ListItem","position":1,"name":"Home","item":"http:\/\/kristinka-blazeka-blog.from.hr\/"},{"@type":"ListItem","position":2,"name":"Kabliranje LAN"}]}]}},"_links":{"self":[{"href":"http:\/\/kristinka-blazeka-blog.from.hr\/index.php?rest_route=\/wp\/v2\/pages\/731"}],"collection":[{"href":"http:\/\/kristinka-blazeka-blog.from.hr\/index.php?rest_route=\/wp\/v2\/pages"}],"about":[{"href":"http:\/\/kristinka-blazeka-blog.from.hr\/index.php?rest_route=\/wp\/v2\/types\/page"}],"author":[{"embeddable":true,"href":"http:\/\/kristinka-blazeka-blog.from.hr\/index.php?rest_route=\/wp\/v2\/users\/1263"}],"replies":[{"embeddable":true,"href":"http:\/\/kristinka-blazeka-blog.from.hr\/index.php?rest_route=%2Fwp%2Fv2%2Fcomments&post=731"}],"version-history":[{"count":30,"href":"http:\/\/kristinka-blazeka-blog.from.hr\/index.php?rest_route=\/wp\/v2\/pages\/731\/revisions"}],"predecessor-version":[{"id":1037,"href":"http:\/\/kristinka-blazeka-blog.from.hr\/index.php?rest_route=\/wp\/v2\/pages\/731\/revisions\/1037"}],"wp:attachment":[{"href":"http:\/\/kristinka-blazeka-blog.from.hr\/index.php?rest_route=%2Fwp%2Fv2%2Fmedia&parent=731"}],"curies":[{"name":"wp","href":"https:\/\/api.w.org\/{rel}","templated":true}]}}