{"id":763,"date":"2019-10-13T17:03:23","date_gmt":"2019-10-13T17:03:23","guid":{"rendered":"http:\/\/kristinka-blazeka-blog.from.hr\/?page_id=763"},"modified":"2025-09-12T16:00:34","modified_gmt":"2025-09-12T16:00:34","slug":"urmrm-tasks","status":"publish","type":"page","link":"http:\/\/kristinka-blazeka-blog.from.hr\/?page_id=763","title":{"rendered":"RM &#8211; esej (3A, 3B, 3C, 3F)"},"content":{"rendered":"<h2>Ra\u010dunalne mre\u017ee&nbsp;<\/h2>\n<blockquote>\n<h3>Obja\u0161njenje:<\/h3>\n<p>Potrebno je izraditi <strong>sklop<\/strong>, web stranicu ili objavu na neku <strong>temu<\/strong> ili <strong>aplikaciju<\/strong>. Tekstualni ili multimedijalni radovi se objavljuju i prikazuju na mre\u017enom sjedi\u0161tu u\u010denika (otvaranje besplatnog i funkcionalnog web sjedi\u0161ta mogu\u0107e je na <strong><a href=\"http:\/\/from.hr\/usluga-3u1\/\" target=\"_blank\" rel=\"noopener\">from.hr<\/a><\/strong> ili se alternativno mogu koristiti servisi poput <strong>wixsite<\/strong>, <strong>wordpress<\/strong>, <strong>google sites<\/strong> i sl.).<\/p>\n<p>Prakti\u010dan rad prezentira se u\u017eivo, a popratna dokumentacija objavljuje se na mre\u017enom sjedi\u0161tu.<\/p>\n<p>Web sadr\u017eaje treba raditi isklju\u010divo na hrvatskom jeziku i pismu (u slu\u010daju nepostojanja ili nepoznavanja odgovaraju\u0107eg prijevoda stru\u010dni izrazi mogu ostati u izvorniku), a potrebno je i obavezno <strong>na kraju rada navesti i poveznice na sve bitne izvore informacija<\/strong>.<\/p>\n<p>Na po\u010detku treba ukratko navesti kratak <strong>sadr\u017eaj rada<\/strong>. Rad treba biti <strong>podijeljen na uvodni dio, razradu teme i zaklju\u010dak<\/strong>, a treba i sadr\u017eavati <strong>najmanje tri poveznice<\/strong> sa odabranih pojmova u tekstu na relevantne vanjske stranice, a mo\u017ee sadr\u017eavati i slike i druge multimedijske sadr\u017eaje. Aplikaciju je tako\u0111er potrebno dokumentirati na mre\u017enom sjedi\u0161tu.<\/p>\n<p>Potrebno je izraditi <strong>najmanje jedan rad, a mo\u017ee ih biti ocijenjeno najvi\u0161e tri (3) <\/strong>tijekom godine. Izra\u0111eni zadatak koji je <strong>originalno autorsko djelo<\/strong> mo\u017ee biti ocijenjen ocjenama dobar, vrlo dobar ili odli\u010dan prema kriterijima vezanim uz cjelovitost, kvalitetu, upotrebljivost i originalnost. Du\u017eina teksta treba biti najmanje <strong>500 rije\u010di<\/strong>. Mogu\u0107e je dodavati i <strong>vlastite teme<\/strong>, te ukoliko prema procjeni nastavnika odgovaraju nastavnim sadr\u017eajima bit \u0107e evaluirane kao i ovdje navedene.<\/p><\/blockquote>\n<h3>Neki prijedlozi tema:<\/h3>\n<ol>\n<li>Napraviti program (aplikaciju) koja u grafi\u010dkom na\u010dinu prikazuje pravilan raspored mre\u017ee usmjernika. U program se unose podaci o usmjernicima kroz koje treba pro\u0107i signal, a program iscrtava putanju kroz te i druge usmjernike koji se nalaze na putu signala. Programski jezik je proizvoljan. Program treba prezentirati na dogovoreni na\u010din.<\/li>\n<li>Napisati objavu\/stranicu na vlastitom mre\u017enom sjedi\u0161tu sa temom: <strong>Provjera ispravnosti prijenosa podataka po slojevima OSI modela<\/strong>.<\/li>\n<li>Napisati \u010dlanak\/objavu o temi <strong>IPv6 2025<\/strong>&nbsp;sa trenutnim informacija o&nbsp;ra\u0161irenosti IPv6 adresiranja.&nbsp;<\/li>\n<li>Napisati \u010dlanak\/objavu na temu: <strong>IANA &#8211; sustav registracije na Internetu i IPv6<\/strong>.<\/li>\n<li>Napisati \u010dlanak\/objavu na temu: <strong>TCP\/IP protocol stack<\/strong>.<\/li>\n<li>Napraviti program (aplikaciju) koji \u0107e skra\u0107ivati zapis IPv6 adrese primjenjuju\u0107i pravila. U program se unosi maksimalni oblik adrese, a program ispisuje na ekranu skra\u0107eni oblik. Program bi trebao imati grafi\u010dko korisni\u010dko su\u010delje.<\/li>\n<li>Metode za\u0161tite be\u017ei\u010dnih mre\u017ea (mo\u017ee i u obliku stripa ili videa)<\/li>\n<li>Sigurnost be\u017ei\u010dnih mre\u017ea (mo\u017ee i u obliku stripa ili videa)<\/li>\n<li>Kriptografija u ra\u010dunalnoj komunikaciji<\/li>\n<li>Generacije mobilnih mre\u017ea<\/li>\n<li>5g mre\u017ea, dobre i lo\u0161e strane<\/li>\n<li>Uspostava ku\u0107ne mre\u017ee pomo\u0107u opti\u010dkih kablova<\/li>\n<li>WAN enkapsulacija<\/li>\n<li>Wi-Fi standardi<\/li>\n<li>Programiranje mre\u017enih ra\u010dunalnih igara<\/li>\n<li>Wireshark kao alat za eti\u010dko hakiranje<\/li>\n<li>Wireshark kao forenzi\u010dki alat<\/li>\n<li>Mre\u017eni alati kod mobilnih ure\u0111aja<\/li>\n<li>Pregled mre\u017enih aplikacija kod mobilnih ure\u0111aja<\/li>\n<li>Mre\u017ene linux naredbe na mobilnim ure\u0111ajima<\/li>\n<li>Redundantnost veza u WAN mre\u017eama<\/li>\n<li>Bluetooth be\u017ei\u010dni prijenos<\/li>\n<li>VPN (mo\u017ee i u obliku stripa)<\/li>\n<\/ol>\n","protected":false},"excerpt":{"rendered":"<p>Ra\u010dunalne mre\u017ee&nbsp; Obja\u0161njenje: Potrebno je izraditi sklop, web stranicu ili objavu na neku temu ili aplikaciju. Tekstualni ili multimedijalni radovi se objavljuju i prikazuju na mre\u017enom sjedi\u0161tu u\u010denika (otvaranje besplatnog i funkcionalnog web sjedi\u0161ta mogu\u0107e je na from.hr ili se alternativno mogu koristiti servisi poput wixsite, wordpress, google sites i sl.). Prakti\u010dan rad prezentira se &hellip; <a href=\"http:\/\/kristinka-blazeka-blog.from.hr\/?page_id=763\" class=\"more-link\">Nastavi \u010ditati <span class=\"screen-reader-text\">RM &#8211; esej (3A, 3B, 3C, 3F)<\/span> <span class=\"meta-nav\">&rarr;<\/span><\/a><\/p>\n","protected":false},"author":1263,"featured_media":0,"parent":0,"menu_order":0,"comment_status":"closed","ping_status":"closed","template":"","meta":{"ngg_post_thumbnail":0},"yoast_head":"<!-- This site is optimized with the Yoast SEO plugin v17.5 - https:\/\/yoast.com\/wordpress\/plugins\/seo\/ -->\n<meta name=\"robots\" content=\"index, follow, max-snippet:-1, max-image-preview:large, max-video-preview:-1\" \/>\n<link rel=\"canonical\" href=\"http:\/\/kristinka-blazeka-blog.from.hr\/?page_id=763\" \/>\n<meta property=\"og:locale\" content=\"hr_HR\" \/>\n<meta property=\"og:type\" content=\"article\" \/>\n<meta property=\"og:title\" content=\"RM - esej (3A, 3B, 3C, 3F) - learning creative&amp;openminded\" \/>\n<meta property=\"og:description\" content=\"Ra\u010dunalne mre\u017ee&nbsp; Obja\u0161njenje: Potrebno je izraditi sklop, web stranicu ili objavu na neku temu ili aplikaciju. Tekstualni ili multimedijalni radovi se objavljuju i prikazuju na mre\u017enom sjedi\u0161tu u\u010denika (otvaranje besplatnog i funkcionalnog web sjedi\u0161ta mogu\u0107e je na from.hr ili se alternativno mogu koristiti servisi poput wixsite, wordpress, google sites i sl.). Prakti\u010dan rad prezentira se &hellip; Nastavi \u010ditati RM &#8211; esej (3A, 3B, 3C, 3F) &rarr;\" \/>\n<meta property=\"og:url\" content=\"http:\/\/kristinka-blazeka-blog.from.hr\/?page_id=763\" \/>\n<meta property=\"og:site_name\" content=\"learning creative&amp;openminded\" \/>\n<meta property=\"article:modified_time\" content=\"2025-09-12T16:00:34+00:00\" \/>\n<meta name=\"twitter:card\" content=\"summary\" \/>\n<meta name=\"twitter:label1\" content=\"Procijenjeno vrijeme \u010ditanja\" \/>\n\t<meta name=\"twitter:data1\" content=\"2 minute\" \/>\n<script type=\"application\/ld+json\" class=\"yoast-schema-graph\">{\"@context\":\"https:\/\/schema.org\",\"@graph\":[{\"@type\":\"WebSite\",\"@id\":\"http:\/\/kristinka-blazeka-blog.from.hr\/#website\",\"url\":\"http:\/\/kristinka-blazeka-blog.from.hr\/\",\"name\":\"learning creative&amp;openminded\",\"description\":\"\\u201cFirst learn computer science and all the theory. Next develop a programming style. Then forget all that and just hack.\\u201d - George Carrette\",\"potentialAction\":[{\"@type\":\"SearchAction\",\"target\":{\"@type\":\"EntryPoint\",\"urlTemplate\":\"http:\/\/kristinka-blazeka-blog.from.hr\/?s={search_term_string}\"},\"query-input\":\"required name=search_term_string\"}],\"inLanguage\":\"hr\"},{\"@type\":\"WebPage\",\"@id\":\"http:\/\/kristinka-blazeka-blog.from.hr\/?page_id=763#webpage\",\"url\":\"http:\/\/kristinka-blazeka-blog.from.hr\/?page_id=763\",\"name\":\"RM - esej (3A, 3B, 3C, 3F) - learning creative&amp;openminded\",\"isPartOf\":{\"@id\":\"http:\/\/kristinka-blazeka-blog.from.hr\/#website\"},\"datePublished\":\"2019-10-13T17:03:23+00:00\",\"dateModified\":\"2025-09-12T16:00:34+00:00\",\"breadcrumb\":{\"@id\":\"http:\/\/kristinka-blazeka-blog.from.hr\/?page_id=763#breadcrumb\"},\"inLanguage\":\"hr\",\"potentialAction\":[{\"@type\":\"ReadAction\",\"target\":[\"http:\/\/kristinka-blazeka-blog.from.hr\/?page_id=763\"]}]},{\"@type\":\"BreadcrumbList\",\"@id\":\"http:\/\/kristinka-blazeka-blog.from.hr\/?page_id=763#breadcrumb\",\"itemListElement\":[{\"@type\":\"ListItem\",\"position\":1,\"name\":\"Home\",\"item\":\"http:\/\/kristinka-blazeka-blog.from.hr\/\"},{\"@type\":\"ListItem\",\"position\":2,\"name\":\"RM &#8211; esej (3A, 3B, 3C, 3F)\"}]}]}<\/script>\n<!-- \/ Yoast SEO plugin. -->","yoast_head_json":{"robots":{"index":"index","follow":"follow","max-snippet":"max-snippet:-1","max-image-preview":"max-image-preview:large","max-video-preview":"max-video-preview:-1"},"canonical":"http:\/\/kristinka-blazeka-blog.from.hr\/?page_id=763","og_locale":"hr_HR","og_type":"article","og_title":"RM - esej (3A, 3B, 3C, 3F) - learning creative&amp;openminded","og_description":"Ra\u010dunalne mre\u017ee&nbsp; Obja\u0161njenje: Potrebno je izraditi sklop, web stranicu ili objavu na neku temu ili aplikaciju. Tekstualni ili multimedijalni radovi se objavljuju i prikazuju na mre\u017enom sjedi\u0161tu u\u010denika (otvaranje besplatnog i funkcionalnog web sjedi\u0161ta mogu\u0107e je na from.hr ili se alternativno mogu koristiti servisi poput wixsite, wordpress, google sites i sl.). Prakti\u010dan rad prezentira se &hellip; Nastavi \u010ditati RM &#8211; esej (3A, 3B, 3C, 3F) &rarr;","og_url":"http:\/\/kristinka-blazeka-blog.from.hr\/?page_id=763","og_site_name":"learning creative&amp;openminded","article_modified_time":"2025-09-12T16:00:34+00:00","twitter_card":"summary","twitter_misc":{"Procijenjeno vrijeme \u010ditanja":"2 minute"},"schema":{"@context":"https:\/\/schema.org","@graph":[{"@type":"WebSite","@id":"http:\/\/kristinka-blazeka-blog.from.hr\/#website","url":"http:\/\/kristinka-blazeka-blog.from.hr\/","name":"learning creative&amp;openminded","description":"\u201cFirst learn computer science and all the theory. Next develop a programming style. Then forget all that and just hack.\u201d - George Carrette","potentialAction":[{"@type":"SearchAction","target":{"@type":"EntryPoint","urlTemplate":"http:\/\/kristinka-blazeka-blog.from.hr\/?s={search_term_string}"},"query-input":"required name=search_term_string"}],"inLanguage":"hr"},{"@type":"WebPage","@id":"http:\/\/kristinka-blazeka-blog.from.hr\/?page_id=763#webpage","url":"http:\/\/kristinka-blazeka-blog.from.hr\/?page_id=763","name":"RM - esej (3A, 3B, 3C, 3F) - learning creative&amp;openminded","isPartOf":{"@id":"http:\/\/kristinka-blazeka-blog.from.hr\/#website"},"datePublished":"2019-10-13T17:03:23+00:00","dateModified":"2025-09-12T16:00:34+00:00","breadcrumb":{"@id":"http:\/\/kristinka-blazeka-blog.from.hr\/?page_id=763#breadcrumb"},"inLanguage":"hr","potentialAction":[{"@type":"ReadAction","target":["http:\/\/kristinka-blazeka-blog.from.hr\/?page_id=763"]}]},{"@type":"BreadcrumbList","@id":"http:\/\/kristinka-blazeka-blog.from.hr\/?page_id=763#breadcrumb","itemListElement":[{"@type":"ListItem","position":1,"name":"Home","item":"http:\/\/kristinka-blazeka-blog.from.hr\/"},{"@type":"ListItem","position":2,"name":"RM &#8211; esej (3A, 3B, 3C, 3F)"}]}]}},"_links":{"self":[{"href":"http:\/\/kristinka-blazeka-blog.from.hr\/index.php?rest_route=\/wp\/v2\/pages\/763"}],"collection":[{"href":"http:\/\/kristinka-blazeka-blog.from.hr\/index.php?rest_route=\/wp\/v2\/pages"}],"about":[{"href":"http:\/\/kristinka-blazeka-blog.from.hr\/index.php?rest_route=\/wp\/v2\/types\/page"}],"author":[{"embeddable":true,"href":"http:\/\/kristinka-blazeka-blog.from.hr\/index.php?rest_route=\/wp\/v2\/users\/1263"}],"replies":[{"embeddable":true,"href":"http:\/\/kristinka-blazeka-blog.from.hr\/index.php?rest_route=%2Fwp%2Fv2%2Fcomments&post=763"}],"version-history":[{"count":29,"href":"http:\/\/kristinka-blazeka-blog.from.hr\/index.php?rest_route=\/wp\/v2\/pages\/763\/revisions"}],"predecessor-version":[{"id":4113,"href":"http:\/\/kristinka-blazeka-blog.from.hr\/index.php?rest_route=\/wp\/v2\/pages\/763\/revisions\/4113"}],"wp:attachment":[{"href":"http:\/\/kristinka-blazeka-blog.from.hr\/index.php?rest_route=%2Fwp%2Fv2%2Fmedia&parent=763"}],"curies":[{"name":"wp","href":"https:\/\/api.w.org\/{rel}","templated":true}]}}