{"id":785,"date":"2019-10-20T14:17:40","date_gmt":"2019-10-20T14:17:40","guid":{"rendered":"http:\/\/kristinka-blazeka-blog.from.hr\/?page_id=785"},"modified":"2025-03-22T19:13:50","modified_gmt":"2025-03-22T19:13:50","slug":"urm-tasks","status":"publish","type":"page","link":"http:\/\/kristinka-blazeka-blog.from.hr\/?page_id=785","title":{"rendered":"Esej (2. razredi)"},"content":{"rendered":"<h2>Uvod u ra\u010dunalne mre\u017ee (2A, 2B, 2C)<\/h2>\n<blockquote><p><strong>Obja\u0161njenje:<\/strong><\/p>\n<p>U zadacima-esejskim ili prakti\u010dnim radovima potrebno je izraditi sklop, web stranicu\/objavu ili aplikaciju. Tekstualni radovi se objavljuju i prikazuju u pregledniku pristupanjem mre\u017enom sjedi\u0161tu u\u010denika (otvaranje besplatnog i funkcionalnog web sjedi\u0161ta mogu\u0107e je na <strong><a href=\"http:\/\/from.hr\/usluga-3u1\/\" target=\"_blank\" rel=\"noopener\">from.hr<\/a><\/strong> ili se alternativno mogu koristiti servisi poput wixsite, wordpress, google sites i sl.), odnosno predajom rada (ako je prakti\u010dan) ili prezentacijom i objavom (u slu\u010daju softverskog rada).<\/p>\n<p>Web sadr\u017eaje treba raditi isklju\u010divo na hrvatskom jeziku i pismu (u slu\u010daju nepostojanja ili nepoznavanja odgovaraju\u0107eg prijevoda stru\u010dni izrazi mogu ostati u izvorniku), a potrebno je i obavezno na kraju rada navesti i poveznice na sve bitne izvore informacija. Nakon naslova potrebno je napisati kratak sadr\u017eaj rada. Rad treba biti podijeljen na uvod, razradu i zaklju\u010dak, te treba sadr\u017eavati bar tri poveznice sa odabranih pojmova u tekstu na (vanjske) relevantne stranice, a mo\u017ee sadr\u017eavati i slike. Aplikaciju ili prakti\u010dan rad je tako\u0111er potrebno kratko dokumentirati na mre\u017enom sjedi\u0161tu.<\/p>\n<p>Potrebno je izraditi <strong>najmanje jedan rad do kraja prvog poludogi\u0161ta, a mo\u017ee ih biti ocijenjeno najvi\u0161e tri (3) <\/strong>&nbsp;tijekom godine. Izra\u0111eni zadatak koji je <strong>originalno autorsko djelo<\/strong> mo\u017ee biti ocijenjen ocjenama dobar, vrlo dobar ili odli\u010dan prema kriterijima vezanim uz cjelovitost, kvalitetu, upotrebljivost i originalnost. Du\u017eina teksta treba biti najmanje <strong>500 rije\u010di<\/strong>. Mogu\u0107e je predlagati i <strong>vlastite teme<\/strong>, te ukoliko <strong>nakon najave nastavniku<\/strong> odgovaraju nastavnim sadr\u017eajima bit \u0107e evaluirane kao i ovdje navedene.<\/p><\/blockquote>\n<h3>Prijedlozi zadataka &#8211; tema:<\/h3>\n<ol>\n<li><strong>Model telegrafa.<\/strong> Izraditi model telegrafa prema video uputi danoj na <a href=\"https:\/\/youtu.be\/1r2eOpkBTOo\">https:\/\/youtu.be\/1r2eOpkBTOo<\/a>. Rad je potrebno demonstrirati u\u017eivo.<\/li>\n<li><strong>Aplikacija za Morseovo kodiranje i dekodiranje<\/strong>. Izraditi aplikaciju (softver) za Morseovo kodiranje i dekodiranje sa programskim jezikom prema izboru. Rad je potrebno dokumentirati na web sjedi\u0161tu (opis na\u010dina izrade, opis funkcionalnosti aplikacije, programski kod i sli\u010dno) i prezentirati u\u017eivo.<\/li>\n<li><strong>ARPAnet.<\/strong> Izraditi objavu\/web stranicu na vlastitom sjedi\u0161tu o mre\u017ei ARPAnet. Navesti tehni\u010dke detalje mre\u017ee. Tekst treba biti prilago\u0111en srednjo\u0161kolskom uzrastu u\u010denika bez obzira na struku \u0161kolovanja.<\/li>\n<li><strong>Internet&nbsp;okosnica.<\/strong> Napisati objavu\/web stranicu na vlastitom mre\u017enom sjedi\u0161tu o okosnici Interneta. Definirati okosnicu i njene razine. Prona\u0107i i uklju\u010diti zanimljivosti vezane uz okosnicu. Tekst treba biti prilago\u0111en srednjo\u0161kolskom uzrastu u\u010denika bez obzira na struku \u0161kolovanja.<\/li>\n<li><strong>Circuit i Packet switching.<\/strong> Napraviti animaciju dvije vrste prespajanja prometa u mre\u017ei (circuit, odnosno packet switching). Za animaciju koristiti alat\/tehnologiju prema izboru. Rad dokumentirati na svojem mre\u017enom sjedi\u0161tu.<\/li>\n<li><strong>OSI Model &#8211; memoriranje slojeva<\/strong>. Predlo\u017eiti tehniku\/smisleni niz rije\u010di (najmanje tri na\u010dina) za pam\u0107enje naziva svih razina OSI modela.&nbsp;<\/li>\n<li><strong>Mre\u017ena kri\u017ealjka.<\/strong> Sastaviti kri\u017ealjku\/osmosmjerku tipa prikazane sa temom ra\u010dunalnih mre\u017ea. Na povr\u0161inu veli\u010dine prikazane potrebno je uvrstiti \u0161to vi\u0161e rije\u010di vezanih uz zadanu temu (najmanje <strong>trideset<\/strong>). Rje\u0161enje je potrebno prezentirati (slikom ili na drugi na\u010din) na vlastitom internetskom sjedi\u0161tu. Kri\u017ealjka treba biti objavljena i puna i prazna (ako nije osmosmjerka).<br \/>\n<img loading=\"lazy\" class=\"rg_ic rg_i alignnone\" src=\"https:\/\/encrypted-tbn0.gstatic.com\/images?q=tbn:ANd9GcQa6F6D69R70QjFqmG8_4cb3OEEcurSyUprOtokfYLsOA6p1ysaLA&amp;s\" alt=\"Zadatak krizaljka\" width=\"225\" height=\"224\"><\/li>\n<li><strong>Postavljanje IP adrese iz naredbenog retka.<\/strong> Napisati objavu\/web stranicu na vlastitom mre\u017enom sjedi\u0161tu o tome kako se mo\u017ee IP adresa (stati\u010dki) postaviti iz naredbenog retka. Postupak objasniti po koracima. Tekst treba biti prilago\u0111en srednjo\u0161kolskom uzrastu u\u010denika.<\/li>\n<li><strong>Naredbe ping i ipconfig.<\/strong> Sastaviti objavu\/web stranicu na vlastitom sjedi\u0161tu o savjetima kako koristiti ping i ipconfig naredbu (tipa tips&amp;tricks, neke poveznice na <a href=\"http:\/\/kristinka-blazeka-blog.from.hr\/?page_id=884\" target=\"_blank\" rel=\"noopener\">link<\/a>). Sve postupke popratiti slikama i objasniti po koracima.<\/li>\n<li>Sastaviti objavu\/web stranicu o temi &#8220;<strong>Localhost &#8211; \u0161to je i kako se koristi<\/strong>&#8220;. Obogatiti tekst obja\u0161njenjima, prikazima ekrana i savjetima za upotrebu (<a href=\"https:\/\/www.google.com\/amp\/s\/helpdeskgeek.com\/networking\/what-is-localhost-and-how-can-you-use-it\/amp\/\" target=\"_blank\" rel=\"noopener\">link<\/a>).<\/li>\n<li><strong>QUIC protokol.<\/strong> Sastaviti objavu\/\u010dlanak o temi QUIC protokol. Navesti njegovu poziciju u OSI modelu te naglasiti ideju i prednosti ovog protokola.<\/li>\n<li>Sastaviti objavu\/\u010dlanak na temu <strong>standardi T568A i T568B<\/strong>. \u010clanak bi trebao opisivati ukratko razliku, razloge i na\u010din kori\u0161tenja te trenutno stanje u tom podru\u010dju.<\/li>\n<li>Opisati tehnologiju <strong>TokenRing<\/strong>. Objasniti ideju, komentirati upotrebljivost.<\/li>\n<li>Objasniti <strong>Kodiranje na fizi\u010dkoj razini<\/strong>. Na primjeru objasniti 4B\/5B kodiranje. Komentirati velike nizove nula\/jedinica u prijenosu podataka.&nbsp;Tekst treba biti prilago\u0111en srednjo\u0161kolskom uzrastu u\u010denika.<\/li>\n<li><strong>Prakti\u010dni savjeti za ostvarivanje peer to peer mre\u017ea<\/strong>. Na primjerima bar dva na\u010dina izvedbe komentirati postupak, dati savjete i rje\u0161enja mogu\u0107ih problema ostvarenju jednostavne peer to peer mre\u017ee dva korisnika.&nbsp;Tekst treba biti prilago\u0111en srednjo\u0161kolskom uzrastu u\u010denika.<\/li>\n<li><strong>TP kabeli u posebnim okru\u017eenjima<\/strong>. Opisati vrste TP kablova s obzirom na izvedbu. Prilo\u017eiti slike i karakteristike. Na primjerima objasniti potrebu za kori\u0161tenjem skupljih izvedbi TP kablova s obzirom na mogu\u0107e smetnje.<\/li>\n<li><strong>Opti\u010dka vlakna<\/strong>. Opisati fizikalne osnove, komunikacijski kanal u svjetlovodnoj mre\u017ei, osobine opti\u010dkih vlakana i prijenosa svijetlosti.<\/li>\n<li><strong>Izvedbe svjetlovodnih vlakana<\/strong>. Opisati jednomodna i vi\u0161emodna svjetlovodna vlakna, \u0161irinu propusnog pojasa, slabljenje i gubitke.<\/li>\n<li><strong>Prijenos analognih i digitalnih signala<\/strong>. Opisati propusnu \u0161irinu, objasniti digitalnu propusnost, opisati postupke modulacije, objasniti signalizaciju, modulaciju i ulogu mre\u017enih kartica.<\/li>\n<li><strong>Podmorski opti\u010dki vodovi<\/strong>. Opisati postupak izvedbe podmorskih opti\u010dkih vodova, opisati na\u010dine za\u0161tite i popravaka.&nbsp;<\/li>\n<li><strong>Smetnje kod prijenosa signala bakrenim medijima<\/strong> (vrste, opisi, na\u010dini za\u0161tite)<\/li>\n<\/ol>\n","protected":false},"excerpt":{"rendered":"<p>Uvod u ra\u010dunalne mre\u017ee (2A, 2B, 2C) Obja\u0161njenje: U zadacima-esejskim ili prakti\u010dnim radovima potrebno je izraditi sklop, web stranicu\/objavu ili aplikaciju. Tekstualni radovi se objavljuju i prikazuju u pregledniku pristupanjem mre\u017enom sjedi\u0161tu u\u010denika (otvaranje besplatnog i funkcionalnog web sjedi\u0161ta mogu\u0107e je na from.hr ili se alternativno mogu koristiti servisi poput wixsite, wordpress, google sites i &hellip; <a href=\"http:\/\/kristinka-blazeka-blog.from.hr\/?page_id=785\" class=\"more-link\">Nastavi \u010ditati <span class=\"screen-reader-text\">Esej (2. razredi)<\/span> <span class=\"meta-nav\">&rarr;<\/span><\/a><\/p>\n","protected":false},"author":1263,"featured_media":0,"parent":0,"menu_order":0,"comment_status":"closed","ping_status":"closed","template":"","meta":{"ngg_post_thumbnail":0},"yoast_head":"<!-- This site is optimized with the Yoast SEO plugin v17.5 - https:\/\/yoast.com\/wordpress\/plugins\/seo\/ -->\n<meta name=\"robots\" content=\"index, follow, max-snippet:-1, max-image-preview:large, max-video-preview:-1\" \/>\n<link rel=\"canonical\" href=\"http:\/\/kristinka-blazeka-blog.from.hr\/?page_id=785\" \/>\n<meta property=\"og:locale\" content=\"hr_HR\" \/>\n<meta property=\"og:type\" content=\"article\" \/>\n<meta property=\"og:title\" content=\"Esej (2. razredi) - learning creative&amp;openminded\" \/>\n<meta property=\"og:description\" content=\"Uvod u ra\u010dunalne mre\u017ee (2A, 2B, 2C) Obja\u0161njenje: U zadacima-esejskim ili prakti\u010dnim radovima potrebno je izraditi sklop, web stranicu\/objavu ili aplikaciju. Tekstualni radovi se objavljuju i prikazuju u pregledniku pristupanjem mre\u017enom sjedi\u0161tu u\u010denika (otvaranje besplatnog i funkcionalnog web sjedi\u0161ta mogu\u0107e je na from.hr ili se alternativno mogu koristiti servisi poput wixsite, wordpress, google sites i &hellip; Nastavi \u010ditati Esej (2. razredi) &rarr;\" \/>\n<meta property=\"og:url\" content=\"http:\/\/kristinka-blazeka-blog.from.hr\/?page_id=785\" \/>\n<meta property=\"og:site_name\" content=\"learning creative&amp;openminded\" \/>\n<meta property=\"article:modified_time\" content=\"2025-03-22T19:13:50+00:00\" \/>\n<meta property=\"og:image\" content=\"https:\/\/encrypted-tbn0.gstatic.com\/images?q=tbn:ANd9GcQa6F6D69R70QjFqmG8_4cb3OEEcurSyUprOtokfYLsOA6p1ysaLA&#038;s\" \/>\n<meta name=\"twitter:card\" content=\"summary\" \/>\n<meta name=\"twitter:label1\" content=\"Procijenjeno vrijeme \u010ditanja\" \/>\n\t<meta name=\"twitter:data1\" content=\"4 minute\" \/>\n<script type=\"application\/ld+json\" class=\"yoast-schema-graph\">{\"@context\":\"https:\/\/schema.org\",\"@graph\":[{\"@type\":\"WebSite\",\"@id\":\"http:\/\/kristinka-blazeka-blog.from.hr\/#website\",\"url\":\"http:\/\/kristinka-blazeka-blog.from.hr\/\",\"name\":\"learning creative&amp;openminded\",\"description\":\"\\u201cFirst learn computer science and all the theory. Next develop a programming style. Then forget all that and just hack.\\u201d - George Carrette\",\"potentialAction\":[{\"@type\":\"SearchAction\",\"target\":{\"@type\":\"EntryPoint\",\"urlTemplate\":\"http:\/\/kristinka-blazeka-blog.from.hr\/?s={search_term_string}\"},\"query-input\":\"required name=search_term_string\"}],\"inLanguage\":\"hr\"},{\"@type\":\"ImageObject\",\"@id\":\"http:\/\/kristinka-blazeka-blog.from.hr\/?page_id=785#primaryimage\",\"inLanguage\":\"hr\",\"url\":\"https:\/\/encrypted-tbn0.gstatic.com\/images?q=tbn:ANd9GcQa6F6D69R70QjFqmG8_4cb3OEEcurSyUprOtokfYLsOA6p1ysaLA&amp;s\",\"contentUrl\":\"https:\/\/encrypted-tbn0.gstatic.com\/images?q=tbn:ANd9GcQa6F6D69R70QjFqmG8_4cb3OEEcurSyUprOtokfYLsOA6p1ysaLA&amp;s\"},{\"@type\":\"WebPage\",\"@id\":\"http:\/\/kristinka-blazeka-blog.from.hr\/?page_id=785#webpage\",\"url\":\"http:\/\/kristinka-blazeka-blog.from.hr\/?page_id=785\",\"name\":\"Esej (2. razredi) - learning creative&amp;openminded\",\"isPartOf\":{\"@id\":\"http:\/\/kristinka-blazeka-blog.from.hr\/#website\"},\"primaryImageOfPage\":{\"@id\":\"http:\/\/kristinka-blazeka-blog.from.hr\/?page_id=785#primaryimage\"},\"datePublished\":\"2019-10-20T14:17:40+00:00\",\"dateModified\":\"2025-03-22T19:13:50+00:00\",\"breadcrumb\":{\"@id\":\"http:\/\/kristinka-blazeka-blog.from.hr\/?page_id=785#breadcrumb\"},\"inLanguage\":\"hr\",\"potentialAction\":[{\"@type\":\"ReadAction\",\"target\":[\"http:\/\/kristinka-blazeka-blog.from.hr\/?page_id=785\"]}]},{\"@type\":\"BreadcrumbList\",\"@id\":\"http:\/\/kristinka-blazeka-blog.from.hr\/?page_id=785#breadcrumb\",\"itemListElement\":[{\"@type\":\"ListItem\",\"position\":1,\"name\":\"Home\",\"item\":\"http:\/\/kristinka-blazeka-blog.from.hr\/\"},{\"@type\":\"ListItem\",\"position\":2,\"name\":\"Esej (2. razredi)\"}]}]}<\/script>\n<!-- \/ Yoast SEO plugin. -->","yoast_head_json":{"robots":{"index":"index","follow":"follow","max-snippet":"max-snippet:-1","max-image-preview":"max-image-preview:large","max-video-preview":"max-video-preview:-1"},"canonical":"http:\/\/kristinka-blazeka-blog.from.hr\/?page_id=785","og_locale":"hr_HR","og_type":"article","og_title":"Esej (2. razredi) - learning creative&amp;openminded","og_description":"Uvod u ra\u010dunalne mre\u017ee (2A, 2B, 2C) Obja\u0161njenje: U zadacima-esejskim ili prakti\u010dnim radovima potrebno je izraditi sklop, web stranicu\/objavu ili aplikaciju. Tekstualni radovi se objavljuju i prikazuju u pregledniku pristupanjem mre\u017enom sjedi\u0161tu u\u010denika (otvaranje besplatnog i funkcionalnog web sjedi\u0161ta mogu\u0107e je na from.hr ili se alternativno mogu koristiti servisi poput wixsite, wordpress, google sites i &hellip; Nastavi \u010ditati Esej (2. razredi) &rarr;","og_url":"http:\/\/kristinka-blazeka-blog.from.hr\/?page_id=785","og_site_name":"learning creative&amp;openminded","article_modified_time":"2025-03-22T19:13:50+00:00","og_image":[{"url":"https:\/\/encrypted-tbn0.gstatic.com\/images?q=tbn:ANd9GcQa6F6D69R70QjFqmG8_4cb3OEEcurSyUprOtokfYLsOA6p1ysaLA&amp;s"}],"twitter_card":"summary","twitter_misc":{"Procijenjeno vrijeme \u010ditanja":"4 minute"},"schema":{"@context":"https:\/\/schema.org","@graph":[{"@type":"WebSite","@id":"http:\/\/kristinka-blazeka-blog.from.hr\/#website","url":"http:\/\/kristinka-blazeka-blog.from.hr\/","name":"learning creative&amp;openminded","description":"\u201cFirst learn computer science and all the theory. Next develop a programming style. Then forget all that and just hack.\u201d - George Carrette","potentialAction":[{"@type":"SearchAction","target":{"@type":"EntryPoint","urlTemplate":"http:\/\/kristinka-blazeka-blog.from.hr\/?s={search_term_string}"},"query-input":"required name=search_term_string"}],"inLanguage":"hr"},{"@type":"ImageObject","@id":"http:\/\/kristinka-blazeka-blog.from.hr\/?page_id=785#primaryimage","inLanguage":"hr","url":"https:\/\/encrypted-tbn0.gstatic.com\/images?q=tbn:ANd9GcQa6F6D69R70QjFqmG8_4cb3OEEcurSyUprOtokfYLsOA6p1ysaLA&amp;s","contentUrl":"https:\/\/encrypted-tbn0.gstatic.com\/images?q=tbn:ANd9GcQa6F6D69R70QjFqmG8_4cb3OEEcurSyUprOtokfYLsOA6p1ysaLA&amp;s"},{"@type":"WebPage","@id":"http:\/\/kristinka-blazeka-blog.from.hr\/?page_id=785#webpage","url":"http:\/\/kristinka-blazeka-blog.from.hr\/?page_id=785","name":"Esej (2. razredi) - learning creative&amp;openminded","isPartOf":{"@id":"http:\/\/kristinka-blazeka-blog.from.hr\/#website"},"primaryImageOfPage":{"@id":"http:\/\/kristinka-blazeka-blog.from.hr\/?page_id=785#primaryimage"},"datePublished":"2019-10-20T14:17:40+00:00","dateModified":"2025-03-22T19:13:50+00:00","breadcrumb":{"@id":"http:\/\/kristinka-blazeka-blog.from.hr\/?page_id=785#breadcrumb"},"inLanguage":"hr","potentialAction":[{"@type":"ReadAction","target":["http:\/\/kristinka-blazeka-blog.from.hr\/?page_id=785"]}]},{"@type":"BreadcrumbList","@id":"http:\/\/kristinka-blazeka-blog.from.hr\/?page_id=785#breadcrumb","itemListElement":[{"@type":"ListItem","position":1,"name":"Home","item":"http:\/\/kristinka-blazeka-blog.from.hr\/"},{"@type":"ListItem","position":2,"name":"Esej (2. razredi)"}]}]}},"_links":{"self":[{"href":"http:\/\/kristinka-blazeka-blog.from.hr\/index.php?rest_route=\/wp\/v2\/pages\/785"}],"collection":[{"href":"http:\/\/kristinka-blazeka-blog.from.hr\/index.php?rest_route=\/wp\/v2\/pages"}],"about":[{"href":"http:\/\/kristinka-blazeka-blog.from.hr\/index.php?rest_route=\/wp\/v2\/types\/page"}],"author":[{"embeddable":true,"href":"http:\/\/kristinka-blazeka-blog.from.hr\/index.php?rest_route=\/wp\/v2\/users\/1263"}],"replies":[{"embeddable":true,"href":"http:\/\/kristinka-blazeka-blog.from.hr\/index.php?rest_route=%2Fwp%2Fv2%2Fcomments&post=785"}],"version-history":[{"count":50,"href":"http:\/\/kristinka-blazeka-blog.from.hr\/index.php?rest_route=\/wp\/v2\/pages\/785\/revisions"}],"predecessor-version":[{"id":3992,"href":"http:\/\/kristinka-blazeka-blog.from.hr\/index.php?rest_route=\/wp\/v2\/pages\/785\/revisions\/3992"}],"wp:attachment":[{"href":"http:\/\/kristinka-blazeka-blog.from.hr\/index.php?rest_route=%2Fwp%2Fv2%2Fmedia&parent=785"}],"curies":[{"name":"wp","href":"https:\/\/api.w.org\/{rel}","templated":true}]}}