{"id":884,"date":"2019-11-14T13:12:18","date_gmt":"2019-11-14T13:12:18","guid":{"rendered":"http:\/\/kristinka-blazeka-blog.from.hr\/?page_id=884"},"modified":"2024-11-11T17:32:30","modified_gmt":"2024-11-11T17:32:30","slug":"poveznice-za-vjezbe","status":"publish","type":"page","link":"http:\/\/kristinka-blazeka-blog.from.hr\/?page_id=884","title":{"rendered":"Poveznice  za vjezbe"},"content":{"rendered":"<h2><span style=\"color: #333333\"><strong>Korisne poveznice (teorija i prakti\u010dan rad)<\/strong><\/span><\/h2>\n<h4><a href=\"https:\/\/geek-university.com\/ccna\/computer-network-explained\/\" target=\"_blank\" rel=\"noopener\">CCNA geek-university<\/a><\/h4>\n<h4><a href=\"https:\/\/www.netacad.com\/courses\/packet-tracer\/introduction-packet-tracer\" target=\"_blank\" rel=\"noopener\">Uvod u packet-tracer simulator<\/a>,&nbsp; <a href=\"https:\/\/www.youtube.com\/watch?v=Im9zKD477s4\">video1<\/a>,&nbsp;&nbsp;<a href=\"https:\/\/www.youtube.com\/watch?v=hZ1RoV0wTYA\">video<\/a><\/h4>\n<h4><a href=\"https:\/\/www.dropbox.com\/sh\/cnvav1104mdoh6x\/AACM07oB1vezOJKDbsR7b_GSa?dl=0&amp;preview=Vje%C5%BEbe+-+Uvod+u+ra%C4%8Dunalne+mre%C5%BEe.ppt\" target=\"_blank\" rel=\"noopener\">Uvod u mre\u017ee<\/a><\/h4>\n<h3><strong>Naredba ping, ICMP<\/strong><\/h3>\n<ul>\n<li><a href=\"https:\/\/hr.if-koubou.com\/articles\/how-to\/how-to-use-the-ping-command-to-test-your-network.html\" target=\"_blank\" rel=\"noopener\">Kako koristiti naredbu ping prilikom ispitivanja mre\u017ee<\/a>?<\/li>\n<li><a href=\"https:\/\/www.techrepublic.com\/article\/new-to-networking-introducing-the-ping-command\/\" target=\"_blank\" rel=\"noopener\">Naredba ping<\/a><\/li>\n<li><a href=\"https:\/\/smallbusiness.chron.com\/ping-ip-addresses-lan-68381.html\" target=\"_blank\" rel=\"noopener\">Pinganje LAN adresa<\/a><\/li>\n<li><a href=\"https:\/\/www.dummies.com\/computers\/pcs\/how-to-use-ping-to-check-internet-availability\/\" target=\"_blank\" rel=\"noopener\">Kako koristiti naredbu ping za provjeru dostupnosti Interneta<\/a>?<\/li>\n<li><a href=\"https:\/\/cyberlab.pacific.edu\/courses\/comp177\/resources\/11-icmp.pdf\">ICMP<\/a><\/li>\n<\/ul>\n<h3><strong>Osnove<\/strong><\/h3>\n<ul>\n<li><a href=\"https:\/\/sysportal.carnet.hr\/node\/393\" target=\"_blank\" rel=\"noopener\">Carnet &#8211; o mre\u017eama<\/a><\/li>\n<li><a href=\"https:\/\/en.wikipedia.org\/wiki\/List_of_network_protocols_(OSI_model)\" target=\"_blank\" rel=\"noopener\">Liste mre\u017enih protokola (OSI model)<\/a><\/li>\n<li><a href=\"https:\/\/www.avalon.hr\/blog\/2011\/12\/20\/kako-radi-dns-i-zasto-je-toliko-vazan\/\" target=\"_blank\" rel=\"noopener\">Kako radi DNS i za\u0161to je toliko va\u017ean<\/a>?<\/li>\n<li><a href=\"https:\/\/sysportal.carnet.hr\/node\/374\" target=\"_blank\" rel=\"noopener\">Aktivna i pasivna mre\u017ena oprema<\/a><\/li>\n<li><a href=\"https:\/\/www.google.com\/amp\/s\/www.howtogeek.com\/103190\/change-your-ip-address-from-the-command-prompt\/amp\/\" target=\"_blank\" rel=\"noopener\">Kako promijeniti IP adresu iz naredbenog retka<\/a>?<\/li>\n<li><a href=\"https:\/\/www.pluralsight.com\/blog\/it-ops\/windows-7-ip-addressing\" target=\"_blank\" rel=\"noopener\">Windows7 IP adresiranje<\/a><\/li>\n<li><a href=\"https:\/\/oit.colorado.edu\/tutorial\/static-ip-configuration-windows-7\" target=\"_blank\" rel=\"noopener\">Stati\u010dko&nbsp;IP konfiguriranje&nbsp;(windows7)<\/a><\/li>\n<li><a href=\"https:\/\/docs.oracle.com\/en\/solutions\/hub-spoke-network\/index.html#GUID-005D02B1-AC7B-437E-A28B-1FC02822D363\" target=\"_blank\" rel=\"noopener\">Set up a hub-and-spoke network topology<\/a><\/li>\n<li><a href=\"https:\/\/www.youtube.com\/watch?v=x3c1ih2NJEg\" target=\"_blank\" rel=\"noopener\">Kako radi Internet<\/a><\/li>\n<\/ul>\n<h3><strong>Kabliranje<\/strong><\/h3>\n<ul>\n<li><a href=\"https:\/\/www.google.com\/url?sa=t&amp;rct=j&amp;q=&amp;esrc=s&amp;source=web&amp;cd=14&amp;ved=2ahUKEwjx4tWHlpjnAhW7AhAIHbCbAV4QFjANegQIAhAB&amp;url=http%3A%2F%2Fwww.ss-tehnicka-kt.skole.hr%2Fradvj%3Fdm_document_id%3D102%26dm_dnl%3D1&amp;usg=AOvVaw2qU1DrUXBlIqky_H8DBVp9\" target=\"_blank\" rel=\"noopener\">Izrada UTP&nbsp; kabla<\/a><\/li>\n<li>Usporedba&nbsp;<a href=\"https:\/\/www.truecable.com\/blogs\/cable-academy\/t568a-vs-t568b\" target=\"_blank\" rel=\"noopener\">568A i 568B<\/a><\/li>\n<li><a href=\"https:\/\/www.fastmetrics.com\/how-fast-is-fiber-optic-internet.php\" target=\"_blank\" rel=\"noopener\">Koliko je brz &#8220;opti\u010dki internet&#8221;<\/a><\/li>\n<li><a href=\"https:\/\/www.instructables.com\/Building-POF-home-user-network\/\" target=\"_blank\" rel=\"noopener\">opti\u010dka ku\u0107na mre\u017ea<\/a><\/li>\n<\/ul>\n<h3><strong>Pra\u0107enje prometa<\/strong><\/h3>\n<ul>\n<li><a href=\"https:\/\/www.varonis.com\/blog\/how-to-use-wireshark\/\" target=\"_blank\" rel=\"noopener\">wireshark<\/a><\/li>\n<li><a href=\"http:\/\/webpages.eng.wayne.edu\/~fy8421\/16sp-csc5991\/labs\/lab1-instruction.pdf\" target=\"_blank\" rel=\"noopener\">hvatanje paketa<\/a><\/li>\n<li><a href=\"https:\/\/www.youtube.com\/watch?v=SKtOvZmmF1A\" target=\"_blank\" rel=\"noopener\">arp<\/a><\/li>\n<li><a href=\"https:\/\/packetlife.net\/captures\/\" target=\"_blank\" rel=\"noopener\">sample captures<\/a><\/li>\n<\/ul>\n<h3><strong>IPv4<\/strong><\/h3>\n<ul>\n<li><a href=\"https:\/\/www.tutorialspoint.com\/ipv4\/ipv4_reserved_addresses.htm\" target=\"_blank\" rel=\"noopener\">Rezervirane IPv4 adrese<\/a><\/li>\n<li><a href=\"https:\/\/www.tutorialspoint.com\/ipv4\/index.htm\" target=\"_blank\" rel=\"noopener\">IPv4 priru\u010dnik<\/a><\/li>\n<li><a href=\"http:\/\/ipcalculator.com\">ip kalkulator<\/a><\/li>\n<li><a href=\"https:\/\/www.subnetonline.com\/pages\/subnet-calculators\/ip-subnet-calculator.php\" target=\"_blank\" rel=\"noopener\">IPv4 kalkulator<\/a>,&nbsp;<a href=\"https:\/\/www.tunnelsup.com\/subnet-calculator\/\" target=\"_blank\" rel=\"noopener\">subnet-calculator<\/a>,&nbsp;<a href=\"https:\/\/www.subnetonline.com\/pages\/subnet-calculators\/ip-subnet-calculator.php\" target=\"_blank\" rel=\"noopener\">IP subnet kalkulator<\/a><\/li>\n<li><a href=\"https:\/\/subnettingpractice.com\/ip_allocation.html\" target=\"_blank\" rel=\"noopener\">dodjela javnih IP adresa<\/a><\/li>\n<li><a href=\"https:\/\/www.nirsoft.net\/countryip\/hr.html\" target=\"_blank\" rel=\"noopener\">glavni adresni blokovi za Hrvatsku<\/a><\/li>\n<li><a href=\"http:\/\/ipverse.net\/\" target=\"_blank\" rel=\"noopener\">lista IP adresnih blokova<\/a><\/li>\n<li><a href=\"https:\/\/lite.ip2location.com\/ip-address-ranges-by-country\" target=\"_blank\" rel=\"noopener\">adrese prema dr\u017eavama<\/a><\/li>\n<\/ul>\n<h3><strong>Subnetiranje<\/strong><\/h3>\n<ul>\n<li><a href=\"https:\/\/www.orbit-computer-solutions.com\/variable-length-subnet-mask-vlsm\/\" target=\"_blank\" rel=\"noopener\">\u0160to je VLSM?<\/a><\/li>\n<li><a href=\"https:\/\/www.geeksforgeeks.org\/ipv4-classless-subnet-equation\/\" target=\"_blank\" rel=\"noopener\">Izra\u010dunavanje adresa &#8211; primjeri<\/a><\/li>\n<li><a href=\"https:\/\/ipcisco.com\/lesson\/ip-subnetting-and-subnetting-examples\/\" target=\"_blank\" rel=\"noopener\">Subnetiranje<\/a><\/li>\n<li><a href=\"http:\/\/www.steves-internet-guide.com\/subnetting-worked-examples\/\" target=\"_blank\" rel=\"noopener\">Subnetiranje &#8211; primjeri<\/a>&nbsp;1 &#8211; <a href=\"https:\/\/www.gatevidyalay.com\/subnetting-ip-subnetting-examples\/\" target=\"_blank\" rel=\"noopener\">Subnetiranje &#8211; primjeri 2<\/a><\/li>\n<li><a href=\"https:\/\/www.computernetworkingnotes.com\/ccna-study-guide\/vlsm-subnetting-examples-and-calculation-explained.html\" target=\"_blank\" rel=\"noopener\">VLSM subnetiranje<\/a>&nbsp;1 &#8211; <a href=\"https:\/\/www.freeccnastudyguide.com\/study-guides\/ccna\/ch2\/vlsm\/\" target=\"_blank\" rel=\"noopener\">VLSM subnetiranje 2<\/a><\/li>\n<li><a href=\"http:\/\/vlsmcalc.net\/\">VLSM kalkulator &#8211; <\/a><a href=\"https:\/\/vlsmcalc.vercel.app\/\" target=\"_blank\" rel=\"noopener\">VLSM kalkulator2<\/a><\/li>\n<li><a href=\"https:\/\/www.ittsystems.com\/introduction-to-subnetting\/\">Subnetiranje itt<\/a><\/li>\n<li><a href=\"https:\/\/ipcisco.com\/lesson\/ip-subnetting-and-subnetting-examples\/\" target=\"_blank\" rel=\"noopener\">IP subnetting&nbsp;<\/a><\/li>\n<li><a href=\"https:\/\/ipcalculator.com\/\" target=\"_blank\" rel=\"noopener\">ipcalculator<\/a><\/li>\n<\/ul>\n<h3><strong>IPv6<\/strong><\/h3>\n<ul>\n<li><a href=\"https:\/\/www.cert.hr\/wp-content\/uploads\/2006\/11\/CCERT-PUBDOC-2006-11-173.pdf\" target=\"_blank\" rel=\"noopener\">IPv6 protokol<\/a><\/li>\n<li><a href=\"https:\/\/test-ipv6.carnet.hr\/\" target=\"_blank\" rel=\"noopener\">provjeri IPv6<\/a><\/li>\n<\/ul>\n<h3><strong>Usmjernici i usmjeravanje<\/strong><\/h3>\n<ul>\n<li><a href=\"https:\/\/www.ccnablog.com\/static-routing\/\" target=\"_blank\" rel=\"noopener\">Stati\u010dko usmjeravanje<\/a><\/li>\n<li><a href=\"https:\/\/medium.com\/developer-student-clubs-tiet\/beginners-guide-to-routing-in-cisco-packet-tracer-608f8a156d94\" target=\"_blank\" rel=\"noopener\">Usmjeravanje za po\u010detnike, RIP<\/a><\/li>\n<li><a href=\"https:\/\/www.geeksforgeeks.org\/default-route-in-cisco-routers\/\" target=\"_blank\" rel=\"noopener\">Podrazumijevana ruta<\/a><\/li>\n<\/ul>\n<h3><strong>Konfiguriranje mre\u017enih ure\u0111aja<\/strong><\/h3>\n<ul>\n<li><a href=\"http:\/\/kristinka-blazeka-blog.from.hr\/files\/2019\/11\/Konfiguriranje-preklopnika.pdf\">Konfiguriranje preklopnika<\/a>&nbsp;(<a href=\"https:\/\/community.fs.com\/blog\/what-is-cli-of-a-data-switch-and-how-to-access-it.html\" target=\"_blank\" rel=\"noopener\">pristup preklopniku<\/a>, <a href=\"https:\/\/blog.router-switch.com\/2011\/11\/cisco-memory-types-and-functions\/\" target=\"_blank\" rel=\"noopener\">cisco memorije<\/a>, <a href=\"https:\/\/www.cisco.com\/c\/en\/us\/td\/docs\/routers\/connectedgrid\/switch_module_swcg\/cgr-esm-configuration\/A_CLI_setup.pdf\" target=\"_blank\" rel=\"noopener\">primjer inicijalne konfiguracije<\/a>, <a href=\"https:\/\/www.radford.edu\/~hlee3\/classes\/backup\/itec451_spring2017\/Cisco\/CCNA2_RSE_spring2017\/Lab%20Source%20Files_solutions\/5.1.1.6%20Lab%20-%20Configuring%20Basic%20Switch%20Settings%20-%20solution.pdf\" target=\"_blank\" rel=\"noopener\">LVkonfiguracija_rje\u0161enje<\/a>, <a href=\"https:\/\/www.manageengine.com\/network-configuration-manager\/configure-cisco-switch.html\" target=\"_blank\" rel=\"noopener\">primjerkonfiguracije<\/a>)<\/li>\n<li><a href=\"https:\/\/study-ccna.com\/configure-an-ip-address-on-a-switch\/\" target=\"_blank\" rel=\"noopener\">Konfiguriranje IP adrese na preklopniku<\/a><\/li>\n<li><a href=\"http:\/\/kristinka-blazeka-blog.from.hr\/files\/2019\/11\/Konfiguriranje-usmjernika.pdf\">Konfiguriranje usmjernika<\/a>&nbsp;(<a href=\"https:\/\/www.networkstraining.com\/basic-cisco-router-configuration-steps\/\">Commands Guide<\/a>,&nbsp;<a href=\"https:\/\/itexamanswers.net\/ccna-1-v7-0-curriculum-module-10-basic-router-configuration.html#:~:text=Basic%20Router%20Configuration%20Steps%201%20Configure%20the%20device,transport%20input%20%7Bssh%20%7C%20telnet%7D%20More%20items...%20\" target=\"_blank\" rel=\"noopener\">CCNA<\/a>, <a href=\"https:\/\/www.youtube.com\/watch?v=7XGbOPMn_qc\" target=\"_blank\" rel=\"noopener\">Video<\/a>, <a href=\"https:\/\/networkengineering.stackexchange.com\/questions\/55017\/whats-the-difference-between-serial-dce-and-serial-dte-link\">DCE\/DTE razlika<\/a>, <a href=\"https:\/\/community.cisco.com\/t5\/networking-documents\/access-control-lists-acl-explained\/ta-p\/4182349\" target=\"_blank\" rel=\"noopener\">ACL<\/a>)<\/li>\n<\/ul>\n<p><a href=\"http:\/\/kristinka-blazeka-blog.from.hr\/files\/2019\/11\/download.jpg\"><img loading=\"lazy\" class=\"aligncenter size-full wp-image-1038\" src=\"http:\/\/kristinka-blazeka-blog.from.hr\/files\/2019\/11\/download.jpg\" alt=\"\" width=\"265\" height=\"190\"><\/a><\/p>\n<p>&nbsp;<\/p>\n<p>&nbsp;<\/p>\n<p>Ponavljanje<\/p>\n<ul>\n<li><a href=\"https:\/\/forms.office.com\/Pages\/ResponsePage.aspx?id=z0c6mHesd0qIU_tNhYhZKBtkP7o_mKVBj-tYrTzB_IRUNkpMU0sxR0k2TklXWk4zQlFaMlBRQzc2Ry4u&amp;nocdn=1\" target=\"_blank\" rel=\"noopener\">Osnove umre\u017eavanja<\/a><\/li>\n<li><a href=\"http:\/\/jodies.de\/ipcalc?host=32.213.2.152&amp;mask1=6&amp;mask2=\" target=\"_blank\" rel=\"noopener\">IP kalkulator<\/a><\/li>\n<li><a href=\"https:\/\/whatismyipaddress.com\/localhost\" target=\"_blank\" rel=\"noopener\">Localhost<\/a><\/li>\n<li><a href=\"https:\/\/asmed.com\/comptia-network-osi-model\/\" target=\"_blank\" rel=\"noopener\">CompTIA &#8211; OSI<\/a><\/li>\n<li><a href=\"http:\/\/atechacademy.com\/networking\/ccna-routing-switching\/\" target=\"_blank\" rel=\"noopener\">Free CISCO CCNA<\/a><\/li>\n<li><a href=\"http:\/\/tinyurl.com\/skola-rm1\" target=\"_blank\" rel=\"noopener\">Materijali za u\u010denje<\/a><\/li>\n<li><a href=\"http:\/\/atechacademy.com\/free-online-quiz-interview-questions-atech\/\" target=\"_blank\" rel=\"noopener\">Online kvizovi<\/a><\/li>\n<\/ul>\n<p>Ostali materijali za u\u010denje<\/p>\n<p><a href=\"https:\/\/www.freecodecamp.org\/news\/dijkstras-shortest-path-algorithm-visual-introduction\/\" target=\"_blank\" rel=\"noopener\">Dijkstra<\/a><\/p>\n<p><a href=\"http:\/\/kristinka-blazeka-blog.from.hr\/files\/2019\/11\/final_assignment_sample.jpg\" target=\"_blank\" rel=\"noopener\">Slika<\/a><\/p>\n","protected":false},"excerpt":{"rendered":"<p>Korisne poveznice (teorija i prakti\u010dan rad) CCNA geek-university Uvod u packet-tracer simulator,&nbsp; video1,&nbsp;&nbsp;video Uvod u mre\u017ee Naredba ping, ICMP Kako koristiti naredbu ping prilikom ispitivanja mre\u017ee? Naredba ping Pinganje LAN adresa Kako koristiti naredbu ping za provjeru dostupnosti Interneta? ICMP Osnove Carnet &#8211; o mre\u017eama Liste mre\u017enih protokola (OSI model) Kako radi DNS i za\u0161to &hellip; <a href=\"http:\/\/kristinka-blazeka-blog.from.hr\/?page_id=884\" class=\"more-link\">Nastavi \u010ditati <span class=\"screen-reader-text\">Poveznice  za vjezbe<\/span> <span class=\"meta-nav\">&rarr;<\/span><\/a><\/p>\n","protected":false},"author":1263,"featured_media":0,"parent":0,"menu_order":0,"comment_status":"closed","ping_status":"closed","template":"","meta":{"ngg_post_thumbnail":0},"yoast_head":"<!-- This site is optimized with the Yoast SEO plugin v17.5 - https:\/\/yoast.com\/wordpress\/plugins\/seo\/ -->\n<meta name=\"robots\" content=\"index, follow, max-snippet:-1, max-image-preview:large, max-video-preview:-1\" \/>\n<link rel=\"canonical\" href=\"http:\/\/kristinka-blazeka-blog.from.hr\/?page_id=884\" \/>\n<meta property=\"og:locale\" content=\"hr_HR\" \/>\n<meta property=\"og:type\" content=\"article\" \/>\n<meta property=\"og:title\" content=\"Poveznice za vjezbe - learning creative&amp;openminded\" \/>\n<meta property=\"og:description\" content=\"Korisne poveznice (teorija i prakti\u010dan rad) CCNA geek-university Uvod u packet-tracer simulator,&nbsp; video1,&nbsp;&nbsp;video Uvod u mre\u017ee Naredba ping, ICMP Kako koristiti naredbu ping prilikom ispitivanja mre\u017ee? Naredba ping Pinganje LAN adresa Kako koristiti naredbu ping za provjeru dostupnosti Interneta? ICMP Osnove Carnet &#8211; o mre\u017eama Liste mre\u017enih protokola (OSI model) Kako radi DNS i za\u0161to &hellip; Nastavi \u010ditati Poveznice za vjezbe &rarr;\" \/>\n<meta property=\"og:url\" content=\"http:\/\/kristinka-blazeka-blog.from.hr\/?page_id=884\" \/>\n<meta property=\"og:site_name\" content=\"learning creative&amp;openminded\" \/>\n<meta property=\"article:modified_time\" content=\"2024-11-11T17:32:30+00:00\" \/>\n<meta property=\"og:image\" content=\"http:\/\/kristinka-blazeka-blog.from.hr\/files\/2019\/11\/download.jpg\" \/>\n<meta name=\"twitter:card\" content=\"summary\" \/>\n<meta name=\"twitter:label1\" content=\"Procijenjeno vrijeme \u010ditanja\" \/>\n\t<meta name=\"twitter:data1\" content=\"2 minute\" \/>\n<script type=\"application\/ld+json\" class=\"yoast-schema-graph\">{\"@context\":\"https:\/\/schema.org\",\"@graph\":[{\"@type\":\"WebSite\",\"@id\":\"http:\/\/kristinka-blazeka-blog.from.hr\/#website\",\"url\":\"http:\/\/kristinka-blazeka-blog.from.hr\/\",\"name\":\"learning creative&amp;openminded\",\"description\":\"\\u201cFirst learn computer science and all the theory. Next develop a programming style. Then forget all that and just hack.\\u201d - George Carrette\",\"potentialAction\":[{\"@type\":\"SearchAction\",\"target\":{\"@type\":\"EntryPoint\",\"urlTemplate\":\"http:\/\/kristinka-blazeka-blog.from.hr\/?s={search_term_string}\"},\"query-input\":\"required name=search_term_string\"}],\"inLanguage\":\"hr\"},{\"@type\":\"ImageObject\",\"@id\":\"http:\/\/kristinka-blazeka-blog.from.hr\/?page_id=884#primaryimage\",\"inLanguage\":\"hr\",\"url\":\"http:\/\/kristinka-blazeka-blog.from.hr\/files\/2019\/11\/download.jpg\",\"contentUrl\":\"http:\/\/kristinka-blazeka-blog.from.hr\/files\/2019\/11\/download.jpg\"},{\"@type\":\"WebPage\",\"@id\":\"http:\/\/kristinka-blazeka-blog.from.hr\/?page_id=884#webpage\",\"url\":\"http:\/\/kristinka-blazeka-blog.from.hr\/?page_id=884\",\"name\":\"Poveznice za vjezbe - learning creative&amp;openminded\",\"isPartOf\":{\"@id\":\"http:\/\/kristinka-blazeka-blog.from.hr\/#website\"},\"primaryImageOfPage\":{\"@id\":\"http:\/\/kristinka-blazeka-blog.from.hr\/?page_id=884#primaryimage\"},\"datePublished\":\"2019-11-14T13:12:18+00:00\",\"dateModified\":\"2024-11-11T17:32:30+00:00\",\"breadcrumb\":{\"@id\":\"http:\/\/kristinka-blazeka-blog.from.hr\/?page_id=884#breadcrumb\"},\"inLanguage\":\"hr\",\"potentialAction\":[{\"@type\":\"ReadAction\",\"target\":[\"http:\/\/kristinka-blazeka-blog.from.hr\/?page_id=884\"]}]},{\"@type\":\"BreadcrumbList\",\"@id\":\"http:\/\/kristinka-blazeka-blog.from.hr\/?page_id=884#breadcrumb\",\"itemListElement\":[{\"@type\":\"ListItem\",\"position\":1,\"name\":\"Home\",\"item\":\"http:\/\/kristinka-blazeka-blog.from.hr\/\"},{\"@type\":\"ListItem\",\"position\":2,\"name\":\"Poveznice za vjezbe\"}]}]}<\/script>\n<!-- \/ Yoast SEO plugin. -->","yoast_head_json":{"robots":{"index":"index","follow":"follow","max-snippet":"max-snippet:-1","max-image-preview":"max-image-preview:large","max-video-preview":"max-video-preview:-1"},"canonical":"http:\/\/kristinka-blazeka-blog.from.hr\/?page_id=884","og_locale":"hr_HR","og_type":"article","og_title":"Poveznice za vjezbe - learning creative&amp;openminded","og_description":"Korisne poveznice (teorija i prakti\u010dan rad) CCNA geek-university Uvod u packet-tracer simulator,&nbsp; video1,&nbsp;&nbsp;video Uvod u mre\u017ee Naredba ping, ICMP Kako koristiti naredbu ping prilikom ispitivanja mre\u017ee? Naredba ping Pinganje LAN adresa Kako koristiti naredbu ping za provjeru dostupnosti Interneta? ICMP Osnove Carnet &#8211; o mre\u017eama Liste mre\u017enih protokola (OSI model) Kako radi DNS i za\u0161to &hellip; Nastavi \u010ditati Poveznice za vjezbe &rarr;","og_url":"http:\/\/kristinka-blazeka-blog.from.hr\/?page_id=884","og_site_name":"learning creative&amp;openminded","article_modified_time":"2024-11-11T17:32:30+00:00","og_image":[{"url":"http:\/\/kristinka-blazeka-blog.from.hr\/files\/2019\/11\/download.jpg"}],"twitter_card":"summary","twitter_misc":{"Procijenjeno vrijeme \u010ditanja":"2 minute"},"schema":{"@context":"https:\/\/schema.org","@graph":[{"@type":"WebSite","@id":"http:\/\/kristinka-blazeka-blog.from.hr\/#website","url":"http:\/\/kristinka-blazeka-blog.from.hr\/","name":"learning creative&amp;openminded","description":"\u201cFirst learn computer science and all the theory. Next develop a programming style. Then forget all that and just hack.\u201d - George Carrette","potentialAction":[{"@type":"SearchAction","target":{"@type":"EntryPoint","urlTemplate":"http:\/\/kristinka-blazeka-blog.from.hr\/?s={search_term_string}"},"query-input":"required name=search_term_string"}],"inLanguage":"hr"},{"@type":"ImageObject","@id":"http:\/\/kristinka-blazeka-blog.from.hr\/?page_id=884#primaryimage","inLanguage":"hr","url":"http:\/\/kristinka-blazeka-blog.from.hr\/files\/2019\/11\/download.jpg","contentUrl":"http:\/\/kristinka-blazeka-blog.from.hr\/files\/2019\/11\/download.jpg"},{"@type":"WebPage","@id":"http:\/\/kristinka-blazeka-blog.from.hr\/?page_id=884#webpage","url":"http:\/\/kristinka-blazeka-blog.from.hr\/?page_id=884","name":"Poveznice za vjezbe - learning creative&amp;openminded","isPartOf":{"@id":"http:\/\/kristinka-blazeka-blog.from.hr\/#website"},"primaryImageOfPage":{"@id":"http:\/\/kristinka-blazeka-blog.from.hr\/?page_id=884#primaryimage"},"datePublished":"2019-11-14T13:12:18+00:00","dateModified":"2024-11-11T17:32:30+00:00","breadcrumb":{"@id":"http:\/\/kristinka-blazeka-blog.from.hr\/?page_id=884#breadcrumb"},"inLanguage":"hr","potentialAction":[{"@type":"ReadAction","target":["http:\/\/kristinka-blazeka-blog.from.hr\/?page_id=884"]}]},{"@type":"BreadcrumbList","@id":"http:\/\/kristinka-blazeka-blog.from.hr\/?page_id=884#breadcrumb","itemListElement":[{"@type":"ListItem","position":1,"name":"Home","item":"http:\/\/kristinka-blazeka-blog.from.hr\/"},{"@type":"ListItem","position":2,"name":"Poveznice za vjezbe"}]}]}},"_links":{"self":[{"href":"http:\/\/kristinka-blazeka-blog.from.hr\/index.php?rest_route=\/wp\/v2\/pages\/884"}],"collection":[{"href":"http:\/\/kristinka-blazeka-blog.from.hr\/index.php?rest_route=\/wp\/v2\/pages"}],"about":[{"href":"http:\/\/kristinka-blazeka-blog.from.hr\/index.php?rest_route=\/wp\/v2\/types\/page"}],"author":[{"embeddable":true,"href":"http:\/\/kristinka-blazeka-blog.from.hr\/index.php?rest_route=\/wp\/v2\/users\/1263"}],"replies":[{"embeddable":true,"href":"http:\/\/kristinka-blazeka-blog.from.hr\/index.php?rest_route=%2Fwp%2Fv2%2Fcomments&post=884"}],"version-history":[{"count":94,"href":"http:\/\/kristinka-blazeka-blog.from.hr\/index.php?rest_route=\/wp\/v2\/pages\/884\/revisions"}],"predecessor-version":[{"id":3840,"href":"http:\/\/kristinka-blazeka-blog.from.hr\/index.php?rest_route=\/wp\/v2\/pages\/884\/revisions\/3840"}],"wp:attachment":[{"href":"http:\/\/kristinka-blazeka-blog.from.hr\/index.php?rest_route=%2Fwp%2Fv2%2Fmedia&parent=884"}],"curies":[{"name":"wp","href":"https:\/\/api.w.org\/{rel}","templated":true}]}}