{"id":913,"date":"2019-11-16T22:03:49","date_gmt":"2019-11-16T22:03:49","guid":{"rendered":"http:\/\/kristinka-blazeka-blog.from.hr\/?page_id=913"},"modified":"2024-09-29T14:06:22","modified_gmt":"2024-09-29T14:06:22","slug":"fragmentiranje-icmp-arp","status":"publish","type":"page","link":"http:\/\/kristinka-blazeka-blog.from.hr\/?page_id=913","title":{"rendered":"Fragmentiranje, ICMP, ARP"},"content":{"rendered":"<p><strong>Fragmentiranje paketa<\/strong><\/p>\n<p>Neke mre\u017ee imaju ograni\u010denje na veli\u010dinu paketa. Maksimalna veli\u010dina paketa definirana je parametrom koji se zove MTU (Maximum Transmission Unit). MTU je zadan na podatkovnom sloju modela OSI i to se ograni\u010denje prenosi na mre\u017eni sloj. Ako je paket ve\u0107i od dopu\u0161tene veli\u010dine, mora se fragmentirati na manje pakete.<\/p>\n<p><img loading=\"lazy\" class=\"irc_mi\" src=\"https:\/\/www.gatevidyalay.com\/wp-content\/uploads\/2018\/09\/IP-Fragmentation-Example-01-Fragments.png\" alt=\"Slikovni rezultat za mtu packet fragmentation\" width=\"540\" height=\"422\"><\/p>\n<p>&nbsp;<\/p>\n<p><img loading=\"lazy\" class=\"irc_mi\" src=\"https:\/\/crnetpackets.files.wordpress.com\/2016\/01\/ipdatagram_vs_ippacket.png?w=510&amp;h=285\" alt=\"Slikovni rezultat za mtu packet fragmentation\" width=\"510\" height=\"285\"><\/p>\n<p><img loading=\"lazy\" class=\"irc_mi\" src=\"https:\/\/www.cs.csustan.edu\/~john\/Classes\/Previous_Semesters\/CS3000_Communication_Networks\/2008_01_Winter\/Notes\/Gifs2\/f21_4c.gif\" alt=\"Slikovni rezultat za mtu packet fragmentation\" width=\"552\" height=\"220\"><\/p>\n<p>Npr. usmjernik R1 \u0161alje na mre\u017eu okvire veli\u010dine 1500 okteta \u0161to je definirano njegovom MTU vrijedno\u0161\u0107u. Ti okviri dolaze na usmjernik R2 te se moraju proslijediti prema usmjerniku R3, no veza izme\u0111u usmjernika R2 i R3 dopu\u0161ta trostruko manje okvire. MTU je ovdje tek 500 okteta. Jedino rje\u0161enje koje R2 ima na raspolaganju jest fragmentirati paket, odnosno razdijeliti ga na manje dijelove kako bi zadovoljio MTU veli\u010dinu mre\u017ee na koju te fragmente mora poslati.<\/p>\n<p>Svaki fragment dobija zasebno IP zaglavlje. Svi fragmenti nastali iz istog paketa dobijaju jednak identifikacijski broj zapisan u polju identifikacije unutar IP zaglavlja. Ova se identifikacija upotrebljava kako ne bi do\u0161lo do mje\u0161anja fragmenata nastalih iz razli\u010ditih paketa. Polje oznake fragmenta (Fragment Offset) upotrebljava se za ponovno slaganje fragmenata u paket, a uz pomo\u0107 MF zastavice identificira se zadni fragment paketa.<\/p>\n<p>Fragmentacija je nepo\u017eeljna zbog:<\/p>\n<p>&#8211; ako jedan fragment paketa bude zbog bilo kojih razloga uni\u0161ten, mora biti ponovno poslan cijeli nefragmentirani paket<\/p>\n<p>&#8211; fragmentiranje zahtjeva dodatno procesno vrijeme usmjernika<\/p>\n<p><img loading=\"lazy\" class=\"irc_mi\" src=\"https:\/\/d2slyrdc8sel4f.cloudfront.net\/179\/aa3.png\" alt=\"Povezana slika\" width=\"515\" height=\"387\"><\/p>\n<p>4.5. ICMP (Internet Control Message Protocol)<\/p>\n<p>Zada\u0107e protokola ICMP<\/p>\n<p>Protokol IP poku\u0161ava \u0161to je mogu\u0107e br\u017ee proslijediti paket od ishodi\u0161ta do odredi\u0161ta. Da bi bio \u0161to br\u017ei, nema ugra\u0111ene kontrolne sustave provjere je li podatak stigao na odredi\u0161te, dakle nema ugra\u0111en sustav kontrolnih poruka i poruka gre\u0161aka pri prijenosu.<\/p>\n<p>Taj posao obavlja protokol ICMP, pa se zato mo\u017ee smatrati potprotokolom protokola IP. Posao protokola ICMP je slanje kontrolnih poruka i poruka o pogre\u0161kama. Zbog toga se \u010desto rabi u dijagnosti\u010dke svrhe. On ne ispravlja pogre\u0161ke, ve\u0107 samo \u0161alje poruke o njima. ICMP poruke \u0161alju se ishodi\u0161nom ure\u0111aju enkapsulirane u IP zaglavlje.<\/p>\n<p><img loading=\"lazy\" class=\"irc_mi\" src=\"http:\/\/telescript.denayer.wenk.be\/~hcr\/cn\/idoceo\/images\/icmp_encap.gif\" alt=\"Slikovni rezultat za icmp message\" width=\"550\" height=\"213\"><\/p>\n<p>Zbog toga \u0161to su ICMP poruke enkapsulirane u IP zaglavlje, mo\u017ee do\u0107i do pogre\u0161ke u prijenosu paketa s ICMP porukom kao i svakog drugog paketa. Kako ne bi ICMP poruke javljale pogre\u0161ke o slanju ICMP poruka i da ne bi do\u0161lo do mo\u017eebitnog zagu\u0161enja porukama, pogre\u0161ke pri prijenosu ICMP poruka ne javljaju se novim ICMP porukama. To otvara mogu\u0107nost da neke pogre\u0161ke pri prijenosu paketa nikada ne budu dojavljene.<\/p>\n<p>Zaglavlje ICMP poruke:<\/p>\n<p><img src=\"https:\/\/encrypted-tbn0.gstatic.com\/images?q=tbn:ANd9GcTd2g_t4QnfhRTLNWO-r1__HmSd7WLG2Z6AcvSb_qghkcxnqRxj&amp;s\" alt=\"Slikovni rezultat za ICMP header\"><\/p>\n<p>Tip (8 bitova) &#8211; tip ICMP poruke<br \/>\nKod (8 bitova) &#8211; dodatna specifikacija ICMP poruke<br \/>\nProvjera ispravnosti prijenosa (16 bitova) &#8211; polje za provjeru pogre\u0161aka<br \/>\nOstale informacije &#8211; primjerice kod Echo Reply poruke upotrebljava se za ID vrijednost i redni broj paketa.<\/p>\n<p>Tipovi ICMP poruka:<\/p>\n<p>poruke gre\u0161ke (Destination Unreachable, Time Exceeded)<br \/>\nporuke zahtjeva i odgovora (Echo Request\/Echo Reply, Source Quench, Timestamp Request\/Timestamp Reply)<\/p>\n<p>Destionation unreachable &#8211; ure\u0111aj A \u0161alje poruke za ure\u0111aj u mre\u017ei Z. Paket sti\u017ee do usmjernika koji u svojoj usmjerni\u010dkoj tablici nema zapisan put do mre\u017ee Z i ne zna kamo poslati paket. U tom se slu\u010daju protokol IP na usmjerniku koristi protokolom ICMP za slanje poruke ure\u0111aju koji je poslao paket da je mre\u017ea Z nedostupna. Poruka da je mre\u017ea nedostupna mo\u017ee se poslati i ako je potrebna fragmentacija paketa na usmjerniku, a paket ne dopu\u0161ta fragmentaciju (kod=4).<\/p>\n<p>Time exceeded &#8211; poruka koja obavje\u0161tava ishodi\u0161ni ure\u0111aj da je TTL parametar u zaglavlju IP paketa sveden na vrijednost 0 (TTL se pri svakom prolazu kroz usmjernik smanji za 1). Ako poprimi vrijednost 0, usmjernik uni\u0161tava paket i \u0161alje ICMP poruku na ishodi\u0161nu adresu.<\/p>\n<p>Echo request\/Echo reply &#8211; dva specifi\u010dna ICMP tipa koja se upotrebljavaju u naredbama ping i traceroute. Ping je naredba kojom se ispituje logi\u010dka povezanost mre\u017enih ure\u0111aja. Naredbom Ping \u0161alje se ICMP poruka Echo request kojom se tra\u017ei da se ure\u0111aj na navedenoj IP adresi javi. Ako povezanost izme\u0111u ure\u0111aja postoji te su ispravno konfigurirani za rad na protokolu TCP\/IP, pozivani \u0107e ure\u0111aj odgovoriti sa porukom Echo reply.<\/p>\n<p>Source quench &#8211; poruke kojima se spre\u010dava zagu\u0161enje u mre\u017ei. Primjer mogu\u0107eg zagu\u0161enja je povezanost brze LAN veze i spore WAN veze. Ako je mnogo ra\u010dunala u lokalnoj mre\u017ei spojeno brzim vezama i ve\u0107ina \u017eeli istodobno iza\u0107i iz mre\u017ee preko lokalnog usmjernika koji je spojen na sporu WAN liniju koja ne mo\u017ee procesuriati sve prido\u0161le pakete, da ne bi do\u0161lo do gubljenja paketa, usmjernik \u0161alje ICMP source quench poruku ure\u0111ajima u LAN mre\u017ei neka uspore slanje paketa da ne bi do\u0161lo do zagu\u0161enja (tip 4).<\/p>\n<p>Timestamp Request i Reply &#8211; poruke pomo\u0107u kojih jedan ure\u0111aj mo\u017ee tra\u017eiti trenuta\u010dno vrijeme od udaljenog ure\u0111aja. Udaljeni ure\u0111aj koristi se ICMP timestamp reply porukom da bi odgovorio na zahtjev.<\/p>\n<p>Naredba ping (Packet Internet Grouper)<\/p>\n<p>Osnovni alat za provjeru postojanja veze izme\u0111u dva ure\u0111aja u mre\u017ei i rje\u0161avanje problema ako s vezom ne\u0161to nije u redu. Naredba Ping \u0161alje ICMP poruke &#8211; echo request do odredi\u0161nog ure\u0111aja. Ako je veza ispravna, odredi\u0161ni \u0107e ure\u0111aj primiti ICMP poruke i na njih odgovoriti porukom echo response. Ping paket obi\u010dno sadr\u017eava 32 ili 64 okteta podataka. Ako ure\u0111aj koji \u0161alje zahtjev primi odgovor u odre\u0111enom vremenu, veza izme\u0111u dva ure\u0111aja je ispravna. To zna\u010di da su svi mre\u017eni ure\u0111aji izme\u0111u ishodi\u0161nog i odredi\u0161nog ure\u0111aja ispravni i da su ispravno konfigurirani.<\/p>\n<p>Zna\u010dajke ping paketa su:<\/p>\n<ul>\n<li>svakom se paketu dodjeljuje broj te se tako mo\u017ee doznati koji se paket vratio ili je izgubljen,<\/li>\n<li>svakom se paketu dodaje vremenska oznaka (timestamp) pomo\u0107u koje se mo\u017ee izra\u010dunati koliko je vremena trebalo paketu da se vrati (RTT &#8211; round trip time).<\/li>\n<\/ul>\n<p>Osnovna sintaksa naredbe ping je ping &lt;ip adresa&gt;. Upotrebljavaju se i dodatne opcije koje variraju ovisno o operacijskom sustavu. Na slici&nbsp;su prikazani slu\u010dajevi kori\u0161tenja naredbe ping ako veza izme\u0111u dva ure\u0111aja u mre\u017ei nije ispravna (poslani paketi se nisu vratili u predvi\u0111enom vremenu), te za slu\u010daj ispravne veze:<\/p>\n<p><img src=\"https:\/\/encrypted-tbn0.gstatic.com\/images?q=tbn:ANd9GcSqn5fXUQSjGAzJm9_aPuDkCXbOaCMYDpJHkNScxkQhnYGtYEvVzw&amp;s\" alt=\"Slikovni rezultat za ping command examples\"><\/p>\n<p>&nbsp;<\/p>\n<p>bytes=32 zna\u010di da su poslana i vratila se \u010detiri paketa du\u017eine 32 okteta<\/p>\n<p>Time pokazuje vrijeme koje je bilo potrebno da ICMP paketi do\u0111u do odredi\u0161ta i da se vrate. To je zapravo vrijeme odziva koje se naziva RTT (Round Trip Time)<\/p>\n<p>TTL je parametar koji odre\u0111uje vrijeme \u017eivota paketa odnosno odre\u0111uje kroz koliko mre\u017ea (usmjernika) mo\u017ee paket pro\u0107i prije nego \u0161to \u0107e biti uni\u0161ten. TTL je za\u0161tita od paketa koji zbog raznih razloga po\u010dinju beskona\u010dno kru\u017eiti mre\u017eom i ne mogu na\u0107i odredi\u0161te. Da takvi paketi ne bi smetali u mre\u017ei, svaki paket ima vrijeme \u017eivota u kojemu mora sti\u0107i do cilja.<\/p>\n<p>Na kraju izvje\u0161taja je statistika koja nam govori koliko je paketa poslano i koliko se vratilo, najkra\u0107e i najdu\u017ee vrijeme puta paketa do odredi\u0161ta i nazad te ukupno srednje vrijeme.<\/p>\n<p>Naredba traceroute<\/p>\n<p>Traceroute naredbom ili njezinom varijacijom, ovisno o operativnom sustavu, dobije se informacija o \u010dvorovima kroz koje paket prolazi od ishodi\u0161ta do odredi\u0161ta. Upotrebljava iste tipove ICMP paketa kao i naredba ping, samo na ne\u0161to druga\u010diji na\u010din.<\/p>\n<p>Tracerout naredbom \u0161alje se niz od tri ICMP paketa koji imaju IP adresu odredi\u0161nog ure\u0111aja. Prvo se \u0161alje niz ICMP paketa s vrijedno\u0161\u0107u TTL parametra 1. Prvi usmjernik na koji ICMP paket do\u0111e smanjit \u0107e TTL vrijednost za 1. Budu\u0107i da \u0107e TTL vrijednost postati nula, paket \u0107e biti uni\u0161ten i bit \u0107e vra\u0107ena ICMP poruka pogre\u0161ke. Slijede\u0107i \u0107e niz paketa imati postavljenu TTL vrijednost u 2. U ovom \u0107e slu\u010daju TTL vrijednost do\u0107i na nulu na drugom usmjerniku. Drugi \u0107e usmjernik tako\u0111er uni\u0161titi paket i vratiti poruku pogre\u0161ke. Ovaj se proces nastavlja (ICMP paketi \u0161alju se s inkrementiranjem TTL parametara) sve dok paket ne stigne na odredi\u0161te i po\u0161alje ICMP poruku. Na taj se na\u010din dobiju poruke od svih usmjernika kroz koje paket prolazi do odredi\u0161ta.<\/p>\n<p>Traceroute se koristi ICMP porukama za stvaranje popisa ure\u0111aja kroz koje paketi prolaze do odredi\u0161ta. Tracerout \u0161alje tri puta uzastopno ICMP pakete do svakog usmjernika na putu do odredi\u0161nog \u010dvora i daje informaciju o RTT-u, odnosno o vremenu odziva za svakog od njih.<\/p>\n<p>Naredba tracert korisna je kod rje\u0161avanja problema u mre\u017ei jer se pomo\u0107u nje mo\u017ee utvrditi na kojem je dijelu mre\u017ee (usmjerniku) pukla veza i gdje treba tra\u017eiti rje\u0161enje problema.<\/p>\n<p>Osnovna sintaksa naredbe: tracert &lt;ip adresa&gt;<\/p>\n<p><img src=\"https:\/\/encrypted-tbn0.gstatic.com\/images?q=tbn:ANd9GcSQpk6xLqGsysEhRNuW2hUPaqX4ATROeIwxO_Zkxv3_2QH5oGa_5g&amp;s\" alt=\"Slikovni rezultat za tracert command examples\"><\/p>\n<p><img src=\"https:\/\/i2.wp.com\/4.bp.blogspot.com\/-dz9dghHK0HY\/WdkJ3ZQw0AI\/AAAAAAAAR14\/jDhk_87IY5MHNVUtg-B08B82CA6M5guWACLcBGAs\/s1600\/2.png?w=584&amp;ssl=1\"><\/p>\n<p><a href=\"https:\/\/www.hackingarticles.in\/understanding-guide-icmp-protocol-wireshark\/\" target=\"_blank\" rel=\"noopener\">ICMP paketi s EchoRequest\/Reply porukama pomo\u0107u alata za pra\u0107enje podataka<\/a><\/p>\n<p><a href=\"https:\/\/www.wikihow.com\/Calculate-Network-and-Broadcast-Address\" target=\"_blank\" rel=\"noopener\">Kako izra\u010dunati mre\u017enu i broadcast adresu<\/a><\/p>\n<h3>4.6. ARP (Address Resolution Protocol)<\/h3>\n<p>Da bi ra\u010dunalo poslalo Ethernet okvir prema odredi\u0161tu, prvo mora saznati fizi\u010dku adresu mre\u017ene kartice odredi\u0161nog ure\u0111aja. Ra\u010dunalo zna odredi\u0161nu IP adresu, ali to je logi\u010dka adresa ure\u0111aja na mre\u017enom sloju. Kako bismo saznali fizi\u010dku adresu ure\u0111aja (MAC adresa) kojemu \u017eelimo proslijediti okvir na temelju logi\u010dke adrese (IP adresa), poma\u017ee na protokol koji se naziva ARP.<\/p>\n<p>Proces komunikacije odvija se tako \u0161to ra\u010dunalo kada sazna IP adresu odredi\u0161ta, na mre\u017eu \u0161alje ARP zahtjev (ARP Request). Ovaj je zahtjev sastavni dio protokola ARP i doslovno zna\u010di &#8220;Neka mi se javi ra\u010dunalo s IP adresom &#8230;. i dostavi mi svoju MAC adresu.&#8221; Ra\u010dunalo s IP adresom navedenom u ARP zahtjevu \u0161alje kao ARP odgovor (ARP Reply) svoju MAC adresu koju potom ra\u010dunalo koje je slalo ARP zahtjev zapisuje u Ethernet okvir te ga proslje\u0111uje na mre\u017eu.<\/p>\n<p>ARP poruke su broadcast poruke \u0161to zna\u010di da ih primaju sva ra\u010dunala na mre\u017enom segmentu. Ove poruke ne prelaze usmjernik. Ako je komunikacija namijenjena ra\u010dunalu izvan lokalne mre\u017ee, ra\u010dunalo \u0107e morati proslijediti paket svom standardnom izlazu (Default Gateway) i samim time slati ARP zahtjev s fizi\u010dkom adresom standardnog izlaza.&nbsp;<\/p>\n<p>Kada prime ARP odgovor, ra\u010dunala rezultat zapisuju u privremenu memoriju (ARP Cache) te u slu\u010daju da moraju ponovno slati okvir istom ra\u010dunalu, MAC adresu odredi\u0161ta o\u010ditavaju iz memorije i ne \u0161alju ARP zahtjev.<\/p>\n<p>Ethernet jednako definira broadcast fizi\u010dku adresu koja je namijenjena za slu\u010dajeve kada sva ra\u010dunala u lokalnoj mre\u017ei moraju primiti okvir. Ova je adresa zapisana heksadecimalno ffff.ffff.ffff.ffff.<\/p>\n<p><img src=\"https:\/\/microchip.wikidot.com\/local--files\/tcpip:arp\/arp_request.png\" alt=\"arp_request.png\"><\/p>\n<p>&nbsp;<\/p>\n<p><img src=\"https:\/\/microchip.wikidot.com\/local--files\/tcpip:arp\/arp_response.png\" alt=\"arp_response.png\"><\/p>\n<p><a href=\"https:\/\/microchipdeveloper.com\/tcpip:arp\" target=\"_blank\" rel=\"noopener\">ARP<\/a><\/p>\n<p><img src=\"https:\/\/lastmomentlearning.files.wordpress.com\/2017\/06\/ar1.jpg?w=700\" alt=\"ar1\"><\/p>\n<p><a href=\"https:\/\/lastmomentlearning.wordpress.com\/2017\/06\/19\/what-is-arp-and-arp-spoofingarp-cache-poisoning\/\" target=\"_blank\" rel=\"noopener\">ARP Protocol<\/a><\/p>\n<p><img src=\"https:\/\/encrypted-tbn0.gstatic.com\/images?q=tbn:ANd9GcRpQdcv_Gy8Louakt4L5iT3ocF-ifU5SU7s_-MQ8HgVF91bi254sw&amp;s\" alt=\"Slikovni rezultat za arp message\"><\/p>\n<p>ARP poruka<\/p>\n<p>Ako ra\u010dunalo 1 \u017eeli poslati podatke ra\u010dunalu 2 koje se nalazi na istom mre\u017enom segmentu logi\u010dke mre\u017ee, prije slanja podataka mre\u017ena kartica ra\u010dunala 1 mora enkapsulirati paket u okvir i poslati ga na medij za prijenos podataka. Da bi okvir bio ispravno popunjen, potrebno je upisati odredi\u0161nu fizi\u010dku adresu (MAC adresu).<\/p>\n<p>Ra\u010dunalo 1 zna samo IP adresu ra\u010dunala 2. IP adresa je logi\u010dka adresa i ona nije dovoljna za pronala\u017eenje mre\u017ene kartice ra\u010dunala 2. Posao protokola ARP je saznati fizi\u010dku adresu na temelju logi\u010dke adrese. Ra\u010dunalo prvo potra\u017ei IP adresu u ARP spremniku&nbsp; (ARP Cache) i ako je na\u0111e, pro\u010dita MAC adresu i \u0161alje okvir prema odredi\u0161tu.<\/p>\n<p>&nbsp;<img src=\"http:\/\/www.techiesguide.com\/wp-content\/uploads\/2011\/08\/How-to-clear-arp-cache-01.png\" alt=\"How to clear arp cache\"><\/p>\n<p>Ako se IP adresa ne nalazi u ARP spremniku, protokol ARP \u0161alje na mre\u017eni segment okvir s broadcast upitom (ff-ff-ff-ff-ff-ff) u kojemu tra\u017ei da mu ra\u010dunalo koje ima odre\u0111enu IP adresu po\u0161alje svoju MAC adresu. Ra\u010dunalo 2 zna da je rije\u010d o ARP upitu po broju u polju tip protokola u Ethernet zaglavlju.<\/p>\n<p>Kada ra\u010dunalo 2 po\u0161alje svoju MAC adresu ra\u010dunalu 1, tada ra\u010dunalo 1 mo\u017ee poslati paket enkapsuliran u okvir s odredi\u0161nom MAC adresom ra\u010dunala 2. Tip u Ethernet zaglavlju sada je promijenjen. IP adresa i pripadaju\u0107a MAC adresa privremeno se pohranjuju u ARP spremnik da se za slijede\u0107i paket s istom odredi\u0161nom IP adresom ne bi morao ponovo slati ARP zahtjev. ARP zahtjev \u0161alje se samo ako IP adrese nema u ARP spremniku.<\/p>\n","protected":false},"excerpt":{"rendered":"<p>Fragmentiranje paketa Neke mre\u017ee imaju ograni\u010denje na veli\u010dinu paketa. Maksimalna veli\u010dina paketa definirana je parametrom koji se zove MTU (Maximum Transmission Unit). MTU je zadan na podatkovnom sloju modela OSI i to se ograni\u010denje prenosi na mre\u017eni sloj. Ako je paket ve\u0107i od dopu\u0161tene veli\u010dine, mora se fragmentirati na manje pakete. &nbsp; Npr. usmjernik R1 &hellip; <a href=\"http:\/\/kristinka-blazeka-blog.from.hr\/?page_id=913\" class=\"more-link\">Nastavi \u010ditati <span class=\"screen-reader-text\">Fragmentiranje, ICMP, ARP<\/span> <span class=\"meta-nav\">&rarr;<\/span><\/a><\/p>\n","protected":false},"author":1263,"featured_media":0,"parent":0,"menu_order":0,"comment_status":"closed","ping_status":"closed","template":"","meta":{"ngg_post_thumbnail":0},"yoast_head":"<!-- This site is optimized with the Yoast SEO plugin v17.5 - https:\/\/yoast.com\/wordpress\/plugins\/seo\/ -->\n<meta name=\"robots\" content=\"index, follow, max-snippet:-1, max-image-preview:large, max-video-preview:-1\" \/>\n<link rel=\"canonical\" href=\"http:\/\/kristinka-blazeka-blog.from.hr\/?page_id=913\" \/>\n<meta property=\"og:locale\" content=\"hr_HR\" \/>\n<meta property=\"og:type\" content=\"article\" \/>\n<meta property=\"og:title\" content=\"Fragmentiranje, ICMP, ARP - learning creative&amp;openminded\" \/>\n<meta property=\"og:description\" content=\"Fragmentiranje paketa Neke mre\u017ee imaju ograni\u010denje na veli\u010dinu paketa. Maksimalna veli\u010dina paketa definirana je parametrom koji se zove MTU (Maximum Transmission Unit). MTU je zadan na podatkovnom sloju modela OSI i to se ograni\u010denje prenosi na mre\u017eni sloj. Ako je paket ve\u0107i od dopu\u0161tene veli\u010dine, mora se fragmentirati na manje pakete. &nbsp; Npr. usmjernik R1 &hellip; Nastavi \u010ditati Fragmentiranje, ICMP, ARP &rarr;\" \/>\n<meta property=\"og:url\" content=\"http:\/\/kristinka-blazeka-blog.from.hr\/?page_id=913\" \/>\n<meta property=\"og:site_name\" content=\"learning creative&amp;openminded\" \/>\n<meta property=\"article:modified_time\" content=\"2024-09-29T14:06:22+00:00\" \/>\n<meta property=\"og:image\" content=\"https:\/\/www.gatevidyalay.com\/wp-content\/uploads\/2018\/09\/IP-Fragmentation-Example-01-Fragments.png\" \/>\n<meta name=\"twitter:card\" content=\"summary\" \/>\n<meta name=\"twitter:label1\" content=\"Procijenjeno vrijeme \u010ditanja\" \/>\n\t<meta name=\"twitter:data1\" content=\"10 minuta\" \/>\n<script type=\"application\/ld+json\" class=\"yoast-schema-graph\">{\"@context\":\"https:\/\/schema.org\",\"@graph\":[{\"@type\":\"WebSite\",\"@id\":\"http:\/\/kristinka-blazeka-blog.from.hr\/#website\",\"url\":\"http:\/\/kristinka-blazeka-blog.from.hr\/\",\"name\":\"learning creative&amp;openminded\",\"description\":\"\\u201cFirst learn computer science and all the theory. Next develop a programming style. Then forget all that and just hack.\\u201d - George Carrette\",\"potentialAction\":[{\"@type\":\"SearchAction\",\"target\":{\"@type\":\"EntryPoint\",\"urlTemplate\":\"http:\/\/kristinka-blazeka-blog.from.hr\/?s={search_term_string}\"},\"query-input\":\"required name=search_term_string\"}],\"inLanguage\":\"hr\"},{\"@type\":\"ImageObject\",\"@id\":\"http:\/\/kristinka-blazeka-blog.from.hr\/?page_id=913#primaryimage\",\"inLanguage\":\"hr\",\"url\":\"https:\/\/www.gatevidyalay.com\/wp-content\/uploads\/2018\/09\/IP-Fragmentation-Example-01-Fragments.png\",\"contentUrl\":\"https:\/\/www.gatevidyalay.com\/wp-content\/uploads\/2018\/09\/IP-Fragmentation-Example-01-Fragments.png\"},{\"@type\":\"WebPage\",\"@id\":\"http:\/\/kristinka-blazeka-blog.from.hr\/?page_id=913#webpage\",\"url\":\"http:\/\/kristinka-blazeka-blog.from.hr\/?page_id=913\",\"name\":\"Fragmentiranje, ICMP, ARP - learning creative&amp;openminded\",\"isPartOf\":{\"@id\":\"http:\/\/kristinka-blazeka-blog.from.hr\/#website\"},\"primaryImageOfPage\":{\"@id\":\"http:\/\/kristinka-blazeka-blog.from.hr\/?page_id=913#primaryimage\"},\"datePublished\":\"2019-11-16T22:03:49+00:00\",\"dateModified\":\"2024-09-29T14:06:22+00:00\",\"breadcrumb\":{\"@id\":\"http:\/\/kristinka-blazeka-blog.from.hr\/?page_id=913#breadcrumb\"},\"inLanguage\":\"hr\",\"potentialAction\":[{\"@type\":\"ReadAction\",\"target\":[\"http:\/\/kristinka-blazeka-blog.from.hr\/?page_id=913\"]}]},{\"@type\":\"BreadcrumbList\",\"@id\":\"http:\/\/kristinka-blazeka-blog.from.hr\/?page_id=913#breadcrumb\",\"itemListElement\":[{\"@type\":\"ListItem\",\"position\":1,\"name\":\"Home\",\"item\":\"http:\/\/kristinka-blazeka-blog.from.hr\/\"},{\"@type\":\"ListItem\",\"position\":2,\"name\":\"Fragmentiranje, ICMP, ARP\"}]}]}<\/script>\n<!-- \/ Yoast SEO plugin. -->","yoast_head_json":{"robots":{"index":"index","follow":"follow","max-snippet":"max-snippet:-1","max-image-preview":"max-image-preview:large","max-video-preview":"max-video-preview:-1"},"canonical":"http:\/\/kristinka-blazeka-blog.from.hr\/?page_id=913","og_locale":"hr_HR","og_type":"article","og_title":"Fragmentiranje, ICMP, ARP - learning creative&amp;openminded","og_description":"Fragmentiranje paketa Neke mre\u017ee imaju ograni\u010denje na veli\u010dinu paketa. Maksimalna veli\u010dina paketa definirana je parametrom koji se zove MTU (Maximum Transmission Unit). MTU je zadan na podatkovnom sloju modela OSI i to se ograni\u010denje prenosi na mre\u017eni sloj. Ako je paket ve\u0107i od dopu\u0161tene veli\u010dine, mora se fragmentirati na manje pakete. &nbsp; Npr. usmjernik R1 &hellip; Nastavi \u010ditati Fragmentiranje, ICMP, ARP &rarr;","og_url":"http:\/\/kristinka-blazeka-blog.from.hr\/?page_id=913","og_site_name":"learning creative&amp;openminded","article_modified_time":"2024-09-29T14:06:22+00:00","og_image":[{"url":"https:\/\/www.gatevidyalay.com\/wp-content\/uploads\/2018\/09\/IP-Fragmentation-Example-01-Fragments.png"}],"twitter_card":"summary","twitter_misc":{"Procijenjeno vrijeme \u010ditanja":"10 minuta"},"schema":{"@context":"https:\/\/schema.org","@graph":[{"@type":"WebSite","@id":"http:\/\/kristinka-blazeka-blog.from.hr\/#website","url":"http:\/\/kristinka-blazeka-blog.from.hr\/","name":"learning creative&amp;openminded","description":"\u201cFirst learn computer science and all the theory. Next develop a programming style. Then forget all that and just hack.\u201d - George Carrette","potentialAction":[{"@type":"SearchAction","target":{"@type":"EntryPoint","urlTemplate":"http:\/\/kristinka-blazeka-blog.from.hr\/?s={search_term_string}"},"query-input":"required name=search_term_string"}],"inLanguage":"hr"},{"@type":"ImageObject","@id":"http:\/\/kristinka-blazeka-blog.from.hr\/?page_id=913#primaryimage","inLanguage":"hr","url":"https:\/\/www.gatevidyalay.com\/wp-content\/uploads\/2018\/09\/IP-Fragmentation-Example-01-Fragments.png","contentUrl":"https:\/\/www.gatevidyalay.com\/wp-content\/uploads\/2018\/09\/IP-Fragmentation-Example-01-Fragments.png"},{"@type":"WebPage","@id":"http:\/\/kristinka-blazeka-blog.from.hr\/?page_id=913#webpage","url":"http:\/\/kristinka-blazeka-blog.from.hr\/?page_id=913","name":"Fragmentiranje, ICMP, ARP - learning creative&amp;openminded","isPartOf":{"@id":"http:\/\/kristinka-blazeka-blog.from.hr\/#website"},"primaryImageOfPage":{"@id":"http:\/\/kristinka-blazeka-blog.from.hr\/?page_id=913#primaryimage"},"datePublished":"2019-11-16T22:03:49+00:00","dateModified":"2024-09-29T14:06:22+00:00","breadcrumb":{"@id":"http:\/\/kristinka-blazeka-blog.from.hr\/?page_id=913#breadcrumb"},"inLanguage":"hr","potentialAction":[{"@type":"ReadAction","target":["http:\/\/kristinka-blazeka-blog.from.hr\/?page_id=913"]}]},{"@type":"BreadcrumbList","@id":"http:\/\/kristinka-blazeka-blog.from.hr\/?page_id=913#breadcrumb","itemListElement":[{"@type":"ListItem","position":1,"name":"Home","item":"http:\/\/kristinka-blazeka-blog.from.hr\/"},{"@type":"ListItem","position":2,"name":"Fragmentiranje, ICMP, ARP"}]}]}},"_links":{"self":[{"href":"http:\/\/kristinka-blazeka-blog.from.hr\/index.php?rest_route=\/wp\/v2\/pages\/913"}],"collection":[{"href":"http:\/\/kristinka-blazeka-blog.from.hr\/index.php?rest_route=\/wp\/v2\/pages"}],"about":[{"href":"http:\/\/kristinka-blazeka-blog.from.hr\/index.php?rest_route=\/wp\/v2\/types\/page"}],"author":[{"embeddable":true,"href":"http:\/\/kristinka-blazeka-blog.from.hr\/index.php?rest_route=\/wp\/v2\/users\/1263"}],"replies":[{"embeddable":true,"href":"http:\/\/kristinka-blazeka-blog.from.hr\/index.php?rest_route=%2Fwp%2Fv2%2Fcomments&post=913"}],"version-history":[{"count":20,"href":"http:\/\/kristinka-blazeka-blog.from.hr\/index.php?rest_route=\/wp\/v2\/pages\/913\/revisions"}],"predecessor-version":[{"id":3782,"href":"http:\/\/kristinka-blazeka-blog.from.hr\/index.php?rest_route=\/wp\/v2\/pages\/913\/revisions\/3782"}],"wp:attachment":[{"href":"http:\/\/kristinka-blazeka-blog.from.hr\/index.php?rest_route=%2Fwp%2Fv2%2Fmedia&parent=913"}],"curies":[{"name":"wp","href":"https:\/\/api.w.org\/{rel}","templated":true}]}}